{"id":698,"date":"2017-02-03T17:24:37","date_gmt":"2017-02-03T22:24:37","guid":{"rendered":"https:\/\/pdlaworlando.com\/imigracao\/"},"modified":"2024-06-29T13:35:17","modified_gmt":"2024-06-29T18:35:17","slug":"imigracao","status":"publish","type":"page","link":"https:\/\/pdlaworlando.com\/pt-br\/imigracao\/","title":{"rendered":"Imigra\u00e7\u00e3o"},"content":{"rendered":"<h1> <\/h1>\n","protected":false},"excerpt":{"rendered":"","protected":false},"author":1,"featured_media":612,"parent":0,"menu_order":0,"comment_status":"closed","ping_status":"closed","template":"","meta":{"_seopress_robots_primary_cat":"","_seopress_titles_title":"","_seopress_titles_desc":"O PD Law Firm \u00e9 especializado em leis de imigra\u00e7\u00e3o, oferecendo orienta\u00e7\u00e3o e representa\u00e7\u00e3o especializadas. Deixe que nossos advogados experientes ajudem voc\u00ea com suas necessidades de imigra\u00e7\u00e3o hoje mesmo.","_seopress_robots_index":"","footnotes":""},"class_list":["post-698","page","type-page","status-publish","has-post-thumbnail","hentry","entry","post-inner"],"_links":{"self":[{"href":"https:\/\/pdlaworlando.com\/pt-br\/wp-json\/wp\/v2\/pages\/698","targetHints":{"allow":["GET"]}}],"collection":[{"href":"https:\/\/pdlaworlando.com\/pt-br\/wp-json\/wp\/v2\/pages"}],"about":[{"href":"https:\/\/pdlaworlando.com\/pt-br\/wp-json\/wp\/v2\/types\/page"}],"author":[{"embeddable":true,"href":"https:\/\/pdlaworlando.com\/pt-br\/wp-json\/wp\/v2\/users\/1"}],"replies":[{"embeddable":true,"href":"https:\/\/pdlaworlando.com\/pt-br\/wp-json\/wp\/v2\/comments?post=698"}],"version-history":[{"count":2,"href":"https:\/\/pdlaworlando.com\/pt-br\/wp-json\/wp\/v2\/pages\/698\/revisions"}],"predecessor-version":[{"id":1273,"href":"https:\/\/pdlaworlando.com\/pt-br\/wp-json\/wp\/v2\/pages\/698\/revisions\/1273"}],"wp:featuredmedia":[{"embeddable":true,"href":"https:\/\/pdlaworlando.com\/pt-br\/wp-json\/wp\/v2\/media\/612"}],"wp:attachment":[{"href":"https:\/\/pdlaworlando.com\/pt-br\/wp-json\/wp\/v2\/media?parent=698"}],"curies":[{"name":"wp","href":"https:\/\/api.w.org\/{rel}","templated":true}]}}