{"id":710,"date":"2017-02-03T12:02:36","date_gmt":"2017-02-03T17:02:36","guid":{"rendered":"https:\/\/pdlaworlando.com\/negocios-comercial\/elaboracao-revisao-de-contratos\/"},"modified":"2023-08-18T08:04:31","modified_gmt":"2023-08-18T13:04:31","slug":"elaboracao-revisao-de-contratos","status":"publish","type":"page","link":"https:\/\/pdlaworlando.com\/pt-br\/elaboracao-revisao-de-contratos\/","title":{"rendered":"Elabora\u00e7\u00e3o\/revis\u00e3o de contratos"},"content":{"rendered":"<div class=\"wpb-content-wrapper\">[vc_row][vc_column][vc_column_text]Os contratos s\u00e3o documentos importantes que vinculam as partes num acordo. Todos os dias, pessoas e empresas celebram contratos. Na PD Law Firm, P.A. compreendemos que as pessoas e as empresas n\u00e3o s\u00e3o todas iguais e que os contratos de &#8220;tamanho \u00fanico&#8221; nem sempre funcionam. A PD Law Firm, P.A. pode ajud\u00e1-lo a si ou \u00e0 sua empresa a redigir contratos para qualquer transa\u00e7\u00e3o ou a rever contratos j\u00e1 existentes.<\/p>\n<p>No caso de surgirem lit\u00edgios contratuais, a PD Law Firm, P.A. tem os conhecimentos e a experi\u00eancia para o ajudar a obter os melhores resultados. Podemos explorar as solu\u00e7\u00f5es poss\u00edveis em caso de incumprimento do contrato:<\/p>\n<ul>\n<li>Danos monet\u00e1rios: a parte lesada pode pedir uma indemniza\u00e7\u00e3o monet\u00e1ria em caso de viola\u00e7\u00e3o do contrato. A indemniza\u00e7\u00e3o pecuni\u00e1ria visa colocar a parte lesada na posi\u00e7\u00e3o em que estaria se o contrato tivesse sido cumprido. As indemniza\u00e7\u00f5es pecuni\u00e1rias incluem os danos sofridos devido \u00e0 n\u00e3o execu\u00e7\u00e3o do contrato.<\/li>\n<li>Indemniza\u00e7\u00f5es compensat\u00f3rias: Os danos liquidados s\u00e3o os acordados no contrato em caso de incumprimento. Muitas vezes, os contratos incluem uma disposi\u00e7\u00e3o que especifica um montante de indemniza\u00e7\u00e3o a pagar \u00e0 parte lesada em caso de incumprimento.<\/li>\n<\/ul>\n<ul>\n<li>Execu\u00e7\u00e3o espec\u00edfica: Em determinadas situa\u00e7\u00f5es, as indemniza\u00e7\u00f5es pecuni\u00e1rias ou liquidadas n\u00e3o resolvem o incumprimento. A execu\u00e7\u00e3o espec\u00edfica imp\u00f5e a execu\u00e7\u00e3o do contrato e procura colocar a parte lesada na posi\u00e7\u00e3o em que estaria se o contrato tivesse sido cumprido. A execu\u00e7\u00e3o espec\u00edfica \u00e9 frequentemente a solu\u00e7\u00e3o nos contratos que envolvem a venda de bens \u00fanicos que n\u00e3o podem ser substitu\u00eddos, como obras de arte e bens im\u00f3veis, mas n\u00e3o num contrato de presta\u00e7\u00e3o de servi\u00e7os.<\/li>\n<\/ul>\n<p>Contacte-nos atrav\u00e9s do n\u00famero (407) 490-0696 ou utilizando o formul\u00e1rio \u00e0 direita para uma consulta sobre a elabora\u00e7\u00e3o e revis\u00e3o de contratos.[\/vc_column_text][\/vc_column][\/vc_row]\n<\/div>","protected":false},"excerpt":{"rendered":"<p>[vc_row][vc_column][vc_column_text]Os contratos s\u00e3o documentos importantes que vinculam as partes num acordo. Todos os dias, pessoas e empresas celebram contratos. Na PD Law Firm, P.A. compreendemos que as pessoas e as empresas n\u00e3o s\u00e3o todas iguais e que os contratos de &#8220;tamanho \u00fanico&#8221; nem sempre funcionam. A PD Law Firm, P.A. pode ajud\u00e1-lo a si ou \u00e0 sua empresa a redigir contratos para qualquer transa\u00e7\u00e3o ou a rever contratos j\u00e1 existentes. No caso de surgirem lit\u00edgios contratuais, a PD Law Firm, P.A. tem os conhecimentos e a experi\u00eancia para o ajudar a obter os melhores resultados. Podemos explorar as solu\u00e7\u00f5es poss\u00edveis em caso de incumprimento do contrato: Danos monet\u00e1rios: a parte lesada pode pedir uma indemniza\u00e7\u00e3o monet\u00e1ria em caso de viola\u00e7\u00e3o do contrato. A indemniza\u00e7\u00e3o pecuni\u00e1ria visa colocar a parte lesada na posi\u00e7\u00e3o em que estaria se o contrato tivesse sido cumprido. As indemniza\u00e7\u00f5es pecuni\u00e1rias incluem os danos sofridos devido \u00e0 n\u00e3o execu\u00e7\u00e3o do contrato. Indemniza\u00e7\u00f5es compensat\u00f3rias: Os danos liquidados s\u00e3o os acordados no contrato em caso de incumprimento. Muitas vezes, os contratos incluem uma disposi\u00e7\u00e3o que especifica um montante de indemniza\u00e7\u00e3o a pagar \u00e0 parte lesada em caso de incumprimento. Execu\u00e7\u00e3o espec\u00edfica: Em determinadas situa\u00e7\u00f5es, as indemniza\u00e7\u00f5es pecuni\u00e1rias ou liquidadas n\u00e3o resolvem o incumprimento. A execu\u00e7\u00e3o espec\u00edfica imp\u00f5e a execu\u00e7\u00e3o do contrato e procura colocar a parte lesada na posi\u00e7\u00e3o em que estaria se o contrato tivesse sido cumprido. A execu\u00e7\u00e3o espec\u00edfica \u00e9 frequentemente a solu\u00e7\u00e3o nos contratos que envolvem a venda de bens \u00fanicos que n\u00e3o podem ser substitu\u00eddos, como obras de arte e bens im\u00f3veis, mas n\u00e3o num contrato de presta\u00e7\u00e3o de servi\u00e7os. Contacte-nos atrav\u00e9s do n\u00famero (407) 490-0696 ou utilizando o formul\u00e1rio \u00e0 direita para uma consulta sobre a elabora\u00e7\u00e3o e revis\u00e3o de contratos.[\/vc_column_text][\/vc_column][\/vc_row]<\/p>\n","protected":false},"author":1,"featured_media":604,"parent":0,"menu_order":2,"comment_status":"closed","ping_status":"closed","template":"","meta":{"_seopress_robots_primary_cat":"","_seopress_titles_title":"Reda\u00e7\u00e3o e revis\u00e3o de contratos %%sep%% %%sitename%%","_seopress_titles_desc":"Os contratos s\u00e3o documentos importantes que vinculam as partes num acordo. Todos os dias, pessoas e empresas celebram contratos. No escrit\u00f3rio de advocacia PD, P.A.","_seopress_robots_index":"","footnotes":""},"class_list":["post-710","page","type-page","status-publish","has-post-thumbnail","hentry","entry","post-inner"],"_links":{"self":[{"href":"https:\/\/pdlaworlando.com\/pt-br\/wp-json\/wp\/v2\/pages\/710","targetHints":{"allow":["GET"]}}],"collection":[{"href":"https:\/\/pdlaworlando.com\/pt-br\/wp-json\/wp\/v2\/pages"}],"about":[{"href":"https:\/\/pdlaworlando.com\/pt-br\/wp-json\/wp\/v2\/types\/page"}],"author":[{"embeddable":true,"href":"https:\/\/pdlaworlando.com\/pt-br\/wp-json\/wp\/v2\/users\/1"}],"replies":[{"embeddable":true,"href":"https:\/\/pdlaworlando.com\/pt-br\/wp-json\/wp\/v2\/comments?post=710"}],"version-history":[{"count":2,"href":"https:\/\/pdlaworlando.com\/pt-br\/wp-json\/wp\/v2\/pages\/710\/revisions"}],"predecessor-version":[{"id":712,"href":"https:\/\/pdlaworlando.com\/pt-br\/wp-json\/wp\/v2\/pages\/710\/revisions\/712"}],"wp:featuredmedia":[{"embeddable":true,"href":"https:\/\/pdlaworlando.com\/pt-br\/wp-json\/wp\/v2\/media\/604"}],"wp:attachment":[{"href":"https:\/\/pdlaworlando.com\/pt-br\/wp-json\/wp\/v2\/media?parent=710"}],"curies":[{"name":"wp","href":"https:\/\/api.w.org\/{rel}","templated":true}]}}