{"id":713,"date":"2017-02-03T12:02:04","date_gmt":"2017-02-03T17:02:04","guid":{"rendered":"https:\/\/pdlaworlando.com\/negocios-comercial\/constituicao-de-empresas\/"},"modified":"2024-06-29T12:51:44","modified_gmt":"2024-06-29T17:51:44","slug":"constituicao-de-empresas","status":"publish","type":"page","link":"https:\/\/pdlaworlando.com\/pt-br\/constituicao-de-empresas\/","title":{"rendered":"Constitui\u00e7\u00e3o de empresas"},"content":{"rendered":"<div class=\"wpb-content-wrapper\">[vc_row][vc_column][vc_column_text]A estrutura que escolher para constituir a sua empresa ter\u00e1 um grande impacto no futuro da sua empresa. As diferentes estruturas afectar\u00e3o os impostos pagos, a responsabilidade e o controlo global da empresa.<\/p>\n<p>Na PD Law Firm, P.A. podemos gui\u00e1-lo atrav\u00e9s do processo de registo, forma\u00e7\u00e3o e organiza\u00e7\u00e3o da sua empresa que melhor se adapta aos seus objectivos gerais. Trabalhamos com profissionais das \u00e1reas de contabilidade e consultoria empresarial para o ajudar a iniciar o seu neg\u00f3cio da melhor forma.<\/p>\n<p>A PD Law Firm, P.A. ajud\u00e1-lo-\u00e1 a escolher o tipo de entidade empresarial (LLC, corpora\u00e7\u00e3o, parceria, s-corp, c-corp, etc.). Tamb\u00e9m elaboramos estatutos, contratos de sociedade e acordos operacionais que melhor se adaptam \u00e0s suas necessidades.<\/p>\n<p>Contacte a PD Law Firm, P.A. para o ajudar a iniciar o seu neg\u00f3cio e a preparar a sua empresa para o sucesso. Por favor, contacte-nos atrav\u00e9s do n\u00famero (407) 490-0696 ou utilizando o formul\u00e1rio \u00e0 direita para uma consulta sobre a constitui\u00e7\u00e3o de empresas.[\/vc_column_text][\/vc_column][\/vc_row]\n<\/div>","protected":false},"excerpt":{"rendered":"<p>[vc_row][vc_column][vc_column_text]A estrutura que escolher para constituir a sua empresa ter\u00e1 um grande impacto no futuro da sua empresa. As diferentes estruturas afectar\u00e3o os impostos pagos, a responsabilidade e o controlo global da empresa. Na PD Law Firm, P.A. podemos gui\u00e1-lo atrav\u00e9s do processo de registo, forma\u00e7\u00e3o e organiza\u00e7\u00e3o da sua empresa que melhor se adapta aos seus objectivos gerais. Trabalhamos com profissionais das \u00e1reas de contabilidade e consultoria empresarial para o ajudar a iniciar o seu neg\u00f3cio da melhor forma. A PD Law Firm, P.A. ajud\u00e1-lo-\u00e1 a escolher o tipo de entidade empresarial (LLC, corpora\u00e7\u00e3o, parceria, s-corp, c-corp, etc.). Tamb\u00e9m elaboramos estatutos, contratos de sociedade e acordos operacionais que melhor se adaptam \u00e0s suas necessidades. Contacte a PD Law Firm, P.A. para o ajudar a iniciar o seu neg\u00f3cio e a preparar a sua empresa para o sucesso. Por favor, contacte-nos atrav\u00e9s do n\u00famero (407) 490-0696 ou utilizando o formul\u00e1rio \u00e0 direita para uma consulta sobre a constitui\u00e7\u00e3o de empresas.[\/vc_column_text][\/vc_column][\/vc_row]<\/p>\n","protected":false},"author":1,"featured_media":604,"parent":0,"menu_order":1,"comment_status":"closed","ping_status":"closed","template":"","meta":{"_seopress_robots_primary_cat":"","_seopress_titles_title":"","_seopress_titles_desc":"A estrutura que escolher para constituir a sua empresa ter\u00e1 um grande impacto no futuro da sua empresa. As diferentes estruturas afectar\u00e3o os impostos pagos, a responsabilidade e o controlo global da empresa.","_seopress_robots_index":"","footnotes":""},"class_list":["post-713","page","type-page","status-publish","has-post-thumbnail","hentry","entry","post-inner"],"_links":{"self":[{"href":"https:\/\/pdlaworlando.com\/pt-br\/wp-json\/wp\/v2\/pages\/713","targetHints":{"allow":["GET"]}}],"collection":[{"href":"https:\/\/pdlaworlando.com\/pt-br\/wp-json\/wp\/v2\/pages"}],"about":[{"href":"https:\/\/pdlaworlando.com\/pt-br\/wp-json\/wp\/v2\/types\/page"}],"author":[{"embeddable":true,"href":"https:\/\/pdlaworlando.com\/pt-br\/wp-json\/wp\/v2\/users\/1"}],"replies":[{"embeddable":true,"href":"https:\/\/pdlaworlando.com\/pt-br\/wp-json\/wp\/v2\/comments?post=713"}],"version-history":[{"count":2,"href":"https:\/\/pdlaworlando.com\/pt-br\/wp-json\/wp\/v2\/pages\/713\/revisions"}],"predecessor-version":[{"id":725,"href":"https:\/\/pdlaworlando.com\/pt-br\/wp-json\/wp\/v2\/pages\/713\/revisions\/725"}],"wp:featuredmedia":[{"embeddable":true,"href":"https:\/\/pdlaworlando.com\/pt-br\/wp-json\/wp\/v2\/media\/604"}],"wp:attachment":[{"href":"https:\/\/pdlaworlando.com\/pt-br\/wp-json\/wp\/v2\/media?parent=713"}],"curies":[{"name":"wp","href":"https:\/\/api.w.org\/{rel}","templated":true}]}}