{"id":717,"date":"2017-02-01T16:31:45","date_gmt":"2017-02-01T21:31:45","guid":{"rendered":"https:\/\/pdlaworlando.com\/faq\/"},"modified":"2024-06-29T12:49:52","modified_gmt":"2024-06-29T17:49:52","slug":"faq","status":"publish","type":"page","link":"https:\/\/pdlaworlando.com\/pt-br\/faq\/","title":{"rendered":"FAQ"},"content":{"rendered":"<div class=\"wpb-content-wrapper\">[vc_row][vc_column width=&#8221;1\/2&#8243;][vc_column_text css=&#8221;.vc_custom_1488485461394{margin-bottom: 10px !important;}&#8221;]\n<h2>Penal<\/h2>\n[\/vc_column_text][vc_tta_accordion spacing=&#8221;2&#8243; gap=&#8221;25&#8243; active_section=&#8221;&#8221; collapsible_all=&#8221;true&#8221;][vc_tta_section title=&#8221;O que acontece depois de uma pessoa ser detida?&#8221; tab_id=&#8221;1488484872008-c2181651-d9ff&#8221;][vc_column_text]A pol\u00edcia efectua uma investiga\u00e7\u00e3o, redige relat\u00f3rios e remete o caso para o Procurador-Geral da Rep\u00fablica para efeitos de a\u00e7\u00e3o penal. Os procuradores analisam o caso e decidem acusar a pessoa de um crime ou n\u00e3o. O procurador tamb\u00e9m tem poder discricion\u00e1rio para decidir como acusar o caso: delito ou crime e quais as acusa\u00e7\u00f5es a apresentar.[\/vc_column_text][\/vc_tta_section][vc_tta_section title=&#8221;Preciso de um advogado de defesa criminal?&#8221; tab_id=&#8221;1488484872040-a1701ff0-e702&#8243;][vc_column_text]Um advogado de defesa criminal pode fazer uma grande diferen\u00e7a no seu caso. Um advogado experiente analisar\u00e1 os factos do seu caso e encontrar\u00e1 defesas que talvez n\u00e3o saiba que s\u00e3o poss\u00edveis. Um advogado tamb\u00e9m pode apresentar mo\u00e7\u00f5es para excluir determinadas provas se a pol\u00edcia n\u00e3o tiver seguido determinadas regras estabelecidas pela Constitui\u00e7\u00e3o dos Estados Unidos. Todas as pessoas est\u00e3o protegidas contra buscas ilegais e um advogado de defesa criminal pode ajud\u00e1-lo a fazer valer os seus direitos.[\/vc_column_text][\/vc_tta_section][vc_tta_section title=&#8221;A pessoa que chamou a pol\u00edcia n\u00e3o quer apresentar queixa, preciso de um advogado na mesma?&#8221; tab_id=&#8221;1488485141534-7f7ac5ef-3ba4&#8243;][vc_column_text]Em certos casos, sim. O Estado pode ainda processar um caso mesmo que a &#8220;v\u00edtima&#8221; n\u00e3o o queira fazer. O Estado pode acreditar que tem provas suficientes para o condenar e avan\u00e7ar\u00e1 na esperan\u00e7a de que entre num acordo de confiss\u00e3o. Em certos casos, o Estado pode tamb\u00e9m obrigar uma pessoa a testemunhar mesmo que n\u00e3o o deseje.[\/vc_column_text][\/vc_tta_section][vc_tta_section title=&#8221;Preciso de um advogado se for detido por conduzir embriagado?&#8221; tab_id=&#8221;1488485181833-0a5db976-0e73&#8243;][vc_column_text]Na Florida, a condu\u00e7\u00e3o sob o efeito do \u00e1lcool implica san\u00e7\u00f5es severas, incluindo pris\u00e3o, liberdade condicional e muitas penaliza\u00e7\u00f5es financeiras. Um advogado experiente em mat\u00e9ria de condu\u00e7\u00e3o sob o efeito do \u00e1lcool pode ajud\u00e1-lo a fazer valer os seus direitos. As leis sobre condu\u00e7\u00e3o sob o efeito do \u00e1lcool s\u00e3o complexas e um advogado com forma\u00e7\u00e3o conhece as nuances das leis e pode ajud\u00e1-lo a defender-se melhor.[\/vc_column_text][\/vc_tta_section][vc_tta_section title=&#8221;Se o arguido n\u00e3o for cidad\u00e3o dos EUA, como \u00e9 que o estatuto de imigrante ser\u00e1 afetado por uma deten\u00e7\u00e3o?&#8221; tab_id=&#8221;1488485236162-220af383-d5dc&#8221;][vc_column_text]Desde a elei\u00e7\u00e3o de Donald Trump como Presidente, qualquer condena\u00e7\u00e3o penal pode expor um n\u00e3o-cidad\u00e3o a consequ\u00eancias em mat\u00e9ria de imigra\u00e7\u00e3o. Algumas condena\u00e7\u00f5es penais podem ter consequ\u00eancias directas para a imigra\u00e7\u00e3o. e graves consequ\u00eancias para o estatuto de imigra\u00e7\u00e3o de uma pessoa, conduzindo frequentemente a processos de deporta\u00e7\u00e3o. Um advogado com forma\u00e7\u00e3o em leis de imigra\u00e7\u00e3o, bem como em direito penal, pode ajud\u00e1-lo a proteger-se melhor de poss\u00edveis consequ\u00eancias da imigra\u00e7\u00e3o.[\/vc_column_text][\/vc_tta_section][vc_tta_section title=&#8221;Como \u00e9 que se pode resolver um mandado de deten\u00e7\u00e3o?&#8221; tab_id=&#8221;1488485239110-acb887e0-7587&#8243;][vc_column_text]O esclarecimento de um mandado de captura pode ser efectuado de uma forma: comparecendo perante o tribunal que emitiu o mandado. Enquanto o mandado estiver no sistema, a pessoa pode ser detida por esse motivo em qualquer estado, em qualquer contacto com a pol\u00edcia ou ag\u00eancia governamental, e mesmo ao entrar nos Estados Unidos no aeroporto. A melhor forma de abordar este problema jur\u00eddico \u00e9 tomar medidas imediatas para esclarecer o mandado. O facto de se apresentar voluntariamente em tribunal pode muitas vezes evitar uma posterior pena de pris\u00e3o se a pessoa for efetivamente detida com base no mandado.[\/vc_column_text][\/vc_tta_section][vc_tta_section title=&#8221;Qualquer advogado serve?&#8221; tab_id=&#8221;1488485304475-e5dee66a-2531&#8243;][vc_column_text]Nem todos os advogados s\u00e3o iguais. Na PD Law Firm, P.A. temos anos de experi\u00eancia a representar milhares de clientes em processos criminais. Os nossos advogados compreendem que as consequ\u00eancias de uma condena\u00e7\u00e3o criminal afectam muito mais do que o arguido. As condena\u00e7\u00f5es penais afectam as fam\u00edlias, as perspectivas de emprego, a habita\u00e7\u00e3o, etc. Para os n\u00e3o cidad\u00e3os, \u00e9 muito importante contratar um advogado que entenda de imigra\u00e7\u00e3o, bem como de direito penal, para evitar consequ\u00eancias indesejadas. Na PD Law Firm, P.A. temos a experi\u00eancia em imigra\u00e7\u00e3o e direito criminal necess\u00e1ria para representar aqueles que enfrentam acusa\u00e7\u00f5es criminais.[\/vc_column_text][\/vc_tta_section][\/vc_tta_accordion][\/vc_column][vc_column width=&#8221;1\/2&#8243;][vc_column_text css=&#8221;.vc_custom_1488485524282{margin-bottom: 10px !important;}&#8221;]\n<h2>Imigra\u00e7\u00e3o<\/h2>\n[\/vc_column_text][vc_tta_accordion spacing=&#8221;2&#8243; gap=&#8221;25&#8243; active_section=&#8221;&#8221; collapsible_all=&#8221;true&#8221;][vc_tta_section title=&#8221;Preciso de um advogado de imigra\u00e7\u00e3o?&#8221; tab_id=&#8221;1488485529062-ab3dc727-0fdc&#8221;][vc_column_text]As leis de imigra\u00e7\u00e3o dos EUA s\u00e3o muito complexas e pode ser dif\u00edcil saber qual \u00e9 o melhor visto ou autoriza\u00e7\u00e3o a solicitar. Desde que Donald Trump foi eleito Presidente, os regulamentos sobre imigra\u00e7\u00e3o est\u00e3o a mudar rapidamente e s\u00e3o muitas vezes imprevis\u00edveis. Um advogado pode analisar o seu caso para decidir a melhor abordagem, o que pode poupar-lhe dinheiro e tempo. Pedir o visto errado, preencher incorretamente os formul\u00e1rios e n\u00e3o fornecer a documenta\u00e7\u00e3o necess\u00e1ria pode causar atrasos graves e at\u00e9 recusas.[\/vc_column_text][\/vc_tta_section][vc_tta_section title=&#8221;Porqu\u00ea advogados e n\u00e3o consultores de imigra\u00e7\u00e3o?&#8221; tab_id=&#8221;1488485529163-0dca3f9f-ac33&#8243;][vc_column_text]Os processos de imigra\u00e7\u00e3o podem ter consequ\u00eancias que ultrapassam o \u00e2mbito da pr\u00f3pria imigra\u00e7\u00e3o. A imigra\u00e7\u00e3o pode afetar e \u00e9 afetada pela fam\u00edlia, finan\u00e7as, emprego, sa\u00fade, neg\u00f3cios, etc. Os advogados da PD Law Firm, P.A. est\u00e3o totalmente licenciados para exercer a advocacia e t\u00eam forma\u00e7\u00e3o noutras \u00e1reas do direito, para al\u00e9m da imigra\u00e7\u00e3o.<\/p>\n<p>Muitas pessoas que contrataram &#8220;not\u00e1rios&#8221; e consultores v\u00eam ter connosco para resolver problemas causados por pedidos e documenta\u00e7\u00e3o incorretamente apresentados. Na PD Law Firm, P.A. somos treinados em leis de imigra\u00e7\u00e3o e entendemos que nem todas as situa\u00e7\u00f5es s\u00e3o iguais. Servimos cada cliente individualmente, comunicando e compreendendo a sua situa\u00e7\u00e3o.[\/vc_column_text][\/vc_tta_section][vc_tta_section title=&#8221;Podem garantir que a minha candidatura ser\u00e1 aceite?&#8221; tab_id=&#8221;1488485529270-81c1b167-47be&#8221;][vc_column_text]N\u00e3o. Nenhum advogado honesto pode dar este tipo de garantia. Temos uma taxa muito elevada de sucesso com os nossos pedidos e podemos prometer que trabalharemos arduamente no seu caso.[\/vc_column_text][\/vc_tta_section][\/vc_tta_accordion][\/vc_column][\/vc_row]\n<\/div>","protected":false},"excerpt":{"rendered":"<p>[vc_row][vc_column width=&#8221;1\/2&#8243;][vc_column_text css=&#8221;.vc_custom_1488485461394{margin-bottom: 10px !important;}&#8221;] Penal [\/vc_column_text][vc_tta_accordion spacing=&#8221;2&#8243; gap=&#8221;25&#8243; active_section=&#8221;&#8221; collapsible_all=&#8221;true&#8221;][vc_tta_section title=&#8221;O que acontece depois de uma pessoa ser detida?&#8221; tab_id=&#8221;1488484872008-c2181651-d9ff&#8221;][vc_column_text]A pol\u00edcia efectua uma investiga\u00e7\u00e3o, redige relat\u00f3rios e remete o caso para o Procurador-Geral da Rep\u00fablica para efeitos de a\u00e7\u00e3o penal. Os procuradores analisam o caso e decidem acusar a pessoa de um crime ou n\u00e3o. O procurador tamb\u00e9m tem poder discricion\u00e1rio para decidir como acusar o caso: delito ou crime e quais as acusa\u00e7\u00f5es a apresentar.[\/vc_column_text][\/vc_tta_section][vc_tta_section title=&#8221;Preciso de um advogado de defesa criminal?&#8221; tab_id=&#8221;1488484872040-a1701ff0-e702&#8243;][vc_column_text]Um advogado de defesa criminal pode fazer uma grande diferen\u00e7a no seu caso. Um advogado experiente analisar\u00e1 os factos do seu caso e encontrar\u00e1 defesas que talvez n\u00e3o saiba que s\u00e3o poss\u00edveis. Um advogado tamb\u00e9m pode apresentar mo\u00e7\u00f5es para excluir determinadas provas se a pol\u00edcia n\u00e3o tiver seguido determinadas regras estabelecidas pela Constitui\u00e7\u00e3o dos Estados Unidos. Todas as pessoas est\u00e3o protegidas contra buscas ilegais e um advogado de defesa criminal pode ajud\u00e1-lo a fazer valer os seus direitos.[\/vc_column_text][\/vc_tta_section][vc_tta_section title=&#8221;A pessoa que chamou a pol\u00edcia n\u00e3o quer apresentar queixa, preciso de um advogado na mesma?&#8221; tab_id=&#8221;1488485141534-7f7ac5ef-3ba4&#8243;][vc_column_text]Em certos casos, sim. O Estado pode ainda processar um caso mesmo que a &#8220;v\u00edtima&#8221; n\u00e3o o queira fazer. O Estado pode acreditar que tem provas suficientes para o condenar e avan\u00e7ar\u00e1 na esperan\u00e7a de que entre num acordo de confiss\u00e3o. Em certos casos, o Estado pode tamb\u00e9m obrigar uma pessoa a testemunhar mesmo que n\u00e3o o deseje.[\/vc_column_text][\/vc_tta_section][vc_tta_section title=&#8221;Preciso de um advogado se for detido por conduzir embriagado?&#8221; tab_id=&#8221;1488485181833-0a5db976-0e73&#8243;][vc_column_text]Na Florida, a condu\u00e7\u00e3o sob o efeito do \u00e1lcool implica san\u00e7\u00f5es severas, incluindo pris\u00e3o, liberdade condicional e muitas penaliza\u00e7\u00f5es financeiras. Um advogado experiente em mat\u00e9ria de condu\u00e7\u00e3o sob o efeito do \u00e1lcool pode ajud\u00e1-lo a fazer valer os seus direitos. As leis sobre condu\u00e7\u00e3o sob o efeito do \u00e1lcool s\u00e3o complexas e um advogado com forma\u00e7\u00e3o conhece as nuances das leis e pode ajud\u00e1-lo a defender-se melhor.[\/vc_column_text][\/vc_tta_section][vc_tta_section title=&#8221;Se o arguido n\u00e3o for cidad\u00e3o dos EUA, como \u00e9 que o estatuto de imigrante ser\u00e1 afetado por uma deten\u00e7\u00e3o?&#8221; tab_id=&#8221;1488485236162-220af383-d5dc&#8221;][vc_column_text]Desde a elei\u00e7\u00e3o de Donald Trump como Presidente, qualquer condena\u00e7\u00e3o penal pode expor um n\u00e3o-cidad\u00e3o a consequ\u00eancias em mat\u00e9ria de imigra\u00e7\u00e3o. Algumas condena\u00e7\u00f5es penais podem ter consequ\u00eancias directas para a imigra\u00e7\u00e3o. e graves consequ\u00eancias para o estatuto de imigra\u00e7\u00e3o de uma pessoa, conduzindo frequentemente a processos de deporta\u00e7\u00e3o. Um advogado com forma\u00e7\u00e3o em leis de imigra\u00e7\u00e3o, bem como em direito penal, pode ajud\u00e1-lo a proteger-se melhor de poss\u00edveis consequ\u00eancias da imigra\u00e7\u00e3o.[\/vc_column_text][\/vc_tta_section][vc_tta_section title=&#8221;Como \u00e9 que se pode resolver um mandado de deten\u00e7\u00e3o?&#8221; tab_id=&#8221;1488485239110-acb887e0-7587&#8243;][vc_column_text]O esclarecimento de um mandado de captura pode ser efectuado de uma forma: comparecendo perante o tribunal que emitiu o mandado. Enquanto o mandado estiver no sistema, a pessoa pode ser detida por esse motivo em qualquer estado, em qualquer contacto com a pol\u00edcia ou ag\u00eancia governamental, e mesmo ao entrar nos Estados Unidos no aeroporto. A melhor forma de abordar este problema jur\u00eddico \u00e9 tomar medidas imediatas para esclarecer o mandado. O facto de se apresentar voluntariamente em tribunal pode muitas vezes evitar uma posterior pena de pris\u00e3o se a pessoa for efetivamente detida com base no mandado.[\/vc_column_text][\/vc_tta_section][vc_tta_section title=&#8221;Qualquer advogado serve?&#8221; tab_id=&#8221;1488485304475-e5dee66a-2531&#8243;][vc_column_text]Nem todos os advogados s\u00e3o iguais. Na PD Law Firm, P.A. temos anos de experi\u00eancia a representar milhares de clientes em processos criminais. Os nossos advogados compreendem que as consequ\u00eancias de uma condena\u00e7\u00e3o criminal afectam muito mais do que o arguido. As condena\u00e7\u00f5es penais afectam as fam\u00edlias, as perspectivas de emprego, a habita\u00e7\u00e3o, etc. Para os n\u00e3o cidad\u00e3os, \u00e9 muito importante contratar um advogado que entenda de imigra\u00e7\u00e3o, bem como de direito penal, para evitar consequ\u00eancias indesejadas. Na PD Law Firm, P.A. temos a experi\u00eancia em imigra\u00e7\u00e3o e direito criminal necess\u00e1ria para representar aqueles que enfrentam acusa\u00e7\u00f5es criminais.[\/vc_column_text][\/vc_tta_section][\/vc_tta_accordion][\/vc_column][vc_column width=&#8221;1\/2&#8243;][vc_column_text css=&#8221;.vc_custom_1488485524282{margin-bottom: 10px !important;}&#8221;] Imigra\u00e7\u00e3o [\/vc_column_text][vc_tta_accordion spacing=&#8221;2&#8243; gap=&#8221;25&#8243; active_section=&#8221;&#8221; collapsible_all=&#8221;true&#8221;][vc_tta_section title=&#8221;Preciso de um advogado de imigra\u00e7\u00e3o?&#8221; tab_id=&#8221;1488485529062-ab3dc727-0fdc&#8221;][vc_column_text]As leis de imigra\u00e7\u00e3o dos EUA s\u00e3o muito complexas e pode ser dif\u00edcil saber qual \u00e9 o melhor visto ou autoriza\u00e7\u00e3o a solicitar. Desde que Donald Trump foi eleito Presidente, os regulamentos sobre imigra\u00e7\u00e3o est\u00e3o a mudar rapidamente e s\u00e3o muitas vezes imprevis\u00edveis. Um advogado pode analisar o seu caso para decidir a melhor abordagem, o que pode poupar-lhe dinheiro e tempo. Pedir o visto errado, preencher incorretamente os formul\u00e1rios e n\u00e3o fornecer a documenta\u00e7\u00e3o necess\u00e1ria pode causar atrasos graves e at\u00e9 recusas.[\/vc_column_text][\/vc_tta_section][vc_tta_section title=&#8221;Porqu\u00ea advogados e n\u00e3o consultores de imigra\u00e7\u00e3o?&#8221; tab_id=&#8221;1488485529163-0dca3f9f-ac33&#8243;][vc_column_text]Os processos de imigra\u00e7\u00e3o podem ter consequ\u00eancias que ultrapassam o \u00e2mbito da pr\u00f3pria imigra\u00e7\u00e3o. A imigra\u00e7\u00e3o pode afetar e \u00e9 afetada pela fam\u00edlia, finan\u00e7as, emprego, sa\u00fade, neg\u00f3cios, etc. Os advogados da PD Law Firm, P.A. est\u00e3o totalmente licenciados para exercer a advocacia e t\u00eam forma\u00e7\u00e3o noutras \u00e1reas do direito, para al\u00e9m da imigra\u00e7\u00e3o. Muitas pessoas que contrataram &#8220;not\u00e1rios&#8221; e consultores v\u00eam ter connosco para resolver problemas causados por pedidos e documenta\u00e7\u00e3o incorretamente apresentados. Na PD Law Firm, P.A. somos treinados em leis de imigra\u00e7\u00e3o e entendemos que nem todas as situa\u00e7\u00f5es s\u00e3o iguais. Servimos cada cliente individualmente, comunicando e compreendendo a sua situa\u00e7\u00e3o.[\/vc_column_text][\/vc_tta_section][vc_tta_section title=&#8221;Podem garantir que a minha candidatura ser\u00e1 aceite?&#8221; tab_id=&#8221;1488485529270-81c1b167-47be&#8221;][vc_column_text]N\u00e3o. Nenhum advogado honesto pode dar este tipo de garantia. Temos uma taxa muito elevada de sucesso com os nossos pedidos e podemos prometer que trabalharemos arduamente no seu caso.[\/vc_column_text][\/vc_tta_section][\/vc_tta_accordion][\/vc_column][\/vc_row]<\/p>\n","protected":false},"author":1,"featured_media":610,"parent":0,"menu_order":0,"comment_status":"closed","ping_status":"closed","template":"","meta":{"_seopress_robots_primary_cat":"","_seopress_titles_title":"","_seopress_titles_desc":"Explore PD Law Firm's FAQ for answers to common legal questions. Our knowledgeable attorneys provide clear insights to help you understand your legal options. Visit us today!","_seopress_robots_index":"","footnotes":""},"class_list":["post-717","page","type-page","status-publish","has-post-thumbnail","hentry","entry","post-inner"],"_links":{"self":[{"href":"https:\/\/pdlaworlando.com\/pt-br\/wp-json\/wp\/v2\/pages\/717","targetHints":{"allow":["GET"]}}],"collection":[{"href":"https:\/\/pdlaworlando.com\/pt-br\/wp-json\/wp\/v2\/pages"}],"about":[{"href":"https:\/\/pdlaworlando.com\/pt-br\/wp-json\/wp\/v2\/types\/page"}],"author":[{"embeddable":true,"href":"https:\/\/pdlaworlando.com\/pt-br\/wp-json\/wp\/v2\/users\/1"}],"replies":[{"embeddable":true,"href":"https:\/\/pdlaworlando.com\/pt-br\/wp-json\/wp\/v2\/comments?post=717"}],"version-history":[{"count":2,"href":"https:\/\/pdlaworlando.com\/pt-br\/wp-json\/wp\/v2\/pages\/717\/revisions"}],"predecessor-version":[{"id":730,"href":"https:\/\/pdlaworlando.com\/pt-br\/wp-json\/wp\/v2\/pages\/717\/revisions\/730"}],"wp:featuredmedia":[{"embeddable":true,"href":"https:\/\/pdlaworlando.com\/pt-br\/wp-json\/wp\/v2\/media\/610"}],"wp:attachment":[{"href":"https:\/\/pdlaworlando.com\/pt-br\/wp-json\/wp\/v2\/media?parent=717"}],"curies":[{"name":"wp","href":"https:\/\/api.w.org\/{rel}","templated":true}]}}