{"id":718,"date":"2017-02-03T17:25:06","date_gmt":"2017-02-03T22:25:06","guid":{"rendered":"https:\/\/pdlaworlando.com\/conducao-em-estado-de-embriaguez\/"},"modified":"2024-06-29T12:54:24","modified_gmt":"2024-06-29T17:54:24","slug":"conducao-em-estado-de-embriaguez","status":"publish","type":"page","link":"https:\/\/pdlaworlando.com\/pt-br\/penal\/conducao-em-estado-de-embriaguez\/","title":{"rendered":"CONDU\u00c7\u00c3O EM ESTADO DE EMBRIAGUEZ"},"content":{"rendered":"<div class=\"wpb-content-wrapper\">[vc_row][vc_column][vc_column_text]\u00c9 importante conhecer os seus direitos quando se trata de condu\u00e7\u00e3o sob o efeito do \u00e1lcool. N\u00e3o tem de consentir em efetuar testes de alcoolemia, testes de sangue e urina ou mesmo exerc\u00edcios de sobriedade. As consequ\u00eancias de uma condu\u00e7\u00e3o sob o efeito do \u00e1lcool podem ser graves e financeiramente severas. Se for condenado por condu\u00e7\u00e3o sob o efeito do \u00e1lcool, poder\u00e1 ter de enfrentar pris\u00e3o, liberdade condicional, suspens\u00e3o ou revoga\u00e7\u00e3o da carta de condu\u00e7\u00e3o, multas, servi\u00e7o comunit\u00e1rio, aconselhamento e outras san\u00e7\u00f5es.<\/p>\n<p>A PD Law Firm, P.A. tem experi\u00eancia na defesa de pessoas acusadas de condu\u00e7\u00e3o sob o efeito do \u00e1lcool e na condu\u00e7\u00e3o de julgamentos. Trat\u00e1mos de centenas de casos de condu\u00e7\u00e3o sob o efeito do \u00e1lcool e fomos bem sucedidos em v\u00e1rios julgamentos de condu\u00e7\u00e3o sob o efeito do \u00e1lcool.<\/p>\n<p>Por favor, contacte-nos atrav\u00e9s do n\u00famero (407) 490-0696 ou utilizando o formul\u00e1rio \u00e0 direita para uma consulta para discutir a defesa contra a condu\u00e7\u00e3o sob o efeito do \u00e1lcool.[\/vc_column_text][\/vc_column][\/vc_row]\n<\/div>","protected":false},"excerpt":{"rendered":"<p>[vc_row][vc_column][vc_column_text]\u00c9 importante conhecer os seus direitos quando se trata de condu\u00e7\u00e3o sob o efeito do \u00e1lcool. N\u00e3o tem de consentir em efetuar testes de alcoolemia, testes de sangue e urina ou mesmo exerc\u00edcios de sobriedade. As consequ\u00eancias de uma condu\u00e7\u00e3o sob o efeito do \u00e1lcool podem ser graves e financeiramente severas. Se for condenado por condu\u00e7\u00e3o sob o efeito do \u00e1lcool, poder\u00e1 ter de enfrentar pris\u00e3o, liberdade condicional, suspens\u00e3o ou revoga\u00e7\u00e3o da carta de condu\u00e7\u00e3o, multas, servi\u00e7o comunit\u00e1rio, aconselhamento e outras san\u00e7\u00f5es. A PD Law Firm, P.A. tem experi\u00eancia na defesa de pessoas acusadas de condu\u00e7\u00e3o sob o efeito do \u00e1lcool e na condu\u00e7\u00e3o de julgamentos. Trat\u00e1mos de centenas de casos de condu\u00e7\u00e3o sob o efeito do \u00e1lcool e fomos bem sucedidos em v\u00e1rios julgamentos de condu\u00e7\u00e3o sob o efeito do \u00e1lcool. Por favor, contacte-nos atrav\u00e9s do n\u00famero (407) 490-0696 ou utilizando o formul\u00e1rio \u00e0 direita para uma consulta para discutir a defesa contra a condu\u00e7\u00e3o sob o efeito do \u00e1lcool.[\/vc_column_text][\/vc_column][\/vc_row]<\/p>\n","protected":false},"author":1,"featured_media":608,"parent":738,"menu_order":0,"comment_status":"closed","ping_status":"closed","template":"","meta":{"_seopress_robots_primary_cat":"","_seopress_titles_title":"","_seopress_titles_desc":"Para defesa legal contra acusa\u00e7\u00f5es de DUI, confie no PD Law Firm. Nossos advogados experientes fornecem uma forte representa\u00e7\u00e3o para proteger seus direitos. Contate-nos hoje para obter assist\u00eancia especializada.","_seopress_robots_index":"","footnotes":""},"class_list":["post-718","page","type-page","status-publish","has-post-thumbnail","hentry","entry","post-inner"],"_links":{"self":[{"href":"https:\/\/pdlaworlando.com\/pt-br\/wp-json\/wp\/v2\/pages\/718","targetHints":{"allow":["GET"]}}],"collection":[{"href":"https:\/\/pdlaworlando.com\/pt-br\/wp-json\/wp\/v2\/pages"}],"about":[{"href":"https:\/\/pdlaworlando.com\/pt-br\/wp-json\/wp\/v2\/types\/page"}],"author":[{"embeddable":true,"href":"https:\/\/pdlaworlando.com\/pt-br\/wp-json\/wp\/v2\/users\/1"}],"replies":[{"embeddable":true,"href":"https:\/\/pdlaworlando.com\/pt-br\/wp-json\/wp\/v2\/comments?post=718"}],"version-history":[{"count":2,"href":"https:\/\/pdlaworlando.com\/pt-br\/wp-json\/wp\/v2\/pages\/718\/revisions"}],"predecessor-version":[{"id":728,"href":"https:\/\/pdlaworlando.com\/pt-br\/wp-json\/wp\/v2\/pages\/718\/revisions\/728"}],"up":[{"embeddable":true,"href":"https:\/\/pdlaworlando.com\/pt-br\/wp-json\/wp\/v2\/pages\/738"}],"wp:featuredmedia":[{"embeddable":true,"href":"https:\/\/pdlaworlando.com\/pt-br\/wp-json\/wp\/v2\/media\/608"}],"wp:attachment":[{"href":"https:\/\/pdlaworlando.com\/pt-br\/wp-json\/wp\/v2\/media?parent=718"}],"curies":[{"name":"wp","href":"https:\/\/api.w.org\/{rel}","templated":true}]}}