{"id":735,"date":"2017-02-03T17:25:59","date_gmt":"2017-02-03T22:25:59","guid":{"rendered":"https:\/\/pdlaworlando.com\/crime\/"},"modified":"2024-06-29T12:58:15","modified_gmt":"2024-06-29T17:58:15","slug":"crime","status":"publish","type":"page","link":"https:\/\/pdlaworlando.com\/pt-br\/penal\/crime\/","title":{"rendered":"Crime"},"content":{"rendered":"<div class=\"wpb-content-wrapper\">[vc_row][vc_column][vc_column_text]Os crimes s\u00e3o considerados crimes graves e podem ter consequ\u00eancias graves para o arguido e para as suas fam\u00edlias. Os crimes s\u00e3o pun\u00edveis com multas, liberdade condicional e penas de pris\u00e3o que podem ir de 5 anos a pris\u00e3o perp\u00e9tua.<\/p>\n<p>A PD Law Firm, P.A. tem a experi\u00eancia necess\u00e1ria para o defender contra estas acusa\u00e7\u00f5es e para o ajudar a proteger a si e \u00e0 sua fam\u00edlia do estigma e das consequ\u00eancias resultantes das seguintes acusa\u00e7\u00f5es:<\/p>\n<ul>\n<li>Viol\u00eancia contra um agente da autoridade<\/li>\n<li>Resistir com viol\u00eancia<\/li>\n<li>Roubo<\/li>\n<li>Inger\u00eancia de provas<\/li>\n<li>Bateria agravada<\/li>\n<li>Viol\u00eancia dom\u00e9stica<\/li>\n<li>Infrac\u00e7\u00f5es pun\u00edveis com pena de pris\u00e3o perp\u00e9tua (PBL)<\/li>\n<li>Homic\u00eddio involunt\u00e1rio<\/li>\n<li>Posse de droga<\/li>\n<li>Tr\u00e1fico de droga<\/li>\n<li>Furto qualificado ou pequeno furto com antecedentes<\/li>\n<li>Armas de fogo e armas<\/li>\n<li>Fraude<\/li>\n<li>Esquema para defraudar<\/li>\n<li>Viola\u00e7\u00e3o da liberdade condicional<\/li>\n<\/ul>\n<p>Por favor, contacte-nos atrav\u00e9s do n\u00famero (407) 490-0696 ou utilizando o formul\u00e1rio \u00e0 direita para uma consulta para discutir acusa\u00e7\u00f5es de crime.[\/vc_column_text][\/vc_column][\/vc_row]\n<\/div>","protected":false},"excerpt":{"rendered":"<p>[vc_row][vc_column][vc_column_text]Os crimes s\u00e3o considerados crimes graves e podem ter consequ\u00eancias graves para o arguido e para as suas fam\u00edlias. Os crimes s\u00e3o pun\u00edveis com multas, liberdade condicional e penas de pris\u00e3o que podem ir de 5 anos a pris\u00e3o perp\u00e9tua. A PD Law Firm, P.A. tem a experi\u00eancia necess\u00e1ria para o defender contra estas acusa\u00e7\u00f5es e para o ajudar a proteger a si e \u00e0 sua fam\u00edlia do estigma e das consequ\u00eancias resultantes das seguintes acusa\u00e7\u00f5es: Viol\u00eancia contra um agente da autoridade Resistir com viol\u00eancia Roubo Inger\u00eancia de provas Bateria agravada Viol\u00eancia dom\u00e9stica Infrac\u00e7\u00f5es pun\u00edveis com pena de pris\u00e3o perp\u00e9tua (PBL) Homic\u00eddio involunt\u00e1rio Posse de droga Tr\u00e1fico de droga Furto qualificado ou pequeno furto com antecedentes Armas de fogo e armas Fraude Esquema para defraudar Viola\u00e7\u00e3o da liberdade condicional Por favor, contacte-nos atrav\u00e9s do n\u00famero (407) 490-0696 ou utilizando o formul\u00e1rio \u00e0 direita para uma consulta para discutir acusa\u00e7\u00f5es de crime.[\/vc_column_text][\/vc_column][\/vc_row]<\/p>\n","protected":false},"author":1,"featured_media":608,"parent":738,"menu_order":2,"comment_status":"closed","ping_status":"closed","template":"","meta":{"_seopress_robots_primary_cat":"","_seopress_titles_title":"","_seopress_titles_desc":"Os crimes s\u00e3o considerados crimes graves e podem ter consequ\u00eancias graves para o arguido e para as suas fam\u00edlias. Os crimes s\u00e3o pun\u00edveis com multas, liberdade condicional e penas de pris\u00e3o que podem ir de 5 anos a pris\u00e3o perp\u00e9tua.","_seopress_robots_index":"","footnotes":""},"class_list":["post-735","page","type-page","status-publish","has-post-thumbnail","hentry","entry","post-inner"],"_links":{"self":[{"href":"https:\/\/pdlaworlando.com\/pt-br\/wp-json\/wp\/v2\/pages\/735","targetHints":{"allow":["GET"]}}],"collection":[{"href":"https:\/\/pdlaworlando.com\/pt-br\/wp-json\/wp\/v2\/pages"}],"about":[{"href":"https:\/\/pdlaworlando.com\/pt-br\/wp-json\/wp\/v2\/types\/page"}],"author":[{"embeddable":true,"href":"https:\/\/pdlaworlando.com\/pt-br\/wp-json\/wp\/v2\/users\/1"}],"replies":[{"embeddable":true,"href":"https:\/\/pdlaworlando.com\/pt-br\/wp-json\/wp\/v2\/comments?post=735"}],"version-history":[{"count":2,"href":"https:\/\/pdlaworlando.com\/pt-br\/wp-json\/wp\/v2\/pages\/735\/revisions"}],"predecessor-version":[{"id":743,"href":"https:\/\/pdlaworlando.com\/pt-br\/wp-json\/wp\/v2\/pages\/735\/revisions\/743"}],"up":[{"embeddable":true,"href":"https:\/\/pdlaworlando.com\/pt-br\/wp-json\/wp\/v2\/pages\/738"}],"wp:featuredmedia":[{"embeddable":true,"href":"https:\/\/pdlaworlando.com\/pt-br\/wp-json\/wp\/v2\/media\/608"}],"wp:attachment":[{"href":"https:\/\/pdlaworlando.com\/pt-br\/wp-json\/wp\/v2\/media?parent=735"}],"curies":[{"name":"wp","href":"https:\/\/api.w.org\/{rel}","templated":true}]}}