{"id":736,"date":"2017-02-03T17:25:31","date_gmt":"2017-02-03T22:25:31","guid":{"rendered":"https:\/\/pdlaworlando.com\/contraordenacao\/"},"modified":"2024-06-29T12:57:25","modified_gmt":"2024-06-29T17:57:25","slug":"contraordenacao","status":"publish","type":"page","link":"https:\/\/pdlaworlando.com\/pt-br\/penal\/contraordenacao\/","title":{"rendered":"Contraordena\u00e7\u00e3o"},"content":{"rendered":"<div class=\"wpb-content-wrapper\">[vc_row][vc_column][vc_column_text]De acordo com a lei da Florida, existem contra-ordena\u00e7\u00f5es de primeiro grau e de segundo grau. Embora menos grave do que os crimes, uma condena\u00e7\u00e3o por uma contraordena\u00e7\u00e3o pode levar a multas, pris\u00e3o e liberdade condicional. A PD Law Firm, P.A. pode represent\u00e1-lo nos seguintes delitos:<\/p>\n<ul>\n<li>Crueldade contra os animais<\/li>\n<li>Agress\u00e3o<\/li>\n<li>Bateria<\/li>\n<li>Transporte \u00e0 paisana<\/li>\n<li>Luta contra a criminalidade<\/li>\n<li>Conduta desordeira<\/li>\n<li>Intoxica\u00e7\u00e3o desordenada<\/li>\n<li>Viol\u00eancia dom\u00e9stica<\/li>\n<li>CONDU\u00c7\u00c3O SOB O EFEITO DO \u00c1LCOOL \/ CONDU\u00c7\u00c3O SOB O EFEITO DO \u00c1LCOOL<\/li>\n<li>Conduzir com carta suspensa\/carta caducada<\/li>\n<li>Posse de droga<\/li>\n<li>Exposi\u00e7\u00e3o indecente<\/li>\n<li>Sair de cena<\/li>\n<li>Actos obscenos e lascivos<\/li>\n<li>Vadiagem e ronda<\/li>\n<li>Viola\u00e7\u00e3o da liberdade condicional<\/li>\n<li>Descarga p\u00fablica de uma arma de fogo<\/li>\n<li>Condu\u00e7\u00e3o imprudente<\/li>\n<li>Resistir sem viol\u00eancia<\/li>\n<li>Viola\u00e7\u00e3o de ordem de restri\u00e7\u00e3o<\/li>\n<li>Solicita\u00e7\u00e3o de prostitui\u00e7\u00e3o<\/li>\n<li>Persegui\u00e7\u00e3o<\/li>\n<li>Infrac\u00e7\u00f5es de tr\u00e2nsito<\/li>\n<li>Invas\u00e3o de propriedade<\/li>\n<\/ul>\n<p>Por favor, contacte-nos atrav\u00e9s do n\u00famero (407) 490-0696 ou utilizando o formul\u00e1rio \u00e0 direita para uma consulta para discutir acusa\u00e7\u00f5es de contra-ordena\u00e7\u00f5es.[\/vc_column_text][\/vc_column][\/vc_row]\n<\/div>","protected":false},"excerpt":{"rendered":"<p>[vc_row][vc_column][vc_column_text]De acordo com a lei da Florida, existem contra-ordena\u00e7\u00f5es de primeiro grau e de segundo grau. Embora menos grave do que os crimes, uma condena\u00e7\u00e3o por uma contraordena\u00e7\u00e3o pode levar a multas, pris\u00e3o e liberdade condicional. A PD Law Firm, P.A. pode represent\u00e1-lo nos seguintes delitos: Crueldade contra os animais Agress\u00e3o Bateria Transporte \u00e0 paisana Luta contra a criminalidade Conduta desordeira Intoxica\u00e7\u00e3o desordenada Viol\u00eancia dom\u00e9stica CONDU\u00c7\u00c3O SOB O EFEITO DO \u00c1LCOOL \/ CONDU\u00c7\u00c3O SOB O EFEITO DO \u00c1LCOOL Conduzir com carta suspensa\/carta caducada Posse de droga Exposi\u00e7\u00e3o indecente Sair de cena Actos obscenos e lascivos Vadiagem e ronda Viola\u00e7\u00e3o da liberdade condicional Descarga p\u00fablica de uma arma de fogo Condu\u00e7\u00e3o imprudente Resistir sem viol\u00eancia Viola\u00e7\u00e3o de ordem de restri\u00e7\u00e3o Solicita\u00e7\u00e3o de prostitui\u00e7\u00e3o Persegui\u00e7\u00e3o Infrac\u00e7\u00f5es de tr\u00e2nsito Invas\u00e3o de propriedade Por favor, contacte-nos atrav\u00e9s do n\u00famero (407) 490-0696 ou utilizando o formul\u00e1rio \u00e0 direita para uma consulta para discutir acusa\u00e7\u00f5es de contra-ordena\u00e7\u00f5es.[\/vc_column_text][\/vc_column][\/vc_row]<\/p>\n","protected":false},"author":1,"featured_media":608,"parent":738,"menu_order":1,"comment_status":"closed","ping_status":"closed","template":"","meta":{"_seopress_robots_primary_cat":"","_seopress_titles_title":"","_seopress_titles_desc":"Obtenha defesa legal especializada em contraordena\u00e7\u00f5es com PD Law Firm. Nossos advogados experientes est\u00e3o aqui para proteger seus direitos. Entre em contato hoje.","_seopress_robots_index":"","footnotes":""},"class_list":["post-736","page","type-page","status-publish","has-post-thumbnail","hentry","entry","post-inner"],"_links":{"self":[{"href":"https:\/\/pdlaworlando.com\/pt-br\/wp-json\/wp\/v2\/pages\/736","targetHints":{"allow":["GET"]}}],"collection":[{"href":"https:\/\/pdlaworlando.com\/pt-br\/wp-json\/wp\/v2\/pages"}],"about":[{"href":"https:\/\/pdlaworlando.com\/pt-br\/wp-json\/wp\/v2\/types\/page"}],"author":[{"embeddable":true,"href":"https:\/\/pdlaworlando.com\/pt-br\/wp-json\/wp\/v2\/users\/1"}],"replies":[{"embeddable":true,"href":"https:\/\/pdlaworlando.com\/pt-br\/wp-json\/wp\/v2\/comments?post=736"}],"version-history":[{"count":2,"href":"https:\/\/pdlaworlando.com\/pt-br\/wp-json\/wp\/v2\/pages\/736\/revisions"}],"predecessor-version":[{"id":748,"href":"https:\/\/pdlaworlando.com\/pt-br\/wp-json\/wp\/v2\/pages\/736\/revisions\/748"}],"up":[{"embeddable":true,"href":"https:\/\/pdlaworlando.com\/pt-br\/wp-json\/wp\/v2\/pages\/738"}],"wp:featuredmedia":[{"embeddable":true,"href":"https:\/\/pdlaworlando.com\/pt-br\/wp-json\/wp\/v2\/media\/608"}],"wp:attachment":[{"href":"https:\/\/pdlaworlando.com\/pt-br\/wp-json\/wp\/v2\/media?parent=736"}],"curies":[{"name":"wp","href":"https:\/\/api.w.org\/{rel}","templated":true}]}}