{"id":738,"date":"2017-02-03T17:24:12","date_gmt":"2017-02-03T22:24:12","guid":{"rendered":"https:\/\/pdlaworlando.com\/penal\/"},"modified":"2024-06-29T13:36:48","modified_gmt":"2024-06-29T18:36:48","slug":"penal","status":"publish","type":"page","link":"https:\/\/pdlaworlando.com\/pt-br\/penal\/","title":{"rendered":"Penal"},"content":{"rendered":"<h1> <\/h1>\n","protected":false},"excerpt":{"rendered":"","protected":false},"author":1,"featured_media":608,"parent":0,"menu_order":0,"comment_status":"closed","ping_status":"closed","template":"","meta":{"_seopress_robots_primary_cat":"","_seopress_titles_title":"","_seopress_titles_desc":"Confie no PD Law Firm para uma defesa criminal especializada. Nossos advogados experientes oferecem uma representa\u00e7\u00e3o s\u00f3lida para proteger seus direitos. Entre em contato conosco hoje mesmo para obter suporte jur\u00eddico.","_seopress_robots_index":"","footnotes":""},"class_list":["post-738","page","type-page","status-publish","has-post-thumbnail","hentry","entry","post-inner"],"_links":{"self":[{"href":"https:\/\/pdlaworlando.com\/pt-br\/wp-json\/wp\/v2\/pages\/738","targetHints":{"allow":["GET"]}}],"collection":[{"href":"https:\/\/pdlaworlando.com\/pt-br\/wp-json\/wp\/v2\/pages"}],"about":[{"href":"https:\/\/pdlaworlando.com\/pt-br\/wp-json\/wp\/v2\/types\/page"}],"author":[{"embeddable":true,"href":"https:\/\/pdlaworlando.com\/pt-br\/wp-json\/wp\/v2\/users\/1"}],"replies":[{"embeddable":true,"href":"https:\/\/pdlaworlando.com\/pt-br\/wp-json\/wp\/v2\/comments?post=738"}],"version-history":[{"count":2,"href":"https:\/\/pdlaworlando.com\/pt-br\/wp-json\/wp\/v2\/pages\/738\/revisions"}],"predecessor-version":[{"id":1276,"href":"https:\/\/pdlaworlando.com\/pt-br\/wp-json\/wp\/v2\/pages\/738\/revisions\/1276"}],"wp:featuredmedia":[{"embeddable":true,"href":"https:\/\/pdlaworlando.com\/pt-br\/wp-json\/wp\/v2\/media\/608"}],"wp:attachment":[{"href":"https:\/\/pdlaworlando.com\/pt-br\/wp-json\/wp\/v2\/media?parent=738"}],"curies":[{"name":"wp","href":"https:\/\/api.w.org\/{rel}","templated":true}]}}