{"id":739,"date":"2017-02-03T17:26:58","date_gmt":"2017-02-03T22:26:58","guid":{"rendered":"https:\/\/pdlaworlando.com\/imigracao\/peticoes-familiares\/"},"modified":"2023-08-17T20:21:58","modified_gmt":"2023-08-18T01:21:58","slug":"peticoes-familiares","status":"publish","type":"page","link":"https:\/\/pdlaworlando.com\/pt-br\/imigracao\/peticoes-familiares\/","title":{"rendered":"Peti\u00e7\u00f5es familiares"},"content":{"rendered":"<div class=\"wpb-content-wrapper\">[vc_row][vc_column][vc_column_text]\n<h2>Peti\u00e7\u00f5es de imigra\u00e7\u00e3o para fam\u00edlias<\/h2>\n<p>Os cidad\u00e3os americanos e os residentes permanentes podem<a href=\"https:\/\/www.uscis.gov\/i-130\" target=\"_blank\" rel=\"noopener\"> apresentar uma peti\u00e7\u00e3o de resid\u00eancia permanente para os seus familiares eleg\u00edveis<\/a>. Para ser eleg\u00edvel, devem ser cumpridos os seguintes crit\u00e9rios<\/p>\n<ul>\n<li>O peticion\u00e1rio deve ser cidad\u00e3o dos Estados Unidos ou residente permanente (titular de um &#8220;green card&#8221;) e ser capaz de demonstrar a sua rela\u00e7\u00e3o com o cidad\u00e3o estrangeiro. Podem aplicar-se as seguintes categorias:<\/li>\n<\/ul>\n<ol>\n<li style=\"list-style-type: none;\">\n<ul>\n<li>Crian\u00e7a com menos de 21 anos<\/li>\n<li>Filho(a) solteiro(a) com mais de 21 anos<\/li>\n<li>Filho ou filha casada<\/li>\n<li>Irm\u00e3o ou irm\u00e3 de cidad\u00e3o americano<\/li>\n<li>Pai ou m\u00e3e de cidad\u00e3o americano<\/li>\n<\/ul>\n<\/li>\n<\/ol>\n<ul>\n<li>O requerente deve estar em condi\u00e7\u00f5es de ser um patrocinador, comprovando ter um rendimento igual ou superior a 125% do limiar de pobreza. Para atingir este limiar, pode recorrer-se a um copatrocinador.<\/li>\n<\/ul>\n<p>&nbsp;<\/p>\n<h3>Categorias de prefer\u00eancia:<\/h3>\n<p>As peti\u00e7\u00f5es para familiares qualificados est\u00e3o divididas em <em>categorias de prefer\u00eancia<\/em>. Cada n\u00edvel de prefer\u00eancia est\u00e1 limitado a um determinado montante por ano. Estas categorias de prefer\u00eancia ditar\u00e3o o tempo que um determinado requerente deve esperar por um visto de imigrante.<\/p>\n<p>O processo de imigra\u00e7\u00e3o familiar pode ser longo e complicado. Os nossos advogados explicar\u00e3o como funciona o processo e gui\u00e1-lo-\u00e3o em cada passo. Compreendemos a import\u00e2ncia de manter as fam\u00edlias unidas. Temos o conhecimento e a experi\u00eancia necess\u00e1rios para alcan\u00e7ar o sucesso e fornecer uma representa\u00e7\u00e3o legal de qualidade.<\/p>\n<p>Contacte-nos atrav\u00e9s do n\u00famero (407) 490-0696 ou utilizando o formul\u00e1rio \u00e0 direita para uma consulta sobre peti\u00e7\u00f5es familiares.[\/vc_column_text][\/vc_column][\/vc_row]\n<\/div>","protected":false},"excerpt":{"rendered":"<p>[vc_row][vc_column][vc_column_text] Peti\u00e7\u00f5es de imigra\u00e7\u00e3o para fam\u00edlias Os cidad\u00e3os americanos e os residentes permanentes podem apresentar uma peti\u00e7\u00e3o de resid\u00eancia permanente para os seus familiares eleg\u00edveis. Para ser eleg\u00edvel, devem ser cumpridos os seguintes crit\u00e9rios O peticion\u00e1rio deve ser cidad\u00e3o dos Estados Unidos ou residente permanente (titular de um &#8220;green card&#8221;) e ser capaz de demonstrar a sua rela\u00e7\u00e3o com o cidad\u00e3o estrangeiro. Podem aplicar-se as seguintes categorias: Crian\u00e7a com menos de 21 anos Filho(a) solteiro(a) com mais de 21 anos Filho ou filha casada Irm\u00e3o ou irm\u00e3 de cidad\u00e3o americano Pai ou m\u00e3e de cidad\u00e3o americano O requerente deve estar em condi\u00e7\u00f5es de ser um patrocinador, comprovando ter um rendimento igual ou superior a 125% do limiar de pobreza. Para atingir este limiar, pode recorrer-se a um copatrocinador. &nbsp; Categorias de prefer\u00eancia: As peti\u00e7\u00f5es para familiares qualificados est\u00e3o divididas em categorias de prefer\u00eancia. Cada n\u00edvel de prefer\u00eancia est\u00e1 limitado a um determinado montante por ano. Estas categorias de prefer\u00eancia ditar\u00e3o o tempo que um determinado requerente deve esperar por um visto de imigrante. O processo de imigra\u00e7\u00e3o familiar pode ser longo e complicado. Os nossos advogados explicar\u00e3o como funciona o processo e gui\u00e1-lo-\u00e3o em cada passo. Compreendemos a import\u00e2ncia de manter as fam\u00edlias unidas. Temos o conhecimento e a experi\u00eancia necess\u00e1rios para alcan\u00e7ar o sucesso e fornecer uma representa\u00e7\u00e3o legal de qualidade. Contacte-nos atrav\u00e9s do n\u00famero (407) 490-0696 ou utilizando o formul\u00e1rio \u00e0 direita para uma consulta sobre peti\u00e7\u00f5es familiares.[\/vc_column_text][\/vc_column][\/vc_row]<\/p>\n","protected":false},"author":1,"featured_media":612,"parent":698,"menu_order":0,"comment_status":"closed","ping_status":"closed","template":"","meta":{"_seopress_robots_primary_cat":"","_seopress_titles_title":"Advogado de Imigra\u00e7\u00e3o em Orlando - %%title%% %%page%% %%sep%% %%sitename%%","_seopress_titles_desc":"Os cidad\u00e3os americanos e os residentes permanentes podem apresentar uma peti\u00e7\u00e3o de resid\u00eancia permanente para os seus familiares eleg\u00edveis. Contactar-nos atrav\u00e9s do n\u00famero (407) 490-0696","_seopress_robots_index":"","footnotes":""},"class_list":["post-739","page","type-page","status-publish","has-post-thumbnail","hentry","entry","post-inner"],"_links":{"self":[{"href":"https:\/\/pdlaworlando.com\/pt-br\/wp-json\/wp\/v2\/pages\/739","targetHints":{"allow":["GET"]}}],"collection":[{"href":"https:\/\/pdlaworlando.com\/pt-br\/wp-json\/wp\/v2\/pages"}],"about":[{"href":"https:\/\/pdlaworlando.com\/pt-br\/wp-json\/wp\/v2\/types\/page"}],"author":[{"embeddable":true,"href":"https:\/\/pdlaworlando.com\/pt-br\/wp-json\/wp\/v2\/users\/1"}],"replies":[{"embeddable":true,"href":"https:\/\/pdlaworlando.com\/pt-br\/wp-json\/wp\/v2\/comments?post=739"}],"version-history":[{"count":2,"href":"https:\/\/pdlaworlando.com\/pt-br\/wp-json\/wp\/v2\/pages\/739\/revisions"}],"predecessor-version":[{"id":747,"href":"https:\/\/pdlaworlando.com\/pt-br\/wp-json\/wp\/v2\/pages\/739\/revisions\/747"}],"up":[{"embeddable":true,"href":"https:\/\/pdlaworlando.com\/pt-br\/wp-json\/wp\/v2\/pages\/698"}],"wp:featuredmedia":[{"embeddable":true,"href":"https:\/\/pdlaworlando.com\/pt-br\/wp-json\/wp\/v2\/media\/612"}],"wp:attachment":[{"href":"https:\/\/pdlaworlando.com\/pt-br\/wp-json\/wp\/v2\/media?parent=739"}],"curies":[{"name":"wp","href":"https:\/\/api.w.org\/{rel}","templated":true}]}}