{"id":749,"date":"2017-02-03T17:27:24","date_gmt":"2017-02-03T22:27:24","guid":{"rendered":"https:\/\/pdlaworlando.com\/imigracao\/casamento-e-noivo\/"},"modified":"2023-08-18T07:24:02","modified_gmt":"2023-08-18T12:24:02","slug":"casamento-noivo-noiva","status":"publish","type":"page","link":"https:\/\/pdlaworlando.com\/pt-br\/imigracao\/casamento-noivo-noiva\/","title":{"rendered":"Casamento \/ Noivo(a)"},"content":{"rendered":"<div class=\"wpb-content-wrapper\">[vc_row][vc_column][vc_column_text]\n<h2>Peti\u00e7\u00f5es de casamento e de noivo<\/h2>\n<p>A nossa empresa pode ajud\u00e1-lo com peti\u00e7\u00f5es para c\u00f4njuges ou noivos, quer estejam nos Estados Unidos ou no estrangeiro.<\/p>\n<h3>Peti\u00e7\u00f5es de casamento<\/h3>\n<p>Os cidad\u00e3os dos Estados Unidos e os residentes permanentes podem apresentar uma peti\u00e7\u00e3o de resid\u00eancia permanente (green card) para os seus c\u00f4njuges. As peti\u00e7\u00f5es de casamento podem ser apresentadas para c\u00f4njuges fora dos Estados Unidos ou para aqueles que j\u00e1 se encontram no pa\u00eds.<\/p>\n<p>Para ser eleg\u00edvel, devem ser cumpridos os seguintes requisitos<\/p>\n<ul>\n<li>O requerente deve ser cidad\u00e3o americano ou residente permanente (titular de um cart\u00e3o verde)<\/li>\n<li>Devem ser casados legalmente nos Estados Unidos ou noutro pa\u00eds<\/li>\n<li>Deve ser um casamento de boa-f\u00e9<\/li>\n<\/ul>\n<h3>Peti\u00e7\u00f5es de noivos &#8211; Visto K1<\/h3>\n<p>Os cidad\u00e3os americanos podem trazer os seus noivos estrangeiros para os Estados Unidos para se casarem. Devem ser cumpridos os seguintes crit\u00e9rios:<\/p>\n<ul>\n<li>O peticion\u00e1rio deve ser um cidad\u00e3o dos EUA<\/li>\n<li>Pretendem casar-se no prazo de 90 dias ap\u00f3s a chegada do noivo<\/li>\n<li>O requerente e o noivo podem casar livremente: n\u00e3o est\u00e3o atualmente casados em nenhuma jurisdi\u00e7\u00e3o<\/li>\n<li>O requerente e o noivo conheceram-se no prazo de 2 anos ap\u00f3s a apresenta\u00e7\u00e3o da peti\u00e7\u00e3o (existem excep\u00e7\u00f5es a esta regra).<\/li>\n<\/ul>\n<p>Os filhos dos c\u00f4njuges e dos noivos tamb\u00e9m podem beneficiar.<\/p>\n<p>Contacte-nos atrav\u00e9s do n\u00famero (407) 490-0696 ou utilizando o formul\u00e1rio \u00e0 direita para uma consulta sobre vistos de casamento ou de noivo.[\/vc_column_text][\/vc_column][\/vc_row]\n<\/div>","protected":false},"excerpt":{"rendered":"<p>[vc_row][vc_column][vc_column_text] Peti\u00e7\u00f5es de casamento e de noivo A nossa empresa pode ajud\u00e1-lo com peti\u00e7\u00f5es para c\u00f4njuges ou noivos, quer estejam nos Estados Unidos ou no estrangeiro. Peti\u00e7\u00f5es de casamento Os cidad\u00e3os dos Estados Unidos e os residentes permanentes podem apresentar uma peti\u00e7\u00e3o de resid\u00eancia permanente (green card) para os seus c\u00f4njuges. As peti\u00e7\u00f5es de casamento podem ser apresentadas para c\u00f4njuges fora dos Estados Unidos ou para aqueles que j\u00e1 se encontram no pa\u00eds. Para ser eleg\u00edvel, devem ser cumpridos os seguintes requisitos O requerente deve ser cidad\u00e3o americano ou residente permanente (titular de um cart\u00e3o verde) Devem ser casados legalmente nos Estados Unidos ou noutro pa\u00eds Deve ser um casamento de boa-f\u00e9 Peti\u00e7\u00f5es de noivos &#8211; Visto K1 Os cidad\u00e3os americanos podem trazer os seus noivos estrangeiros para os Estados Unidos para se casarem. Devem ser cumpridos os seguintes crit\u00e9rios: O peticion\u00e1rio deve ser um cidad\u00e3o dos EUA Pretendem casar-se no prazo de 90 dias ap\u00f3s a chegada do noivo O requerente e o noivo podem casar livremente: n\u00e3o est\u00e3o atualmente casados em nenhuma jurisdi\u00e7\u00e3o O requerente e o noivo conheceram-se no prazo de 2 anos ap\u00f3s a apresenta\u00e7\u00e3o da peti\u00e7\u00e3o (existem excep\u00e7\u00f5es a esta regra). Os filhos dos c\u00f4njuges e dos noivos tamb\u00e9m podem beneficiar. Contacte-nos atrav\u00e9s do n\u00famero (407) 490-0696 ou utilizando o formul\u00e1rio \u00e0 direita para uma consulta sobre vistos de casamento ou de noivo.[\/vc_column_text][\/vc_column][\/vc_row]<\/p>\n","protected":false},"author":1,"featured_media":612,"parent":698,"menu_order":1,"comment_status":"closed","ping_status":"closed","template":"","meta":{"_seopress_robots_primary_cat":"","_seopress_titles_title":"Advogado de Imigra\u00e7\u00e3o Orlando - Peti\u00e7\u00f5es de Casamento e Noivo","_seopress_titles_desc":"O advogado de imigra\u00e7\u00e3o da PD Law pode ajud\u00e1-lo com peti\u00e7\u00f5es de c\u00f4njuges ou noivos. Entre em contato conosco pelo telefone (407) 490-0696","_seopress_robots_index":"","footnotes":""},"class_list":["post-749","page","type-page","status-publish","has-post-thumbnail","hentry","entry","post-inner"],"_links":{"self":[{"href":"https:\/\/pdlaworlando.com\/pt-br\/wp-json\/wp\/v2\/pages\/749","targetHints":{"allow":["GET"]}}],"collection":[{"href":"https:\/\/pdlaworlando.com\/pt-br\/wp-json\/wp\/v2\/pages"}],"about":[{"href":"https:\/\/pdlaworlando.com\/pt-br\/wp-json\/wp\/v2\/types\/page"}],"author":[{"embeddable":true,"href":"https:\/\/pdlaworlando.com\/pt-br\/wp-json\/wp\/v2\/users\/1"}],"replies":[{"embeddable":true,"href":"https:\/\/pdlaworlando.com\/pt-br\/wp-json\/wp\/v2\/comments?post=749"}],"version-history":[{"count":4,"href":"https:\/\/pdlaworlando.com\/pt-br\/wp-json\/wp\/v2\/pages\/749\/revisions"}],"predecessor-version":[{"id":1068,"href":"https:\/\/pdlaworlando.com\/pt-br\/wp-json\/wp\/v2\/pages\/749\/revisions\/1068"}],"up":[{"embeddable":true,"href":"https:\/\/pdlaworlando.com\/pt-br\/wp-json\/wp\/v2\/pages\/698"}],"wp:featuredmedia":[{"embeddable":true,"href":"https:\/\/pdlaworlando.com\/pt-br\/wp-json\/wp\/v2\/media\/612"}],"wp:attachment":[{"href":"https:\/\/pdlaworlando.com\/pt-br\/wp-json\/wp\/v2\/media?parent=749"}],"curies":[{"name":"wp","href":"https:\/\/api.w.org\/{rel}","templated":true}]}}