{"id":750,"date":"2017-02-03T17:28:26","date_gmt":"2017-02-03T22:28:26","guid":{"rendered":"https:\/\/pdlaworlando.com\/imigracao\/cidadania\/"},"modified":"2023-08-18T07:26:17","modified_gmt":"2023-08-18T12:26:17","slug":"cidadania","status":"publish","type":"page","link":"https:\/\/pdlaworlando.com\/pt-br\/imigracao\/cidadania\/","title":{"rendered":"Cidadania"},"content":{"rendered":"<div class=\"wpb-content-wrapper\">[vc_row][vc_column][vc_column_text]\n<h2>Tornar-se um cidad\u00e3o dos EUA<\/h2>\n<p>Existem 3 formas de obter a cidadania americana:<\/p>\n<ul>\n<li>De nascimento. Uma pessoa \u00e9 automaticamente cidad\u00e3 dos EUA se nascer nos Estados Unidos ou se nascer no estrangeiro de um progenitor cidad\u00e3o dos EUA, desde que se verifiquem determinadas condi\u00e7\u00f5es;<\/li>\n<li>Cumprir os requisitos da <a href=\"https:\/\/travel.state.gov\/content\/travel\/en\/Intercountry-Adoption\/adopt_ref\/adoption-FAQs\/child-citizenship-act-of-2000.html\">Lei da Cidadania Infantil<\/a>. A crian\u00e7a pode tornar-se automaticamente cidad\u00e3, mas recomenda-se a obten\u00e7\u00e3o de um certificado de cidadania.<\/li>\n<li>Um processo atrav\u00e9s do qual os n\u00e3o cidad\u00e3os podem tornar-se cidad\u00e3os dos EUA.<\/li>\n<\/ul>\n<p>Uma pessoa pode qualificar-se para a naturaliza\u00e7\u00e3o se tiver sido um residente permanente (green card) durante 5 anos ou se tiver sido um residente permanente durante 3 anos e for c\u00f4njuge de um cidad\u00e3o americano.<\/p>\n<p>Para se tornar cidad\u00e3o americano, \u00e9 necess\u00e1rio ter 18 anos de idade, demonstrar bom car\u00e1cter moral, cumprir os requisitos de resid\u00eancia, saber ler e escrever em ingl\u00eas e passar num teste de civismo americano.<\/p>\n<p>Os advogados de naturaliza\u00e7\u00e3o da PD Law Firm, P.A. podem gui\u00e1-lo atrav\u00e9s dos requisitos de resid\u00eancia e de bom car\u00e1cter moral e ajud\u00e1-lo a preparar-se para o teste c\u00edvico.<\/p>\n<p>Por favor, contacte-nos atrav\u00e9s do n\u00famero (407) 490-0696 ou utilizando o formul\u00e1rio \u00e0 direita para uma consulta sobre naturaliza\u00e7\u00e3o ou cidadania.[\/vc_column_text][\/vc_column][\/vc_row]\n<\/div>","protected":false},"excerpt":{"rendered":"<p>[vc_row][vc_column][vc_column_text] Tornar-se um cidad\u00e3o dos EUA Existem 3 formas de obter a cidadania americana: De nascimento. Uma pessoa \u00e9 automaticamente cidad\u00e3 dos EUA se nascer nos Estados Unidos ou se nascer no estrangeiro de um progenitor cidad\u00e3o dos EUA, desde que se verifiquem determinadas condi\u00e7\u00f5es; Cumprir os requisitos da Lei da Cidadania Infantil. A crian\u00e7a pode tornar-se automaticamente cidad\u00e3, mas recomenda-se a obten\u00e7\u00e3o de um certificado de cidadania. Um processo atrav\u00e9s do qual os n\u00e3o cidad\u00e3os podem tornar-se cidad\u00e3os dos EUA. Uma pessoa pode qualificar-se para a naturaliza\u00e7\u00e3o se tiver sido um residente permanente (green card) durante 5 anos ou se tiver sido um residente permanente durante 3 anos e for c\u00f4njuge de um cidad\u00e3o americano. Para se tornar cidad\u00e3o americano, \u00e9 necess\u00e1rio ter 18 anos de idade, demonstrar bom car\u00e1cter moral, cumprir os requisitos de resid\u00eancia, saber ler e escrever em ingl\u00eas e passar num teste de civismo americano. Os advogados de naturaliza\u00e7\u00e3o da PD Law Firm, P.A. podem gui\u00e1-lo atrav\u00e9s dos requisitos de resid\u00eancia e de bom car\u00e1cter moral e ajud\u00e1-lo a preparar-se para o teste c\u00edvico. Por favor, contacte-nos atrav\u00e9s do n\u00famero (407) 490-0696 ou utilizando o formul\u00e1rio \u00e0 direita para uma consulta sobre naturaliza\u00e7\u00e3o ou cidadania.[\/vc_column_text][\/vc_column][\/vc_row]<\/p>\n","protected":false},"author":1,"featured_media":612,"parent":698,"menu_order":4,"comment_status":"closed","ping_status":"closed","template":"","meta":{"_seopress_robots_primary_cat":"","_seopress_titles_title":"Advogado de Imigra\u00e7\u00e3o em Orlando - Obter o visto americano %%title%% %%page%% %%sep%% %%sitename%%","_seopress_titles_desc":"Pretende obter a cidadania americana? A PD Law, a principal ag\u00eancia de imigra\u00e7\u00e3o de Orlando, pode ajudar, Ligue para (407) 490-0696","_seopress_robots_index":"","footnotes":""},"class_list":["post-750","page","type-page","status-publish","has-post-thumbnail","hentry","entry","post-inner"],"_links":{"self":[{"href":"https:\/\/pdlaworlando.com\/pt-br\/wp-json\/wp\/v2\/pages\/750","targetHints":{"allow":["GET"]}}],"collection":[{"href":"https:\/\/pdlaworlando.com\/pt-br\/wp-json\/wp\/v2\/pages"}],"about":[{"href":"https:\/\/pdlaworlando.com\/pt-br\/wp-json\/wp\/v2\/types\/page"}],"author":[{"embeddable":true,"href":"https:\/\/pdlaworlando.com\/pt-br\/wp-json\/wp\/v2\/users\/1"}],"replies":[{"embeddable":true,"href":"https:\/\/pdlaworlando.com\/pt-br\/wp-json\/wp\/v2\/comments?post=750"}],"version-history":[{"count":2,"href":"https:\/\/pdlaworlando.com\/pt-br\/wp-json\/wp\/v2\/pages\/750\/revisions"}],"predecessor-version":[{"id":755,"href":"https:\/\/pdlaworlando.com\/pt-br\/wp-json\/wp\/v2\/pages\/750\/revisions\/755"}],"up":[{"embeddable":true,"href":"https:\/\/pdlaworlando.com\/pt-br\/wp-json\/wp\/v2\/pages\/698"}],"wp:featuredmedia":[{"embeddable":true,"href":"https:\/\/pdlaworlando.com\/pt-br\/wp-json\/wp\/v2\/media\/612"}],"wp:attachment":[{"href":"https:\/\/pdlaworlando.com\/pt-br\/wp-json\/wp\/v2\/media?parent=750"}],"curies":[{"name":"wp","href":"https:\/\/api.w.org\/{rel}","templated":true}]}}