{"id":751,"date":"2017-02-03T17:29:20","date_gmt":"2017-02-03T22:29:20","guid":{"rendered":"https:\/\/pdlaworlando.com\/imigracao\/estudantes\/"},"modified":"2023-08-18T07:27:27","modified_gmt":"2023-08-18T12:27:27","slug":"estudantes","status":"publish","type":"page","link":"https:\/\/pdlaworlando.com\/pt-br\/imigracao\/estudantes\/","title":{"rendered":"Estudantes"},"content":{"rendered":"<div class=\"wpb-content-wrapper\">[vc_row][vc_column][vc_column_text]\n<h2>Vistos de estudante: Estudar nos EUA.<\/h2>\n<p>Os vistos de estudante permitem que os cidad\u00e3os estrangeiros estudem nos EUA como estudantes a tempo inteiro ou em programas de forma\u00e7\u00e3o lingu\u00edstica. Existem duas categorias de vistos de estudante: F-1 e M1.<\/p>\n<p>Os vistos F-1 permitem que uma pessoa entre nos EUA como estudante a tempo inteiro numa institui\u00e7\u00e3o acad\u00e9mica aprovada num programa que conduza a um grau ou certificado. Os vistos M-1 est\u00e3o dispon\u00edveis para aqueles que se inscrevem em programas vocacionais. Estas s\u00e3o as condi\u00e7\u00f5es de elegibilidade:<\/p>\n<ul>\n<li>Deve estar inscrito num programa de ensino &#8220;acad\u00e9mico&#8221;, num programa de forma\u00e7\u00e3o lingu\u00edstica ou num programa profissional<\/li>\n<li>A sua escola deve ser aprovada pelo Programa de Estudantes e Visitantes de Interc\u00e2mbio, Immigration &amp; Customs Enforcement<\/li>\n<li>Estar inscrito como estudante a tempo inteiro na institui\u00e7\u00e3o<\/li>\n<li>Deve ser proficiente em ingl\u00eas ou estar inscrito em cursos que conduzam \u00e0 profici\u00eancia em ingl\u00eas<\/li>\n<li>O candidato deve dispor de fundos suficientes para se auto-sustentar durante todo o programa de estudos proposto<\/li>\n<li>Deve manter uma resid\u00eancia no estrangeiro da qual n\u00e3o tenciona abdicar.<\/li>\n<\/ul>\n<p>Os alunos F-1 n\u00e3o podem trabalhar durante o programa, mas podem aceitar certos tipos de emprego no campus. Os estudantes M-1 podem participar numa forma\u00e7\u00e3o pr\u00e1tica ap\u00f3s a conclus\u00e3o do curso.<\/p>\n<p>Os estudantes F-1 e M-1 podem trazer a sua esposa e filhos, mas estes dependentes n\u00e3o poder\u00e3o trabalhar enquanto estiverem nos EUA.<\/p>\n<p>Contacte-nos atrav\u00e9s do n\u00famero (407) 490-0696 ou utilizando o formul\u00e1rio \u00e0 direita para uma consulta sobre vistos de estudante.[\/vc_column_text][\/vc_column][\/vc_row]\n<\/div>","protected":false},"excerpt":{"rendered":"<p>[vc_row][vc_column][vc_column_text] Vistos de estudante: Estudar nos EUA. Os vistos de estudante permitem que os cidad\u00e3os estrangeiros estudem nos EUA como estudantes a tempo inteiro ou em programas de forma\u00e7\u00e3o lingu\u00edstica. Existem duas categorias de vistos de estudante: F-1 e M1. Os vistos F-1 permitem que uma pessoa entre nos EUA como estudante a tempo inteiro numa institui\u00e7\u00e3o acad\u00e9mica aprovada num programa que conduza a um grau ou certificado. Os vistos M-1 est\u00e3o dispon\u00edveis para aqueles que se inscrevem em programas vocacionais. Estas s\u00e3o as condi\u00e7\u00f5es de elegibilidade: Deve estar inscrito num programa de ensino &#8220;acad\u00e9mico&#8221;, num programa de forma\u00e7\u00e3o lingu\u00edstica ou num programa profissional A sua escola deve ser aprovada pelo Programa de Estudantes e Visitantes de Interc\u00e2mbio, Immigration &amp; Customs Enforcement Estar inscrito como estudante a tempo inteiro na institui\u00e7\u00e3o Deve ser proficiente em ingl\u00eas ou estar inscrito em cursos que conduzam \u00e0 profici\u00eancia em ingl\u00eas O candidato deve dispor de fundos suficientes para se auto-sustentar durante todo o programa de estudos proposto Deve manter uma resid\u00eancia no estrangeiro da qual n\u00e3o tenciona abdicar. Os alunos F-1 n\u00e3o podem trabalhar durante o programa, mas podem aceitar certos tipos de emprego no campus. Os estudantes M-1 podem participar numa forma\u00e7\u00e3o pr\u00e1tica ap\u00f3s a conclus\u00e3o do curso. Os estudantes F-1 e M-1 podem trazer a sua esposa e filhos, mas estes dependentes n\u00e3o poder\u00e3o trabalhar enquanto estiverem nos EUA. Contacte-nos atrav\u00e9s do n\u00famero (407) 490-0696 ou utilizando o formul\u00e1rio \u00e0 direita para uma consulta sobre vistos de estudante.[\/vc_column_text][\/vc_column][\/vc_row]<\/p>\n","protected":false},"author":1,"featured_media":612,"parent":698,"menu_order":7,"comment_status":"closed","ping_status":"closed","template":"","meta":{"_seopress_robots_primary_cat":"","_seopress_titles_title":"Advogado para vistos de estudante em Orlando %%page%% %%sep%% %%sitename%%","_seopress_titles_desc":"Os vistos de estudante permitem que os cidad\u00e3os estrangeiros estudem nos EUA como estudantes a tempo inteiro. Deixe-nos ajud\u00e1-lo a qualificar-se, ligue para 407-490-0696","_seopress_robots_index":"","footnotes":""},"class_list":["post-751","page","type-page","status-publish","has-post-thumbnail","hentry","entry","post-inner"],"_links":{"self":[{"href":"https:\/\/pdlaworlando.com\/pt-br\/wp-json\/wp\/v2\/pages\/751","targetHints":{"allow":["GET"]}}],"collection":[{"href":"https:\/\/pdlaworlando.com\/pt-br\/wp-json\/wp\/v2\/pages"}],"about":[{"href":"https:\/\/pdlaworlando.com\/pt-br\/wp-json\/wp\/v2\/types\/page"}],"author":[{"embeddable":true,"href":"https:\/\/pdlaworlando.com\/pt-br\/wp-json\/wp\/v2\/users\/1"}],"replies":[{"embeddable":true,"href":"https:\/\/pdlaworlando.com\/pt-br\/wp-json\/wp\/v2\/comments?post=751"}],"version-history":[{"count":2,"href":"https:\/\/pdlaworlando.com\/pt-br\/wp-json\/wp\/v2\/pages\/751\/revisions"}],"predecessor-version":[{"id":761,"href":"https:\/\/pdlaworlando.com\/pt-br\/wp-json\/wp\/v2\/pages\/751\/revisions\/761"}],"up":[{"embeddable":true,"href":"https:\/\/pdlaworlando.com\/pt-br\/wp-json\/wp\/v2\/pages\/698"}],"wp:featuredmedia":[{"embeddable":true,"href":"https:\/\/pdlaworlando.com\/pt-br\/wp-json\/wp\/v2\/media\/612"}],"wp:attachment":[{"href":"https:\/\/pdlaworlando.com\/pt-br\/wp-json\/wp\/v2\/media?parent=751"}],"curies":[{"name":"wp","href":"https:\/\/api.w.org\/{rel}","templated":true}]}}