{"id":752,"date":"2017-02-03T17:29:02","date_gmt":"2017-02-03T22:29:02","guid":{"rendered":"https:\/\/pdlaworlando.com\/imigracao\/asilo\/"},"modified":"2023-08-18T07:26:59","modified_gmt":"2023-08-18T12:26:59","slug":"asilo","status":"publish","type":"page","link":"https:\/\/pdlaworlando.com\/pt-br\/imigracao\/asilo\/","title":{"rendered":"Asilo"},"content":{"rendered":"<div class=\"wpb-content-wrapper\">[vc_row][vc_column][vc_column_text]\n<h2>Pedido de asilo<\/h2>\n<p>O asilo pode ser concedido a quem vem para os EUA para fugir a persegui\u00e7\u00f5es com base na ra\u00e7a, religi\u00e3o, nacionalidade, opini\u00e3o pol\u00edtica ou por fazer parte de um determinado grupo social. Os requerentes de asilo devem demonstrar um receio bem fundamentado de serem perseguidos se regressarem aos seus pa\u00edses de origem.<\/p>\n<p>As pessoas que re\u00fanem as condi\u00e7\u00f5es para obter asilo s\u00e3o autorizadas a permanecer nos EUA e a trabalhar, incluindo a mulher e os filhos com menos de 21 anos de idade. \u00c9 poss\u00edvel pedir asilo quando se chega aos Estados Unidos ou depois de estar no pa\u00eds at\u00e9 um ano (podem aplicar-se excep\u00e7\u00f5es).<\/p>\n<p>Na PD Law Firm, P.A., gui\u00e1-lo-emos ao longo do processo. Contacte-nos atrav\u00e9s do n\u00famero (407) 490-0696 ou utilizando o formul\u00e1rio \u00e0 direita para uma consulta para discutir o asilo.[\/vc_column_text][\/vc_column][\/vc_row]\n<\/div>","protected":false},"excerpt":{"rendered":"<p>[vc_row][vc_column][vc_column_text] Pedido de asilo O asilo pode ser concedido a quem vem para os EUA para fugir a persegui\u00e7\u00f5es com base na ra\u00e7a, religi\u00e3o, nacionalidade, opini\u00e3o pol\u00edtica ou por fazer parte de um determinado grupo social. Os requerentes de asilo devem demonstrar um receio bem fundamentado de serem perseguidos se regressarem aos seus pa\u00edses de origem. As pessoas que re\u00fanem as condi\u00e7\u00f5es para obter asilo s\u00e3o autorizadas a permanecer nos EUA e a trabalhar, incluindo a mulher e os filhos com menos de 21 anos de idade. \u00c9 poss\u00edvel pedir asilo quando se chega aos Estados Unidos ou depois de estar no pa\u00eds at\u00e9 um ano (podem aplicar-se excep\u00e7\u00f5es). Na PD Law Firm, P.A., gui\u00e1-lo-emos ao longo do processo. Contacte-nos atrav\u00e9s do n\u00famero (407) 490-0696 ou utilizando o formul\u00e1rio \u00e0 direita para uma consulta para discutir o asilo.[\/vc_column_text][\/vc_column][\/vc_row]<\/p>\n","protected":false},"author":1,"featured_media":612,"parent":698,"menu_order":6,"comment_status":"closed","ping_status":"closed","template":"","meta":{"_seopress_robots_primary_cat":"","_seopress_titles_title":"%%title%% Advogado de Imigra\u00e7\u00e3o em Orlando %%page%% %%sep%% %%sitename%%","_seopress_titles_desc":"O asilo pode ser concedido \u00e0s pessoas que v\u00eam para os EUA para fugir de persegui\u00e7\u00f5es com base na ra\u00e7a, religi\u00e3o, nacionalidade, opini\u00e3o pol\u00edtica","_seopress_robots_index":"","footnotes":""},"class_list":["post-752","page","type-page","status-publish","has-post-thumbnail","hentry","entry","post-inner"],"_links":{"self":[{"href":"https:\/\/pdlaworlando.com\/pt-br\/wp-json\/wp\/v2\/pages\/752","targetHints":{"allow":["GET"]}}],"collection":[{"href":"https:\/\/pdlaworlando.com\/pt-br\/wp-json\/wp\/v2\/pages"}],"about":[{"href":"https:\/\/pdlaworlando.com\/pt-br\/wp-json\/wp\/v2\/types\/page"}],"author":[{"embeddable":true,"href":"https:\/\/pdlaworlando.com\/pt-br\/wp-json\/wp\/v2\/users\/1"}],"replies":[{"embeddable":true,"href":"https:\/\/pdlaworlando.com\/pt-br\/wp-json\/wp\/v2\/comments?post=752"}],"version-history":[{"count":2,"href":"https:\/\/pdlaworlando.com\/pt-br\/wp-json\/wp\/v2\/pages\/752\/revisions"}],"predecessor-version":[{"id":760,"href":"https:\/\/pdlaworlando.com\/pt-br\/wp-json\/wp\/v2\/pages\/752\/revisions\/760"}],"up":[{"embeddable":true,"href":"https:\/\/pdlaworlando.com\/pt-br\/wp-json\/wp\/v2\/pages\/698"}],"wp:featuredmedia":[{"embeddable":true,"href":"https:\/\/pdlaworlando.com\/pt-br\/wp-json\/wp\/v2\/media\/612"}],"wp:attachment":[{"href":"https:\/\/pdlaworlando.com\/pt-br\/wp-json\/wp\/v2\/media?parent=752"}],"curies":[{"name":"wp","href":"https:\/\/api.w.org\/{rel}","templated":true}]}}