{"id":763,"date":"2017-02-03T17:28:46","date_gmt":"2017-02-03T22:28:46","guid":{"rendered":"https:\/\/pdlaworlando.com\/imigracao\/renuncias\/"},"modified":"2023-08-18T07:26:41","modified_gmt":"2023-08-18T12:26:41","slug":"renuncias","status":"publish","type":"page","link":"https:\/\/pdlaworlando.com\/pt-br\/imigracao\/renuncias\/","title":{"rendered":"Ren\u00fancias"},"content":{"rendered":"<div class=\"wpb-content-wrapper\">[vc_row][vc_column][vc_column_text]\n<h2>Dispensa de presen\u00e7a ilegal<\/h2>\n<p>Alguns requerentes podem qualificar-se para uma dispensa a fim de evitar a separa\u00e7\u00e3o e as dificuldades dos seus familiares cidad\u00e3os ou residentes nos EUA. As isen\u00e7\u00f5es por presen\u00e7a ilegal permitem que os requerentes obtenham um &#8220;perd\u00e3o&#8221; provis\u00f3rio <em>antes de<\/em> comparecerem a uma entrevista num consulado no estrangeiro e poderem regressar aos EUA. Este processo de isen\u00e7\u00e3o permite que as pessoas que tenham ultrapassado o prazo de validade dos seus vistos ou que tenham entrado sem visto regularizem o seu estatuto de imigra\u00e7\u00e3o.<\/p>\n<p>Para obter uma isen\u00e7\u00e3o de presen\u00e7a ilegal, \u00e9 necess\u00e1rio<\/p>\n<ul>\n<li>Estar fisicamente presente nos EUA no momento do preenchimento da isen\u00e7\u00e3o.<\/li>\n<li>Ter uma peti\u00e7\u00e3o aprovada por um cidad\u00e3o americano ou parente direto residente permanente.<\/li>\n<li>Demonstrar dificuldades extremas para o cidad\u00e3o americano ou parente imediato residente permanente.<\/li>\n<\/ul>\n<p>Contacte-nos atrav\u00e9s do n\u00famero (407) 490-0696 ou utilizando o formul\u00e1rio \u00e0 direita para uma consulta sobre isen\u00e7\u00f5es.[\/vc_column_text][\/vc_column][\/vc_row]\n<\/div>","protected":false},"excerpt":{"rendered":"<p>[vc_row][vc_column][vc_column_text] Dispensa de presen\u00e7a ilegal Alguns requerentes podem qualificar-se para uma dispensa a fim de evitar a separa\u00e7\u00e3o e as dificuldades dos seus familiares cidad\u00e3os ou residentes nos EUA. As isen\u00e7\u00f5es por presen\u00e7a ilegal permitem que os requerentes obtenham um &#8220;perd\u00e3o&#8221; provis\u00f3rio antes de comparecerem a uma entrevista num consulado no estrangeiro e poderem regressar aos EUA. Este processo de isen\u00e7\u00e3o permite que as pessoas que tenham ultrapassado o prazo de validade dos seus vistos ou que tenham entrado sem visto regularizem o seu estatuto de imigra\u00e7\u00e3o. Para obter uma isen\u00e7\u00e3o de presen\u00e7a ilegal, \u00e9 necess\u00e1rio Estar fisicamente presente nos EUA no momento do preenchimento da isen\u00e7\u00e3o. Ter uma peti\u00e7\u00e3o aprovada por um cidad\u00e3o americano ou parente direto residente permanente. Demonstrar dificuldades extremas para o cidad\u00e3o americano ou parente imediato residente permanente. Contacte-nos atrav\u00e9s do n\u00famero (407) 490-0696 ou utilizando o formul\u00e1rio \u00e0 direita para uma consulta sobre isen\u00e7\u00f5es.[\/vc_column_text][\/vc_column][\/vc_row]<\/p>\n","protected":false},"author":1,"featured_media":612,"parent":698,"menu_order":5,"comment_status":"closed","ping_status":"closed","template":"","meta":{"_seopress_robots_primary_cat":"","_seopress_titles_title":"Advogados de Imigra\u00e7\u00e3o de Orlando - Isen\u00e7\u00e3o de Presen\u00e7a Ilegal %%page%% %%sep%% %%sitename%%","_seopress_titles_desc":"Alguns requerentes podem qualificar-se para uma dispensa a fim de evitar a separa\u00e7\u00e3o e as dificuldades dos seus familiares cidad\u00e3os ou residentes nos EUA.","_seopress_robots_index":"","footnotes":""},"class_list":["post-763","page","type-page","status-publish","has-post-thumbnail","hentry","entry","post-inner"],"_links":{"self":[{"href":"https:\/\/pdlaworlando.com\/pt-br\/wp-json\/wp\/v2\/pages\/763","targetHints":{"allow":["GET"]}}],"collection":[{"href":"https:\/\/pdlaworlando.com\/pt-br\/wp-json\/wp\/v2\/pages"}],"about":[{"href":"https:\/\/pdlaworlando.com\/pt-br\/wp-json\/wp\/v2\/types\/page"}],"author":[{"embeddable":true,"href":"https:\/\/pdlaworlando.com\/pt-br\/wp-json\/wp\/v2\/users\/1"}],"replies":[{"embeddable":true,"href":"https:\/\/pdlaworlando.com\/pt-br\/wp-json\/wp\/v2\/comments?post=763"}],"version-history":[{"count":2,"href":"https:\/\/pdlaworlando.com\/pt-br\/wp-json\/wp\/v2\/pages\/763\/revisions"}],"predecessor-version":[{"id":767,"href":"https:\/\/pdlaworlando.com\/pt-br\/wp-json\/wp\/v2\/pages\/763\/revisions\/767"}],"up":[{"embeddable":true,"href":"https:\/\/pdlaworlando.com\/pt-br\/wp-json\/wp\/v2\/pages\/698"}],"wp:featuredmedia":[{"embeddable":true,"href":"https:\/\/pdlaworlando.com\/pt-br\/wp-json\/wp\/v2\/media\/612"}],"wp:attachment":[{"href":"https:\/\/pdlaworlando.com\/pt-br\/wp-json\/wp\/v2\/media?parent=763"}],"curies":[{"name":"wp","href":"https:\/\/api.w.org\/{rel}","templated":true}]}}