{"id":765,"date":"2017-02-03T17:29:56","date_gmt":"2017-02-03T22:29:56","guid":{"rendered":"https:\/\/pdlaworlando.com\/imigracao\/prorrogacao-do-visto\/"},"modified":"2023-08-18T07:27:47","modified_gmt":"2023-08-18T12:27:47","slug":"prorrogacao-do-visto","status":"publish","type":"page","link":"https:\/\/pdlaworlando.com\/pt-br\/imigracao\/prorrogacao-do-visto\/","title":{"rendered":"Prorroga\u00e7\u00e3o do visto"},"content":{"rendered":"<div class=\"wpb-content-wrapper\">[vc_row][vc_column][vc_column_text]\n<h2>Advogado de Extens\u00e3o de Visto de Orlando<\/h2>\n<p>Os vistos para n\u00e3o-imigrantes s\u00e3o todos limitados no tempo. Estes expiram ap\u00f3s um per\u00edodo de tempo pr\u00e9-determinado e o imigrante \u00e9 obrigado a regressar ao seu pa\u00eds de origem. Nalguns casos, o imigrante pode n\u00e3o ter terminado as suas fun\u00e7\u00f5es nos Estados Unidos, ou pode simplesmente desejar prolongar a sua estadia no pa\u00eds. Em muitas circunst\u00e2ncias, pode ser utilizado um Formul\u00e1rio I-539, Application to Extend \/ Change Non-Immigrant Status (Pedido de extens\u00e3o\/altera\u00e7\u00e3o do estatuto de n\u00e3o imigrante), para resolver este problema.<\/p>\n<h3>Precisa de prolongar a sua estadia?<\/h3>\n<p>As pessoas que pretendam prolongar a sua estadia nos EUA devem apresentar um pedido de prolongamento do visto junto dos Servi\u00e7os de Cidadania e Imigra\u00e7\u00e3o dos EUA. \u00c9 necess\u00e1rio solicitar uma extens\u00e3o do visto antes de o seu estatuto atual expirar ou enfrentar poss\u00edveis barreiras \u00e0 entrada nos EUA. Devem ser cumpridos os seguintes requisitos:<\/p>\n<ul>\n<li>Foi legalmente admitido nos Estados Unidos com um visto de n\u00e3o-imigrante<\/li>\n<li>O seu estatuto de visto de n\u00e3o-imigrante permanece v\u00e1lido<\/li>\n<li>N\u00e3o cometeu nenhum crime que o torne ineleg\u00edvel para um visto<\/li>\n<li>N\u00e3o violou as condi\u00e7\u00f5es da sua admiss\u00e3o<\/li>\n<li>O seu passaporte \u00e9 v\u00e1lido e permanecer\u00e1 v\u00e1lido durante toda a sua estadia<\/li>\n<\/ul>\n<p>Contacte-nos atrav\u00e9s do n\u00famero (407) 490-0696 ou utilizando o formul\u00e1rio \u00e0 direita para uma consulta sobre extens\u00f5es de vistos.[\/vc_column_text][\/vc_column][\/vc_row]\n<\/div>","protected":false},"excerpt":{"rendered":"<p>[vc_row][vc_column][vc_column_text] Advogado de Extens\u00e3o de Visto de Orlando Os vistos para n\u00e3o-imigrantes s\u00e3o todos limitados no tempo. Estes expiram ap\u00f3s um per\u00edodo de tempo pr\u00e9-determinado e o imigrante \u00e9 obrigado a regressar ao seu pa\u00eds de origem. Nalguns casos, o imigrante pode n\u00e3o ter terminado as suas fun\u00e7\u00f5es nos Estados Unidos, ou pode simplesmente desejar prolongar a sua estadia no pa\u00eds. Em muitas circunst\u00e2ncias, pode ser utilizado um Formul\u00e1rio I-539, Application to Extend \/ Change Non-Immigrant Status (Pedido de extens\u00e3o\/altera\u00e7\u00e3o do estatuto de n\u00e3o imigrante), para resolver este problema. Precisa de prolongar a sua estadia? As pessoas que pretendam prolongar a sua estadia nos EUA devem apresentar um pedido de prolongamento do visto junto dos Servi\u00e7os de Cidadania e Imigra\u00e7\u00e3o dos EUA. \u00c9 necess\u00e1rio solicitar uma extens\u00e3o do visto antes de o seu estatuto atual expirar ou enfrentar poss\u00edveis barreiras \u00e0 entrada nos EUA. Devem ser cumpridos os seguintes requisitos: Foi legalmente admitido nos Estados Unidos com um visto de n\u00e3o-imigrante O seu estatuto de visto de n\u00e3o-imigrante permanece v\u00e1lido N\u00e3o cometeu nenhum crime que o torne ineleg\u00edvel para um visto N\u00e3o violou as condi\u00e7\u00f5es da sua admiss\u00e3o O seu passaporte \u00e9 v\u00e1lido e permanecer\u00e1 v\u00e1lido durante toda a sua estadia Contacte-nos atrav\u00e9s do n\u00famero (407) 490-0696 ou utilizando o formul\u00e1rio \u00e0 direita para uma consulta sobre extens\u00f5es de vistos.[\/vc_column_text][\/vc_column][\/vc_row]<\/p>\n","protected":false},"author":1,"featured_media":612,"parent":698,"menu_order":8,"comment_status":"closed","ping_status":"closed","template":"","meta":{"_seopress_robots_primary_cat":"","_seopress_titles_title":"Orlando %%title%% Advogado %%page%% %%sep%% %%sitename%%","_seopress_titles_desc":"Precisa de uma prorroga\u00e7\u00e3o do visto? No escrit\u00f3rio de advocacia PD Law Firm, podemos ajud\u00e1-lo com o processo de extens\u00e3o do visto americano. Ligue para (407) 490-0696","_seopress_robots_index":"","footnotes":""},"class_list":["post-765","page","type-page","status-publish","has-post-thumbnail","hentry","entry","post-inner"],"_links":{"self":[{"href":"https:\/\/pdlaworlando.com\/pt-br\/wp-json\/wp\/v2\/pages\/765","targetHints":{"allow":["GET"]}}],"collection":[{"href":"https:\/\/pdlaworlando.com\/pt-br\/wp-json\/wp\/v2\/pages"}],"about":[{"href":"https:\/\/pdlaworlando.com\/pt-br\/wp-json\/wp\/v2\/types\/page"}],"author":[{"embeddable":true,"href":"https:\/\/pdlaworlando.com\/pt-br\/wp-json\/wp\/v2\/users\/1"}],"replies":[{"embeddable":true,"href":"https:\/\/pdlaworlando.com\/pt-br\/wp-json\/wp\/v2\/comments?post=765"}],"version-history":[{"count":2,"href":"https:\/\/pdlaworlando.com\/pt-br\/wp-json\/wp\/v2\/pages\/765\/revisions"}],"predecessor-version":[{"id":769,"href":"https:\/\/pdlaworlando.com\/pt-br\/wp-json\/wp\/v2\/pages\/765\/revisions\/769"}],"up":[{"embeddable":true,"href":"https:\/\/pdlaworlando.com\/pt-br\/wp-json\/wp\/v2\/pages\/698"}],"wp:featuredmedia":[{"embeddable":true,"href":"https:\/\/pdlaworlando.com\/pt-br\/wp-json\/wp\/v2\/media\/612"}],"wp:attachment":[{"href":"https:\/\/pdlaworlando.com\/pt-br\/wp-json\/wp\/v2\/media?parent=765"}],"curies":[{"name":"wp","href":"https:\/\/api.w.org\/{rel}","templated":true}]}}