{"id":771,"date":"2017-02-03T17:27:56","date_gmt":"2017-02-03T22:27:56","guid":{"rendered":"https:\/\/pdlaworlando.com\/imigracao\/negocios\/"},"modified":"2023-08-18T07:25:37","modified_gmt":"2023-08-18T12:25:37","slug":"negocios","status":"publish","type":"page","link":"https:\/\/pdlaworlando.com\/pt-br\/imigracao\/negocios\/","title":{"rendered":"Neg\u00f3cios"},"content":{"rendered":"<div class=\"wpb-content-wrapper\">[vc_row][vc_column][vc_column_text css=&#8221;.vc_custom_1488316719366{margin-bottom: 10px !important;}&#8221;]\n<h2>Vistos de investidor<\/h2>\n[\/vc_column_text][vc_tta_accordion spacing=&#8221;2&#8243; gap=&#8221;25&#8243; active_section=&#8221;&#8221; collapsible_all=&#8221;true&#8221;][vc_tta_section title=&#8221;E1 e E2&#8243; tab_id=&#8221;1488315474652-970825f3-9cef&#8221;][vc_column_text]Os vistos E baseiam-se em tratados que os Estados Unidos mant\u00eam com outros pa\u00edses. Os vistos E est\u00e3o dispon\u00edveis para comerciantes e investidores internacionais que sejam nacionais ou cidad\u00e3os desses pa\u00edses.<\/p>\n<h4>E1 &#8211; Comerciantes do Tratado<\/h4>\n<p>Os comerciantes abrangidos pelo tratado s\u00e3o aqueles que efectuam um com\u00e9rcio substancial de bens, servi\u00e7os e tecnologia entre os EUA e um pa\u00eds estrangeiro abrangido pelo tratado. Para ser eleg\u00edvel, devem ser cumpridos os seguintes crit\u00e9rios<\/p>\n<ul>\n<li>Deve ser nacional de um pa\u00eds com o qual os Estados Unidos mant\u00eam um tratado<\/li>\n<li>Efetuar trocas comerciais substanciais<\/li>\n<li>Conduzir o com\u00e9rcio principal entre os Estados Unidos e o pa\u00eds do tratado<\/li>\n<\/ul>\n<p>O que \u00e9 o com\u00e9rcio?<\/p>\n<p>O com\u00e9rcio \u00e9 a troca internacional de artigos entre os Estados Unidos e o pa\u00eds do tratado. Esses artigos podem incluir bens, servi\u00e7os, seguros, transportes, turismo, tecnologia, etc.<\/p>\n<p>O que \u00e9 um com\u00e9rcio substancial?<\/p>\n<p>\u00c9 o fluxo cont\u00ednuo de itens. N\u00e3o h\u00e1 requisitos m\u00ednimos para o montante monet\u00e1rio ou o volume de cada transa\u00e7\u00e3o, mas a t\u00f3nica \u00e9 colocada no n\u00famero de transac\u00e7\u00f5es ao longo do tempo.<\/p>\n<p>O que \u00e9 o com\u00e9rcio principal?<\/p>\n<p>Mais de 50% do montante total do com\u00e9rcio efectuado deve ser entre os Estados Unidos e o pa\u00eds signat\u00e1rio do tratado.<\/p>\n<p>Quem pode ser considerado empregado de um operador econ\u00f3mico vinculado por um tratado?<\/p>\n<p>Para se poder ser empregado de um operador econ\u00f3mico vinculado por um tratado, \u00e9 necess\u00e1rio ter a mesma nacionalidade que o operador econ\u00f3mico vinculado por um tratado, corresponder \u00e0 defini\u00e7\u00e3o de empregado, ocupar um cargo de supervis\u00e3o ou executivo ou possuir compet\u00eancias especiais.<\/p>\n<p>Contacte-nos atrav\u00e9s do n\u00famero (407) 490-0696 ou utilizando o formul\u00e1rio \u00e0 direita para uma consulta inicial gratuita sobre vistos E1.<\/p>\n<h4>E2 &#8211; Investidor do Tratado<\/h4>\n<p>O programa de visto E-2 oferece privil\u00e9gios de imigra\u00e7\u00e3o a investidores que s\u00e3o cidad\u00e3os de pa\u00edses que mant\u00eam tratados de com\u00e9rcio com os Estados Unidos. O Visto de Investidor do Tratado E-2 aplica-se a quem faz um investimento de capital consider\u00e1vel numa empresa localizada nos Estados Unidos. Um investidor do tratado deve cumprir os seguintes crit\u00e9rios para se qualificar para um visto E-2:<\/p>\n<ul>\n<li>A pessoa ou empresa deve ser nacional de um pa\u00eds com o qual os Estados Unidos mant\u00eam um tratado.<\/li>\n<li>O indiv\u00edduo ou a empresa fez ou est\u00e1 a fazer um <em>investimento substancial de capital<\/em>(ver explica\u00e7\u00e3o abaixo) numa empresa comercial de boa-f\u00e9 nos Estados Unidos.<\/li>\n<li>O indiv\u00edduo \u00e9 o principal investidor que ir\u00e1 dirigir e desenvolver a empresa, ou um executivo, supervisor ou empregado cujos servi\u00e7os s\u00e3o essenciais para o funcionamento eficiente da empresa americana.<\/li>\n<\/ul>\n<p>O investimento de capital consiste na coloca\u00e7\u00e3o de capital, incluindo fundos ou outros activos, em risco no sentido comercial, com o objetivo de gerar lucro. Para ser eleg\u00edvel, o capital deve estar sujeito a perdas se o investimento falhar. O investidor do Tratado deve demonstrar que os fundos n\u00e3o foram obtidos atrav\u00e9s de actividades criminosas.<\/p>\n<p>O investimento substancial \u00e9 1) substanciais em rela\u00e7\u00e3o \u00e0 aquisi\u00e7\u00e3o de uma empresa estabelecida ou \u00e0 cria\u00e7\u00e3o de uma nova empresa; 2) suficientes para assegurar o empenhamento financeiro do investidor no tratado para o bom funcionamento da empresa; e 3) De uma dimens\u00e3o que permita garantir a probabilidade de o investidor do Tratado desenvolver e dirigir com \u00eaxito a empresa.<\/p>\n<p>\u00c9 igualmente necess\u00e1rio que o investimento seja efectuado numa empresa de boa f\u00e9. Uma empresa de boa-f\u00e9 \u00e9 uma empresa comercial ou empresarial ativa e em funcionamento que produz servi\u00e7os ou bens com fins lucrativos. A empresa deve cumprir os requisitos legais aplic\u00e1veis para exercer a sua atividade no seu local de implanta\u00e7\u00e3o. \u00c9 importante notar que a empresa deve ser de natureza ativa, o que significa que os investimentos passivos, tais como os das bolsas de valores e os do sector imobili\u00e1rio, n\u00e3o s\u00e3o eleg\u00edveis.<\/p>\n<p>Os vistos E2 permitem uma estadia inicial m\u00e1xima de dois anos. Podem ser concedidas prorroga\u00e7\u00f5es de at\u00e9 dois anos cada, se as condi\u00e7\u00f5es n\u00e3o se tiverem alterado e se o tratado com o pa\u00eds de origem do investidor continuar em vigor. Os titulares do visto E-2 podem solicitar qualifica\u00e7\u00f5es de dependente n\u00e3o imigrante para c\u00f4njuges e filhos com menos de vinte e um anos, permitindo que os filhos frequentem a escola e os c\u00f4njuges obtenham uma autoriza\u00e7\u00e3o de trabalho.<\/p>\n<p>Contacte-nos atrav\u00e9s do n\u00famero (407) 490-0696 ou utilizando o formul\u00e1rio \u00e0 direita para uma consulta sobre vistos E2.[\/vc_column_text][\/vc_tta_section][vc_tta_section title=&#8221;EB5&#8243; tab_id=&#8221;1488315474698-6b14f485-42ca&#8221;][vc_column_text]As leis de imigra\u00e7\u00e3o dos EUA disponibilizam vistos a investidores imigrantes que pretendam entrar nos Estados Unidos para se envolverem em novas empresas comerciais. Exige que as empresas comerciais beneficiem a economia dos EUA atrav\u00e9s da cria\u00e7\u00e3o de emprego e do investimento de capital. Para se qualificar como investidor imigrante, um cidad\u00e3o estrangeiro deve investir, sem contrair empr\u00e9stimos, os seguintes montantes m\u00ednimos numa empresa comercial eleg\u00edvel:<\/p>\n<ul>\n<li>US$ 1.000.000 (EUA); ou<\/li>\n<li>$500.000 (E.U.A.) numa zona de desemprego elevado ou numa zona rural, considerada uma zona de emprego espec\u00edfica. Uma zona de emprego espec\u00edfica \u00e9 uma zona que, na altura do investimento, \u00e9 uma zona rural ou uma zona com uma taxa de desemprego de, pelo menos, 150% da taxa m\u00e9dia nacional.<\/li>\n<\/ul>\n<ol>\n<li style=\"list-style-type: none;\">\n<\/li>\n<\/ol>\n<p>O investidor deve demonstrar a origem do investimento de capital. Por capital entende-se dinheiro, equipamento, invent\u00e1rio, outros bens tang\u00edveis, equivalentes de caixa e endividamento garantido por activos pertencentes ao empres\u00e1rio estrangeiro. O investidor deve demonstrar a origem do capital, demonstrando que este prov\u00e9m de um pa\u00eds estrangeiro e de fontes l\u00edcitas.<\/p>\n<p>Um investimento eleg\u00edvel deve, no prazo de dois anos, criar ou manter empregos a tempo inteiro para pelo menos dez cidad\u00e3os americanos, residentes permanentes legais ou outros imigrantes autorizados a trabalhar nos Estados Unidos. Este n\u00famero n\u00e3o deve incluir o investidor, o c\u00f4njuge e os filhos do investidor<\/p>\n<p>Os postos de trabalho criados ou mantidos podem ser directos ou indirectos. Os empregos directos s\u00e3o empregos reais identific\u00e1veis para trabalhadores qualificados, no \u00e2mbito da empresa em que o investidor EB-5 investiu diretamente o capital. Os empregos indirectos s\u00e3o criados colateralmente ou em resultado do capital investido numa empresa comercial. \u00c9 importante notar que um investidor estrangeiro s\u00f3 pode utilizar o c\u00e1lculo do emprego indireto se estiver associado a um centro de investimento regional. Os postos de trabalho criados ou mantidos devem ser a tempo inteiro. Para ser considerado a tempo inteiro, um trabalhador eleg\u00edvel deve ser empregado pela nova empresa comercial numa posi\u00e7\u00e3o que exija um m\u00ednimo de 35 horas de trabalho por semana.<\/p>\n<p>Os vistos de investidor tamb\u00e9m est\u00e3o dispon\u00edveis para aqueles que investem em empresas comerciais associadas a centros regionais destinados a promover o crescimento econ\u00f3mico. Esta \u00e9 uma alternativa vi\u00e1vel para quem procura uma abordagem sem interven\u00e7\u00e3o e pouco ou nenhum retorno do investimento. O investimento necess\u00e1rio num Centro Regional \u00e9 de $500.000 (EUA).<\/p>\n<p>Ao investidor EB-5 e \u00e0 sua fam\u00edlia \u00e9 concedido o estatuto de residente permanente condicional por um per\u00edodo de dois anos. Este estatuto condicional baseia-se no facto de o investidor cumprir os requisitos do visto EB-5. Ap\u00f3s este per\u00edodo de dois anos, o investidor e a sua fam\u00edlia podem requerer a remo\u00e7\u00e3o das condi\u00e7\u00f5es do seu &#8220;green card&#8221;.<\/p>\n<p>Por favor, contacte-nos atrav\u00e9s do n\u00famero (407) 490-0696 ou utilizando o formul\u00e1rio \u00e0 direita para uma consulta sobre vistos EB5.[\/vc_column_text][\/vc_tta_section][\/vc_tta_accordion][vc_column_text css=&#8221;.vc_custom_1488316702814{margin-top: 25px !important;margin-bottom: 10px !important;}&#8221;]\n<h2>Vistos de trabalho<\/h2>\n[\/vc_column_text][vc_tta_accordion spacing=&#8221;2&#8243; gap=&#8221;25&#8243; active_section=&#8221;&#8221; collapsible_all=&#8221;true&#8221;][vc_tta_section title=&#8221;H1B&#8221; tab_id=&#8221;1488315931531-d1b61510-8260&#8243;][vc_column_text]Os profissionais que pretendem trabalhar nos Estados Unidos podem candidatar-se a um visto H1B. Para se qualificar para um H1B, s\u00e3o necess\u00e1rios os seguintes requisitos<\/p>\n<ul>\n<li>Uma entidade patronal nos EUA deve estabelecer a necessidade de um profissional numa profiss\u00e3o e a entidade patronal deve estar disposta a patrocinar um cidad\u00e3o estrangeiro.<\/li>\n<li>As profiss\u00f5es liberais s\u00e3o aquelas que exigem um conhecimento espec\u00edfico, como os engenheiros, os m\u00e9dicos, os professores, os contabilistas e os empres\u00e1rios, os arquitectos e muitas outras profiss\u00f5es.<\/li>\n<li>O profissional deve demonstrar que possui as qualifica\u00e7\u00f5es necess\u00e1rias. Estas qualifica\u00e7\u00f5es podem ser preenchidas por diplomas ou experi\u00eancia equivalente.<\/li>\n<li>A entidade patronal deve solicitar uma certifica\u00e7\u00e3o ao Departamento do Trabalho dos EUA. Uma vez obtida a certifica\u00e7\u00e3o do Departamento do Trabalho, a entidade patronal pode apresentar uma peti\u00e7\u00e3o \u00e0s autoridades de imigra\u00e7\u00e3o dos EUA.<\/li>\n<\/ul>\n<p>O visto H1B \u00e9 inicialmente v\u00e1lido por 3 anos, mas pode ser renovado por um per\u00edodo m\u00e1ximo de 6 anos. O trabalhador pode levar consigo o c\u00f4njuge e os filhos menores de 21 anos. pode Durante este per\u00edodo, a entidade patronal pode decidir solicitar um &#8220;green card&#8221; atrav\u00e9s de um processo PERM.<\/p>\n<p>Contacte-nos atrav\u00e9s do n\u00famero (407) 490-0696 ou utilizando o formul\u00e1rio \u00e0 direita para uma consulta sobre vistos H1B.[\/vc_column_text][\/vc_tta_section][vc_tta_section title=&#8221;O Visto&#8221; tab_id=&#8221;1488315931775-99c3002a-4b7f&#8221;][vc_column_text]Os vistos O est\u00e3o dispon\u00edveis para as pessoas consideradas como tendo &#8220;capacidades extraordin\u00e1rias&#8221;. \u00c9 frequentemente utilizado por desportistas, artistas e cientistas que desejam trabalhar na sua \u00e1rea espec\u00edfica nos EUA. O visto O \u00e9 inicialmente concedido por um per\u00edodo de 3 anos, mas pode ser prorrogado indefinidamente.<\/p>\n<p>Para se qualificar para um visto O, a pessoa deve demonstrar que possui capacidades extraordin\u00e1rias nas artes, ci\u00eancias, educa\u00e7\u00e3o, neg\u00f3cios ou atletismo ou que tem um registo de realiza\u00e7\u00f5es extraordin\u00e1rias na ind\u00fastria cinematogr\u00e1fica ou televisiva.<\/p>\n<p>O candidato deve apresentar provas suficientes de, pelo menos, 3 das seguintes caracter\u00edsticas:<\/p>\n<ul>\n<li>Rece\u00e7\u00e3o de pr\u00e9mios ou galard\u00f5es reconhecidos a n\u00edvel nacional ou internacional pela sua excel\u00eancia no dom\u00ednio de atividade<\/li>\n<li>Ser membro de associa\u00e7\u00f5es no dom\u00ednio para o qual a classifica\u00e7\u00e3o \u00e9 solicitada, que exigem realiza\u00e7\u00f5es excepcionais, avaliadas por peritos nacionais ou internacionais reconhecidos no dom\u00ednio<\/li>\n<li>Material publicado em publica\u00e7\u00f5es profissionais ou comerciais importantes, jornais ou outros meios de comunica\u00e7\u00e3o social importantes sobre o benefici\u00e1rio e o seu trabalho no dom\u00ednio para o qual \u00e9 solicitada a classifica\u00e7\u00e3o<\/li>\n<li>Contribui\u00e7\u00f5es originais de grande import\u00e2ncia no dom\u00ednio cient\u00edfico, acad\u00e9mico ou empresarial<\/li>\n<li>Autoria de artigos acad\u00e9micos em revistas profissionais ou outros meios de comunica\u00e7\u00e3o importantes no dom\u00ednio para o qual a classifica\u00e7\u00e3o \u00e9 solicitada<\/li>\n<li>Um sal\u00e1rio elevado ou outra remunera\u00e7\u00e3o por servi\u00e7os, comprovados por contratos ou outras provas fi\u00e1veis<\/li>\n<li>Participa\u00e7\u00e3o num j\u00fari, ou a t\u00edtulo individual, como juiz do trabalho de outros no mesmo dom\u00ednio ou num dom\u00ednio de especializa\u00e7\u00e3o afim ao dom\u00ednio para o qual \u00e9 solicitada a classifica\u00e7\u00e3o<\/li>\n<li>Emprego numa capacidade cr\u00edtica ou essencial para organiza\u00e7\u00f5es e estabelecimentos que gozam de uma reputa\u00e7\u00e3o distinta<\/li>\n<\/ul>\n<p>Contacte-nos atrav\u00e9s do n\u00famero (407) 490-0696 ou utilizando o formul\u00e1rio \u00e0 direita para uma consulta sobre vistos O.[\/vc_column_text][\/vc_tta_section][vc_tta_section title=&#8221;Visto P&#8221; tab_id=&#8221;1488316033834-99a54c7a-9ce5&#8243;][vc_column_text]Os vistos P est\u00e3o dispon\u00edveis para atletas (incluindo treinadores), artistas e animadores que gostariam de atuar nos EUA.<\/p>\n<p>O visto P1A destina-se a quem pretende vir para os EUA para participar numa competi\u00e7\u00e3o espec\u00edfica como indiv\u00edduo ou membro de uma equipa. O candidato deve demonstrar compet\u00eancias e reconhecimento acima do normal.<\/p>\n<p>O visto P1B destina-se a artistas que sejam membros de um grupo de entretenimento reconhecido internacionalmente.<\/p>\n<p>O visto P2 destina-se a quem pretende atuar como artista ou animador, individualmente ou como parte de um grupo, no \u00e2mbito de um programa de interc\u00e2mbio cultural entre organiza\u00e7\u00f5es dos EUA e de outro pa\u00eds.<\/p>\n<p>O visto P3 destina-se a quem pretende vir para os EUA para ensinar, treinar ou atuar individualmente ou como parte de um programa culturalmente \u00fanico.<\/p>\n<p>Por favor, contacte-nos atrav\u00e9s do n\u00famero (407) 490-0696 ou utilizando o formul\u00e1rio \u00e0 direita para uma consulta sobre vistos P.[\/vc_column_text][\/vc_tta_section][vc_tta_section title=&#8221;Visto R&#8221; tab_id=&#8221;1488316068945-ebcc181c-f5db&#8221;][vc_column_text]Os vistos R destinam-se aos trabalhadores religiosos que pretendem vir para os EUA para trabalhar como ministro ou noutra atividade religiosa. Os trabalhadores religiosos devem trabalhar em&#8221;.<\/p>\n<ul>\n<li>Uma organiza\u00e7\u00e3o religiosa sem fins lucrativos nos Estados Unidos;<\/li>\n<li>Uma organiza\u00e7\u00e3o religiosa que esteja autorizada por um titular de isen\u00e7\u00e3o fiscal de grupo a utilizar a sua isen\u00e7\u00e3o fiscal de grupo; ou<\/li>\n<li>Uma organiza\u00e7\u00e3o religiosa sem fins lucrativos que est\u00e1 associada a uma denomina\u00e7\u00e3o religiosa nos Estados Unidos.<\/li>\n<\/ul>\n<p>Contacte-nos atrav\u00e9s do n\u00famero (407) 490-0696 ou utilizando o formul\u00e1rio \u00e0 direita para uma consulta sobre vistos R.[\/vc_column_text][\/vc_tta_section][\/vc_tta_accordion][\/vc_column][\/vc_row]\n<\/div>","protected":false},"excerpt":{"rendered":"<p>[vc_row][vc_column][vc_column_text css=&#8221;.vc_custom_1488316719366{margin-bottom: 10px !important;}&#8221;] Vistos de investidor [\/vc_column_text][vc_tta_accordion spacing=&#8221;2&#8243; gap=&#8221;25&#8243; active_section=&#8221;&#8221; collapsible_all=&#8221;true&#8221;][vc_tta_section title=&#8221;E1 e E2&#8243; tab_id=&#8221;1488315474652-970825f3-9cef&#8221;][vc_column_text]Os vistos E baseiam-se em tratados que os Estados Unidos mant\u00eam com outros pa\u00edses. Os vistos E est\u00e3o dispon\u00edveis para comerciantes e investidores internacionais que sejam nacionais ou cidad\u00e3os desses pa\u00edses. E1 &#8211; Comerciantes do Tratado Os comerciantes abrangidos pelo tratado s\u00e3o aqueles que efectuam um com\u00e9rcio substancial de bens, servi\u00e7os e tecnologia entre os EUA e um pa\u00eds estrangeiro abrangido pelo tratado. Para ser eleg\u00edvel, devem ser cumpridos os seguintes crit\u00e9rios Deve ser nacional de um pa\u00eds com o qual os Estados Unidos mant\u00eam um tratado Efetuar trocas comerciais substanciais Conduzir o com\u00e9rcio principal entre os Estados Unidos e o pa\u00eds do tratado O que \u00e9 o com\u00e9rcio? O com\u00e9rcio \u00e9 a troca internacional de artigos entre os Estados Unidos e o pa\u00eds do tratado. Esses artigos podem incluir bens, servi\u00e7os, seguros, transportes, turismo, tecnologia, etc. O que \u00e9 um com\u00e9rcio substancial? \u00c9 o fluxo cont\u00ednuo de itens. N\u00e3o h\u00e1 requisitos m\u00ednimos para o montante monet\u00e1rio ou o volume de cada transa\u00e7\u00e3o, mas a t\u00f3nica \u00e9 colocada no n\u00famero de transac\u00e7\u00f5es ao longo do tempo. O que \u00e9 o com\u00e9rcio principal? Mais de 50% do montante total do com\u00e9rcio efectuado deve ser entre os Estados Unidos e o pa\u00eds signat\u00e1rio do tratado. Quem pode ser considerado empregado de um operador econ\u00f3mico vinculado por um tratado? Para se poder ser empregado de um operador econ\u00f3mico vinculado por um tratado, \u00e9 necess\u00e1rio ter a mesma nacionalidade que o operador econ\u00f3mico vinculado por um tratado, corresponder \u00e0 defini\u00e7\u00e3o de empregado, ocupar um cargo de supervis\u00e3o ou executivo ou possuir compet\u00eancias especiais. Contacte-nos atrav\u00e9s do n\u00famero (407) 490-0696 ou utilizando o formul\u00e1rio \u00e0 direita para uma consulta inicial gratuita sobre vistos E1. E2 &#8211; Investidor do Tratado O programa de visto E-2 oferece privil\u00e9gios de imigra\u00e7\u00e3o a investidores que s\u00e3o cidad\u00e3os de pa\u00edses que mant\u00eam tratados de com\u00e9rcio com os Estados Unidos. O Visto de Investidor do Tratado E-2 aplica-se a quem faz um investimento de capital consider\u00e1vel numa empresa localizada nos Estados Unidos. Um investidor do tratado deve cumprir os seguintes crit\u00e9rios para se qualificar para um visto E-2: A pessoa ou empresa deve ser nacional de um pa\u00eds com o qual os Estados Unidos mant\u00eam um tratado. O indiv\u00edduo ou a empresa fez ou est\u00e1 a fazer um investimento substancial de capital(ver explica\u00e7\u00e3o abaixo) numa empresa comercial de boa-f\u00e9 nos Estados Unidos. O indiv\u00edduo \u00e9 o principal investidor que ir\u00e1 dirigir e desenvolver a empresa, ou um executivo, supervisor ou empregado cujos servi\u00e7os s\u00e3o essenciais para o funcionamento eficiente da empresa americana. O investimento de capital consiste na coloca\u00e7\u00e3o de capital, incluindo fundos ou outros activos, em risco no sentido comercial, com o objetivo de gerar lucro. Para ser eleg\u00edvel, o capital deve estar sujeito a perdas se o investimento falhar. O investidor do Tratado deve demonstrar que os fundos n\u00e3o foram obtidos atrav\u00e9s de actividades criminosas. O investimento substancial \u00e9 1) substanciais em rela\u00e7\u00e3o \u00e0 aquisi\u00e7\u00e3o de uma empresa estabelecida ou \u00e0 cria\u00e7\u00e3o de uma nova empresa; 2) suficientes para assegurar o empenhamento financeiro do investidor no tratado para o bom funcionamento da empresa; e 3) De uma dimens\u00e3o que permita garantir a probabilidade de o investidor do Tratado desenvolver e dirigir com \u00eaxito a empresa. \u00c9 igualmente necess\u00e1rio que o investimento seja efectuado numa empresa de boa f\u00e9. Uma empresa de boa-f\u00e9 \u00e9 uma empresa comercial ou empresarial ativa e em funcionamento que produz servi\u00e7os ou bens com fins lucrativos. A empresa deve cumprir os requisitos legais aplic\u00e1veis para exercer a sua atividade no seu local de implanta\u00e7\u00e3o. \u00c9 importante notar que a empresa deve ser de natureza ativa, o que significa que os investimentos passivos, tais como os das bolsas de valores e os do sector imobili\u00e1rio, n\u00e3o s\u00e3o eleg\u00edveis. Os vistos E2 permitem uma estadia inicial m\u00e1xima de dois anos. Podem ser concedidas prorroga\u00e7\u00f5es de at\u00e9 dois anos cada, se as condi\u00e7\u00f5es n\u00e3o se tiverem alterado e se o tratado com o pa\u00eds de origem do investidor continuar em vigor. Os titulares do visto E-2 podem solicitar qualifica\u00e7\u00f5es de dependente n\u00e3o imigrante para c\u00f4njuges e filhos com menos de vinte e um anos, permitindo que os filhos frequentem a escola e os c\u00f4njuges obtenham uma autoriza\u00e7\u00e3o de trabalho. Contacte-nos atrav\u00e9s do n\u00famero (407) 490-0696 ou utilizando o formul\u00e1rio \u00e0 direita para uma consulta sobre vistos E2.[\/vc_column_text][\/vc_tta_section][vc_tta_section title=&#8221;EB5&#8243; tab_id=&#8221;1488315474698-6b14f485-42ca&#8221;][vc_column_text]As leis de imigra\u00e7\u00e3o dos EUA disponibilizam vistos a investidores imigrantes que pretendam entrar nos Estados Unidos para se envolverem em novas empresas comerciais. Exige que as empresas comerciais beneficiem a economia dos EUA atrav\u00e9s da cria\u00e7\u00e3o de emprego e do investimento de capital. Para se qualificar como investidor imigrante, um cidad\u00e3o estrangeiro deve investir, sem contrair empr\u00e9stimos, os seguintes montantes m\u00ednimos numa empresa comercial eleg\u00edvel: US$ 1.000.000 (EUA); ou $500.000 (E.U.A.) numa zona de desemprego elevado ou numa zona rural, considerada uma zona de emprego espec\u00edfica. Uma zona de emprego espec\u00edfica \u00e9 uma zona que, na altura do investimento, \u00e9 uma zona rural ou uma zona com uma taxa de desemprego de, pelo menos, 150% da taxa m\u00e9dia nacional. O investidor deve demonstrar a origem do investimento de capital. Por capital entende-se dinheiro, equipamento, invent\u00e1rio, outros bens tang\u00edveis, equivalentes de caixa e endividamento garantido por activos pertencentes ao empres\u00e1rio estrangeiro. O investidor deve demonstrar a origem do capital, demonstrando que este prov\u00e9m de um pa\u00eds estrangeiro e de fontes l\u00edcitas. Um investimento eleg\u00edvel deve, no prazo de dois anos, criar ou manter empregos a tempo inteiro para pelo menos dez cidad\u00e3os americanos, residentes permanentes legais ou outros imigrantes autorizados a trabalhar nos Estados Unidos. Este n\u00famero n\u00e3o deve incluir o investidor, o c\u00f4njuge e os filhos do investidor Os postos de trabalho criados ou mantidos podem ser directos ou indirectos. Os empregos directos s\u00e3o empregos reais identific\u00e1veis para trabalhadores qualificados, no \u00e2mbito da empresa em que o investidor EB-5 investiu diretamente o capital. Os empregos indirectos s\u00e3o criados colateralmente ou em resultado do capital<\/p>\n","protected":false},"author":1,"featured_media":612,"parent":698,"menu_order":3,"comment_status":"closed","ping_status":"closed","template":"","meta":{"_seopress_robots_primary_cat":"","_seopress_titles_title":"Orlando Immigration Attorney - Investor &amp; %%title%% Visas %%page%% %%sep%% %%sitename%%","_seopress_titles_desc":"Ajudamo-lo com os vistos de investidor, de neg\u00f3cios e de emprego. Telefone-nos hoje para uma consulta gratuita sobre o seu caso (407) 490-0696","_seopress_robots_index":"","footnotes":""},"class_list":["post-771","page","type-page","status-publish","has-post-thumbnail","hentry","entry","post-inner"],"_links":{"self":[{"href":"https:\/\/pdlaworlando.com\/pt-br\/wp-json\/wp\/v2\/pages\/771","targetHints":{"allow":["GET"]}}],"collection":[{"href":"https:\/\/pdlaworlando.com\/pt-br\/wp-json\/wp\/v2\/pages"}],"about":[{"href":"https:\/\/pdlaworlando.com\/pt-br\/wp-json\/wp\/v2\/types\/page"}],"author":[{"embeddable":true,"href":"https:\/\/pdlaworlando.com\/pt-br\/wp-json\/wp\/v2\/users\/1"}],"replies":[{"embeddable":true,"href":"https:\/\/pdlaworlando.com\/pt-br\/wp-json\/wp\/v2\/comments?post=771"}],"version-history":[{"count":2,"href":"https:\/\/pdlaworlando.com\/pt-br\/wp-json\/wp\/v2\/pages\/771\/revisions"}],"predecessor-version":[{"id":778,"href":"https:\/\/pdlaworlando.com\/pt-br\/wp-json\/wp\/v2\/pages\/771\/revisions\/778"}],"up":[{"embeddable":true,"href":"https:\/\/pdlaworlando.com\/pt-br\/wp-json\/wp\/v2\/pages\/698"}],"wp:featuredmedia":[{"embeddable":true,"href":"https:\/\/pdlaworlando.com\/pt-br\/wp-json\/wp\/v2\/media\/612"}],"wp:attachment":[{"href":"https:\/\/pdlaworlando.com\/pt-br\/wp-json\/wp\/v2\/media?parent=771"}],"curies":[{"name":"wp","href":"https:\/\/api.w.org\/{rel}","templated":true}]}}