{"id":785,"date":"2022-06-18T13:43:10","date_gmt":"2022-06-18T18:43:10","guid":{"rendered":"https:\/\/pdlaworlando.com\/penal\/conducao-infraccoes-de-transito\/"},"modified":"2024-06-29T12:56:03","modified_gmt":"2024-06-29T17:56:03","slug":"conducao-infraccoes-de-transito","status":"publish","type":"page","link":"https:\/\/pdlaworlando.com\/pt-br\/penal\/conducao-infraccoes-de-transito\/","title":{"rendered":"Condu\u00e7\u00e3o &#8211; Infrac\u00e7\u00f5es de tr\u00e2nsito"},"content":{"rendered":"<div class=\"wpb-content-wrapper\">[vc_row][vc_column][vc_column_text]\n<h3>Dirigir sem carteira de motorista na Fl\u00f3rida<\/h3>\n<p>Muitos acreditam que ser acusado de dirigir sem habilita\u00e7\u00e3o, habilita\u00e7\u00e3o suspensa ou vencida na Florida n\u00e3o \u00e9 grave. No entanto, voc\u00ea pode ser punido com multas, liberdade condicional e at\u00e9 pris\u00e3o. Aqueles que n\u00e3o s\u00e3o cidad\u00e3os dos Estados Unidos podem enfrentar consequ\u00eancias de imigra\u00e7\u00e3o. \u00c9 ilegal dirigir na Fl\u00f3rida sem uma carteira de motorista v\u00e1lida (Fla, Stat. 322).<\/p>\n<p>Dirigir sem carteira e dirigir com carteira vencida s\u00e3o situa\u00e7\u00f5es diferentes. Dirigir sem carteira \u00e9 para aqueles que nunca tiveram uma carteira de motorista v\u00e1lida, enquanto dirigir com uma carteira vencida \u00e9 para aqueles que tinham uma carteira de motorista v\u00e1lida da Fl\u00f3rida, mas ela expirou. Dirigir com uma carteira suspensa implica dirigir enquanto seus privil\u00e9gios de condu\u00e7\u00e3o na Fl\u00f3rida foram suspensos por quaisquer motivos.<\/p>\n<p>Aqueles que possuem carteira de motorista de outros pa\u00edses, podem dirigir na Fl\u00f3rida por um per\u00edodo limitado de tempo. De acordo com as leis da Fl\u00f3rida, uma vez que uma pessoa se torne residente do estado (independentemente de seu status de imigra\u00e7\u00e3o), ela deve obter uma carteira de motorista v\u00e1lida da Fl\u00f3rida. \u00c9 importante destacar que \u00e9 poss\u00edvel ser considerado residente do estado da Fl\u00f3rida mesmo estando nos EUA com status de turista v\u00e1lido.<\/p>\n<p>Quando algu\u00e9m \u00e9 acusado de dirigir sem carteira ou com carteira vencida, seu caso ser\u00e1 levado a um juiz criminal do condado e eles ter\u00e3o que comparecer ao tribunal. Um advogado pode ajudar a orient\u00e1-lo no caso e usar seu conhecimento jur\u00eddico para obter um resultado melhor. A n\u00e3o compreens\u00e3o do processo penal e do jarg\u00e3o jur\u00eddico, pode levar \u00e0 n\u00e3o compreens\u00e3o dos resultados, o que pode acarretar graves consequ\u00eancias. Al\u00e9m disso, um advogado pode aparecer em seu nome para a maioria das audi\u00eancias criminais. \u00c9 importante contratar um advogado experiente para voc\u00ea ter certeza de que obteve o melhor resultado poss\u00edvel e entender o resultado do seu caso.<\/p>\n<p>Entre em contato conosco pelo telefone (407) 490-0696 ou usando o formul\u00e1rio \u00e0 direita para uma consulta sobre acusa\u00e7\u00f5es de pequenos delitos.<\/p>\n<h4>[\/vc_column_text][\/vc_column][\/vc_row]<\/h4>\n<\/div>","protected":false},"excerpt":{"rendered":"<p>[vc_row][vc_column][vc_column_text] Dirigir sem carteira de motorista na Fl\u00f3rida Muitos acreditam que ser acusado de dirigir sem habilita\u00e7\u00e3o, habilita\u00e7\u00e3o suspensa ou vencida na Florida n\u00e3o \u00e9 grave. No entanto, voc\u00ea pode ser punido com multas, liberdade condicional e at\u00e9 pris\u00e3o. Aqueles que n\u00e3o s\u00e3o cidad\u00e3os dos Estados Unidos podem enfrentar consequ\u00eancias de imigra\u00e7\u00e3o. \u00c9 ilegal dirigir na Fl\u00f3rida sem uma carteira de motorista v\u00e1lida (Fla, Stat. 322). Dirigir sem carteira e dirigir com carteira vencida s\u00e3o situa\u00e7\u00f5es diferentes. Dirigir sem carteira \u00e9 para aqueles que nunca tiveram uma carteira de motorista v\u00e1lida, enquanto dirigir com uma carteira vencida \u00e9 para aqueles que tinham uma carteira de motorista v\u00e1lida da Fl\u00f3rida, mas ela expirou. Dirigir com uma carteira suspensa implica dirigir enquanto seus privil\u00e9gios de condu\u00e7\u00e3o na Fl\u00f3rida foram suspensos por quaisquer motivos. Aqueles que possuem carteira de motorista de outros pa\u00edses, podem dirigir na Fl\u00f3rida por um per\u00edodo limitado de tempo. De acordo com as leis da Fl\u00f3rida, uma vez que uma pessoa se torne residente do estado (independentemente de seu status de imigra\u00e7\u00e3o), ela deve obter uma carteira de motorista v\u00e1lida da Fl\u00f3rida. \u00c9 importante destacar que \u00e9 poss\u00edvel ser considerado residente do estado da Fl\u00f3rida mesmo estando nos EUA com status de turista v\u00e1lido. Quando algu\u00e9m \u00e9 acusado de dirigir sem carteira ou com carteira vencida, seu caso ser\u00e1 levado a um juiz criminal do condado e eles ter\u00e3o que comparecer ao tribunal. Um advogado pode ajudar a orient\u00e1-lo no caso e usar seu conhecimento jur\u00eddico para obter um resultado melhor. A n\u00e3o compreens\u00e3o do processo penal e do jarg\u00e3o jur\u00eddico, pode levar \u00e0 n\u00e3o compreens\u00e3o dos resultados, o que pode acarretar graves consequ\u00eancias. Al\u00e9m disso, um advogado pode aparecer em seu nome para a maioria das audi\u00eancias criminais. \u00c9 importante contratar um advogado experiente para voc\u00ea ter certeza de que obteve o melhor resultado poss\u00edvel e entender o resultado do seu caso. Entre em contato conosco pelo telefone (407) 490-0696 ou usando o formul\u00e1rio \u00e0 direita para uma consulta sobre acusa\u00e7\u00f5es de pequenos delitos. [\/vc_column_text][\/vc_column][\/vc_row]<\/p>\n","protected":false},"author":1,"featured_media":608,"parent":738,"menu_order":0,"comment_status":"closed","ping_status":"closed","template":"","meta":{"_seopress_robots_primary_cat":"","_seopress_titles_title":"","_seopress_titles_desc":"PD Law Firm oferece defesa legal especializada para infra\u00e7\u00f5es de tr\u00e2nsito. Confie em nossos advogados qualificados para proteger seus direitos. Contate-nos para obter assist\u00eancia.","_seopress_robots_index":"","footnotes":""},"class_list":["post-785","page","type-page","status-publish","has-post-thumbnail","hentry","entry","post-inner"],"_links":{"self":[{"href":"https:\/\/pdlaworlando.com\/pt-br\/wp-json\/wp\/v2\/pages\/785","targetHints":{"allow":["GET"]}}],"collection":[{"href":"https:\/\/pdlaworlando.com\/pt-br\/wp-json\/wp\/v2\/pages"}],"about":[{"href":"https:\/\/pdlaworlando.com\/pt-br\/wp-json\/wp\/v2\/types\/page"}],"author":[{"embeddable":true,"href":"https:\/\/pdlaworlando.com\/pt-br\/wp-json\/wp\/v2\/users\/1"}],"replies":[{"embeddable":true,"href":"https:\/\/pdlaworlando.com\/pt-br\/wp-json\/wp\/v2\/comments?post=785"}],"version-history":[{"count":3,"href":"https:\/\/pdlaworlando.com\/pt-br\/wp-json\/wp\/v2\/pages\/785\/revisions"}],"predecessor-version":[{"id":1105,"href":"https:\/\/pdlaworlando.com\/pt-br\/wp-json\/wp\/v2\/pages\/785\/revisions\/1105"}],"up":[{"embeddable":true,"href":"https:\/\/pdlaworlando.com\/pt-br\/wp-json\/wp\/v2\/pages\/738"}],"wp:featuredmedia":[{"embeddable":true,"href":"https:\/\/pdlaworlando.com\/pt-br\/wp-json\/wp\/v2\/media\/608"}],"wp:attachment":[{"href":"https:\/\/pdlaworlando.com\/pt-br\/wp-json\/wp\/v2\/media?parent=785"}],"curies":[{"name":"wp","href":"https:\/\/api.w.org\/{rel}","templated":true}]}}