{"id":786,"date":"2022-01-25T10:26:07","date_gmt":"2022-01-25T15:26:07","guid":{"rendered":"https:\/\/pdlaworlando.com\/advogado-de-imigracao-em-windermere\/"},"modified":"2023-08-18T07:28:11","modified_gmt":"2023-08-18T12:28:11","slug":"advogado-de-imigracao-em-windermere","status":"publish","type":"page","link":"https:\/\/pdlaworlando.com\/pt-br\/advogado-de-imigracao-em-windermere\/","title":{"rendered":"Advogado de Imigra\u00e7\u00e3o em Windermere"},"content":{"rendered":"<div class=\"wp-block-image\">\n<figure class=\"alignleft size-full is-resized\"><img loading=\"lazy\" decoding=\"async\" src=\"https:\/\/pdlaworlando.com\/wp-content\/uploads\/Brazilian-Immigration-Attorney-in-Windermere.jpg\" alt=\"Advogado de Imigra\u00e7\u00e3o em Windermere\" class=\"wp-image-464\" width=\"243\" height=\"162\" srcset=\"https:\/\/pdlaworlando.com\/wp-content\/uploads\/Brazilian-Immigration-Attorney-in-Windermere.jpg 1000w, https:\/\/pdlaworlando.com\/wp-content\/uploads\/Brazilian-Immigration-Attorney-in-Windermere-300x200.jpg 300w, https:\/\/pdlaworlando.com\/wp-content\/uploads\/Brazilian-Immigration-Attorney-in-Windermere-768x512.jpg 768w\" sizes=\"auto, (max-width: 243px) 100vw, 243px\" \/><\/figure>\n<\/div>\n\n\n<p>Muitos factores diferentes podem afetar o processo de imigra\u00e7\u00e3o, e sabemos que pode ser um desafio navegar por estas quest\u00f5es sozinho. \u00c9 por isso que \u00e9 importante contratar um profissional experiente que esteja familiarizado com o processo. <a href=\"https:\/\/pdlaworlando.com\/pt-br\/imigracao\/\">O advogado de imigra\u00e7\u00e3o brasileiro Pedro Dearaujo<\/a> orgulha-se de ser fi\u00e1vel e conhecedor de todas as \u00e1reas da lei de imigra\u00e7\u00e3o.<\/p>\n\n\n\n<p>Na The <a href=\"\/\">PD Law Firm, P.A.<\/a>, ajudamos os clientes com vistos de casamento, autoriza\u00e7\u00f5es de trabalho e outros requisitos para entrar nos Estados Unidos. A nossa empresa tem ajudado muitos clientes da Am\u00e9rica do Sul a atravessar o complicado sistema com resultados positivos. Saiba mais ligando para uma consulta em <a href=\"https:\/\/town.windermere.fl.us\/\">Windermere<\/a>. O nosso objetivo \u00e9 tornar o processo de imigra\u00e7\u00e3o t\u00e3o suave e livre de stress quanto poss\u00edvel.<\/p>\n\n\n\n<h2 class=\"wp-block-heading\"><strong>Vistos para trabalho, educa\u00e7\u00e3o e turismo<\/strong><\/h2>\n\n\n\n<p>\u00c9 um cidad\u00e3o da Am\u00e9rica do Sul interessado em trabalhar, continuar os seus estudos ou explorar os Estados Unidos como turista? Um advogado de imigra\u00e7\u00e3o brasileiro em Windermere pode determinar qual visto \u00e9 adequado para suas necessidades espec\u00edficas durante uma simples consulta. Eis alguns dos vistos mais comuns que nos s\u00e3o pedidos na nossa empresa:<\/p>\n\n\n\n<ul class=\"wp-block-list\">\n<li><strong>Trabalho<\/strong>: Tem uma oferta de emprego nos EUA? Muitas empresas americanas est\u00e3o a contratar pessoas talentosas com um vasto leque de especialidades e forma\u00e7\u00f5es. Podemos ajud\u00e1-lo a obter um visto para continuar a trabalhar.<\/li>\n\n\n\n<li><strong>Educa\u00e7\u00e3o<\/strong>: Frequentar uma universidade ou col\u00e9gio \u00e9 uma \u00f3ptima forma de melhorar a sua educa\u00e7\u00e3o e construir rela\u00e7\u00f5es duradouras. A nossa empresa pode ajud\u00e1-lo no processo de pedido de visto, assegurando que n\u00e3o existem problemas pelo caminho.<\/li>\n\n\n\n<li><strong>Turismo<\/strong>: Visitar os EUA durante as f\u00e9rias \u00e9 uma experi\u00eancia \u00fanica na vida! A PD Law Firm, P.A. pode preparar um visto de turista para que a sua estadia no pa\u00eds seja divertida, sem stress e memor\u00e1vel.<\/li>\n\n\n\n<li><strong>Medicina<\/strong>: Tem uma condi\u00e7\u00e3o m\u00e9dica debilitante que requer tratamento? Os EUA t\u00eam alguns dos cuidados m\u00e9dicos mais procurados do mundo. A nossa equipa trabalha rapidamente para garantir um resultado positivo para o seu caso.<\/li>\n<\/ul>\n\n\n\n<p>Alguns clientes est\u00e3o interessados no processo de naturaliza\u00e7\u00e3o, que est\u00e1 dispon\u00edvel para indiv\u00edduos da Am\u00e9rica do Sul que tenham sido residentes permanentes por cinco anos cont\u00ednuos ou mais. A nossa empresa pode ajud\u00e1-lo a determinar a forma correcta de avan\u00e7ar nesta situa\u00e7\u00e3o espec\u00edfica.<\/p>\n\n\n\n<h2 class=\"wp-block-heading\"><strong>Sobre a imigra\u00e7\u00e3o baseada no casamento<\/strong><\/h2>\n\n\n\n<p>A imigra\u00e7\u00e3o baseada no casamento \u00e9 uma das formas mais comuns de os cidad\u00e3os sul-americanos obterem resid\u00eancia ou cidadania nos EUA. No entanto, \u00e9 importante preencher a documenta\u00e7\u00e3o correcta e garantir que todos os detalhes s\u00e3o preenchidos antecipadamente. A nossa empresa pode ajud\u00e1-lo a evitar armadilhas comuns e a certificar-se de que o seu tempo, energia e recursos est\u00e3o a ser gastos de forma sensata. Tamb\u00e9m ajudamos casais e fam\u00edlias a construir uma vida em conjunto atrav\u00e9s de pedidos bem sucedidos de imigra\u00e7\u00e3o e cidadania.<\/p>\n\n\n\n<h2 class=\"wp-block-heading\"><strong>Concluir o seu percurso de imigra\u00e7\u00e3o  <\/strong><\/h2>\n\n\n\n<p>A viagem de imigra\u00e7\u00e3o pode ser assustadora para muitos. A PD Law Firm, P.A. far\u00e1 tudo o que for poss\u00edvel para o orientar durante o processo, para que se sinta confort\u00e1vel e confiante. Prestamos-lhe aconselhamento jur\u00eddico de qualidade que resulta em resultados positivos em todas as fases do processo.<\/p>\n\n\n\n<p>O advogado de imigra\u00e7\u00e3o brasileiro Pedro Dearaujo representa clientes perante os Servi\u00e7os de Cidadania e Imigra\u00e7\u00e3o dos EUA, Tribunais de Imigra\u00e7\u00e3o e o Conselho Executivo de Revis\u00e3o de Imigra\u00e7\u00e3o. Se estiver pronto para come\u00e7ar, contacte um membro da nossa equipa na \u00e1rea de Windermere. Trabalhamos arduamente para obter os melhores resultados poss\u00edveis para o seu caso espec\u00edfico.<\/p>\n","protected":false},"excerpt":{"rendered":"<p>Muitos factores diferentes podem afetar o processo de imigra\u00e7\u00e3o, e sabemos que pode ser um desafio navegar por estas quest\u00f5es sozinho. \u00c9 por isso que \u00e9 importante contratar um profissional experiente que esteja familiarizado com o processo. O advogado de imigra\u00e7\u00e3o brasileiro Pedro Dearaujo orgulha-se de ser fi\u00e1vel e conhecedor de todas as \u00e1reas da lei de imigra\u00e7\u00e3o. Na The PD Law Firm, P.A., ajudamos os clientes com vistos de casamento, autoriza\u00e7\u00f5es de trabalho e outros requisitos para entrar nos Estados Unidos. A nossa empresa tem ajudado muitos clientes da Am\u00e9rica do Sul a atravessar o complicado sistema com resultados positivos. Saiba mais ligando para uma consulta em Windermere. O nosso objetivo \u00e9 tornar o processo de imigra\u00e7\u00e3o t\u00e3o suave e livre de stress quanto poss\u00edvel. Vistos para trabalho, educa\u00e7\u00e3o e turismo \u00c9 um cidad\u00e3o da Am\u00e9rica do Sul interessado em trabalhar, continuar os seus estudos ou explorar os Estados Unidos como turista? Um advogado de imigra\u00e7\u00e3o brasileiro em Windermere pode determinar qual visto \u00e9 adequado para suas necessidades espec\u00edficas durante uma simples consulta. Eis alguns dos vistos mais comuns que nos s\u00e3o pedidos na nossa empresa: Alguns clientes est\u00e3o interessados no processo de naturaliza\u00e7\u00e3o, que est\u00e1 dispon\u00edvel para indiv\u00edduos da Am\u00e9rica do Sul que tenham sido residentes permanentes por cinco anos cont\u00ednuos ou mais. A nossa empresa pode ajud\u00e1-lo a determinar a forma correcta de avan\u00e7ar nesta situa\u00e7\u00e3o espec\u00edfica. Sobre a imigra\u00e7\u00e3o baseada no casamento A imigra\u00e7\u00e3o baseada no casamento \u00e9 uma das formas mais comuns de os cidad\u00e3os sul-americanos obterem resid\u00eancia ou cidadania nos EUA. No entanto, \u00e9 importante preencher a documenta\u00e7\u00e3o correcta e garantir que todos os detalhes s\u00e3o preenchidos antecipadamente. A nossa empresa pode ajud\u00e1-lo a evitar armadilhas comuns e a certificar-se de que o seu tempo, energia e recursos est\u00e3o a ser gastos de forma sensata. Tamb\u00e9m ajudamos casais e fam\u00edlias a construir uma vida em conjunto atrav\u00e9s de pedidos bem sucedidos de imigra\u00e7\u00e3o e cidadania. Concluir o seu percurso de imigra\u00e7\u00e3o A viagem de imigra\u00e7\u00e3o pode ser assustadora para muitos. A PD Law Firm, P.A. far\u00e1 tudo o que for poss\u00edvel para o orientar durante o processo, para que se sinta confort\u00e1vel e confiante. Prestamos-lhe aconselhamento jur\u00eddico de qualidade que resulta em resultados positivos em todas as fases do processo. O advogado de imigra\u00e7\u00e3o brasileiro Pedro Dearaujo representa clientes perante os Servi\u00e7os de Cidadania e Imigra\u00e7\u00e3o dos EUA, Tribunais de Imigra\u00e7\u00e3o e o Conselho Executivo de Revis\u00e3o de Imigra\u00e7\u00e3o. Se estiver pronto para come\u00e7ar, contacte um membro da nossa equipa na \u00e1rea de Windermere. Trabalhamos arduamente para obter os melhores resultados poss\u00edveis para o seu caso espec\u00edfico.<\/p>\n","protected":false},"author":1,"featured_media":654,"parent":0,"menu_order":0,"comment_status":"closed","ping_status":"closed","template":"","meta":{"_seopress_robots_primary_cat":"","_seopress_titles_title":"","_seopress_titles_desc":"Na The PD Law Firm, P.A., ajudamos os clientes com vistos de casamento, autoriza\u00e7\u00f5es de trabalho e outros requisitos que servem Windermere FL","_seopress_robots_index":"","footnotes":""},"class_list":["post-786","page","type-page","status-publish","has-post-thumbnail","hentry","entry","post-inner"],"_links":{"self":[{"href":"https:\/\/pdlaworlando.com\/pt-br\/wp-json\/wp\/v2\/pages\/786","targetHints":{"allow":["GET"]}}],"collection":[{"href":"https:\/\/pdlaworlando.com\/pt-br\/wp-json\/wp\/v2\/pages"}],"about":[{"href":"https:\/\/pdlaworlando.com\/pt-br\/wp-json\/wp\/v2\/types\/page"}],"author":[{"embeddable":true,"href":"https:\/\/pdlaworlando.com\/pt-br\/wp-json\/wp\/v2\/users\/1"}],"replies":[{"embeddable":true,"href":"https:\/\/pdlaworlando.com\/pt-br\/wp-json\/wp\/v2\/comments?post=786"}],"version-history":[{"count":4,"href":"https:\/\/pdlaworlando.com\/pt-br\/wp-json\/wp\/v2\/pages\/786\/revisions"}],"predecessor-version":[{"id":1069,"href":"https:\/\/pdlaworlando.com\/pt-br\/wp-json\/wp\/v2\/pages\/786\/revisions\/1069"}],"wp:featuredmedia":[{"embeddable":true,"href":"https:\/\/pdlaworlando.com\/pt-br\/wp-json\/wp\/v2\/media\/654"}],"wp:attachment":[{"href":"https:\/\/pdlaworlando.com\/pt-br\/wp-json\/wp\/v2\/media?parent=786"}],"curies":[{"name":"wp","href":"https:\/\/api.w.org\/{rel}","templated":true}]}}