{"id":824,"date":"2021-11-17T10:44:17","date_gmt":"2021-11-17T15:44:17","guid":{"rendered":"https:\/\/pdlaworlando.com\/politica-de-privacidade\/"},"modified":"2024-06-29T12:59:19","modified_gmt":"2024-06-29T17:59:19","slug":"politica-de-privacidade","status":"publish","type":"page","link":"https:\/\/pdlaworlando.com\/pt-br\/politica-de-privacidade\/","title":{"rendered":"Pol\u00edtica de privacidade"},"content":{"rendered":"<div class=\"wpb-content-wrapper\">[vc_row][vc_column][vc_column_text]\r\n<h2>Pol\u00edtica de privacidade<\/h2>\r\n<p>This Privacy Policy governs the manner in which Orange Rock Media collects, uses, maintains and discloses information collected from users (each, a \u201cUser\u201d) of the <a href=\"https:\/\/pdlaworlando.com\/\">pdlaworlando.com<\/a> website (\u201cSite\u201d). This privacy policy applies to the Site and all products and services offered by <strong>PD Law Firm P.A<\/strong>. <\/p>\r\n<p>&nbsp;<\/p>\r\n<p><\/p>\r\n<h3 class=\"wp-block-heading\">Informa\u00e7\u00f5es de identifica\u00e7\u00e3o pessoal<\/h3>\r\n<p><\/p>\r\n<p>We may collect personal identification information from Users in a variety of ways, including, but not limited to, when Users visit our site, register on the site, place an order, subscribe to the newsletter, respond to a survey, fill out a form, and in connection with other activities, services, features or resources we make available on our Site. Users may be asked for, as appropriate, name, email address, mailing address, phone number, credit card information. Users may, however, visit our Site anonymously. We will collect personal identification information from Users only if they voluntarily submit such information to us. Users can always refuse to supply personally identification information, except that it may prevent them from engaging in certain Site related activities. <\/p>\r\n<p>&nbsp;<\/p>\r\n<p><\/p>\r\n<h3 class=\"wp-block-heading\">Informa\u00e7\u00f5es de identifica\u00e7\u00e3o n\u00e3o pessoais<\/h3>\r\n<p><\/p>\r\n<p>We may collect non-personal identification information about Users whenever they interact with our Site. Non-personal identification information may include the browser name, the type of computer and technical information about Users&#8217; means of connection to our Site, such as the operating system and the Internet service providers utilized and other similar information. <\/p>\r\n<p>&nbsp;<\/p>\r\n<p><\/p>\r\n<h3 class=\"wp-block-heading\">Cookies do navegador Web<\/h3>\r\n<p><\/p>\r\n<p>Our Site may use \u201ccookies\u201d to enhance User experience. User\u2019s web browser places cookies on their hard drive for record-keeping purposes and sometimes to track information about them. User may choose to set their web browser to refuse cookies, or to alert you when cookies are being sent. If they do so, note that some parts of the Site may not function properly. <\/p>\r\n<p>&nbsp;<\/p>\r\n<p><\/p>\r\n<h3 class=\"wp-block-heading\">Como utilizamos as informa\u00e7\u00f5es recolhidas<\/h3>\r\n<p><\/p>\r\n<p>Orange Rock Media may collect and use Users personal information for the following purposes: <\/p>\r\n<p>&nbsp;<\/p>\r\n<p><\/p>\r\n<ul class=\"wp-block-list\">\r\n<li><em>&#8211; Para melhorar o servi\u00e7o ao cliente<\/em><em> <br \/><\/em>As informa\u00e7\u00f5es fornecidas pelo utilizador ajudam-nos a responder aos seus pedidos de servi\u00e7o ao cliente e \u00e0s necessidades de apoio de forma mais eficiente.<\/li>\r\n<li><em>&#8211; Para personalizar a experi\u00eancia do utilizador<\/em><em> <br \/><\/em>Podemos utilizar informa\u00e7\u00f5es de forma agregada para compreender como os nossos Utilizadores, enquanto grupo, utilizam os servi\u00e7os e recursos fornecidos no nosso Site.<\/li>\r\n<li><em>&#8211; Para melhorar o nosso s\u00edtio Web<\/em><em> <br \/><\/em>Poderemos utilizar os coment\u00e1rios fornecidos pelo utilizador para melhorar os nossos produtos e servi\u00e7os.<\/li>\r\n<li><em>&#8211; Para processar pagamentos<\/em><em><br \/><\/em>Podemos utilizar as informa\u00e7\u00f5es que os Utilizadores fornecem sobre si pr\u00f3prios quando efectuam uma encomenda apenas para prestar servi\u00e7o a essa encomenda. N\u00e3o partilhamos estas informa\u00e7\u00f5es com terceiros, exceto na medida do necess\u00e1rio para prestar o servi\u00e7o.<\/li>\r\n<li><em>&#8211; Para realizar uma promo\u00e7\u00e3o, concurso, inqu\u00e9rito ou outra funcionalidade do Site<\/em><em> <br \/><\/em>Para enviar aos Utilizadores informa\u00e7\u00f5es que concordaram em receber sobre t\u00f3picos que pensamos ser do seu interesse.<\/li>\r\n<li><em>&#8211; Para enviar mensagens electr\u00f3nicas peri\u00f3dicas<\/em><em><br \/><\/em>Poderemos utilizar o endere\u00e7o de correio eletr\u00f3nico para enviar ao Utilizador informa\u00e7\u00f5es e actualiza\u00e7\u00f5es relativas \u00e0 sua encomenda. Pode tamb\u00e9m ser utilizado para responder aos seus pedidos de informa\u00e7\u00e3o, perguntas e\/ou outros pedidos. Se o Utilizador decidir aderir \u00e0 nossa lista de distribui\u00e7\u00e3o, receber\u00e1 mensagens de correio eletr\u00f3nico que podem incluir not\u00edcias da empresa, actualiza\u00e7\u00f5es, informa\u00e7\u00f5es sobre produtos ou servi\u00e7os relacionados, etc. Se, em qualquer altura, o Utilizador pretender cancelar a subscri\u00e7\u00e3o de futuras mensagens de correio eletr\u00f3nico, inclu\u00edmos instru\u00e7\u00f5es detalhadas para cancelar a subscri\u00e7\u00e3o na parte inferior de cada mensagem de correio eletr\u00f3nico ou o Utilizador pode contactar-nos atrav\u00e9s do nosso S\u00edtio.<\/li>\r\n<\/ul>\r\n<p><\/p>\r\n<p>&nbsp;<\/p>\r\n<p><\/p>\r\n<h3 class=\"wp-block-heading\">Como protegemos as suas informa\u00e7\u00f5es<\/h3>\r\n<p><\/p>\r\n<p>We adopt appropriate data collection, storage and processing practices and security measures to protect against unauthorized access, alteration, disclosure or destruction of your personal information, username, password, transaction information and data stored on our Site. <\/p>\r\n<p>&nbsp;<\/p>\r\n<p><\/p>\r\n<h3 class=\"wp-block-heading\">Partilhar as suas informa\u00e7\u00f5es pessoais<\/h3>\r\n<p><\/p>\r\n<p>We do not sell, trade, or rent Users personal identification information to others. We may share generic aggregated demographic information not linked to any personal identification information regarding visitors and users with our business partners, trusted affiliates and advertisers for the purposes outlined above.We may use third party service providers to help us operate our business and the Site or administer activities on our behalf, such as sending out newsletters or surveys. We may share your information with these third parties for those limited purposes provided that you have given us your permission. <\/p>\r\n<p>&nbsp;<\/p>\r\n<p><\/p>\r\n<h3 class=\"wp-block-heading\">S\u00edtios Web de terceiros<\/h3>\r\n<p><\/p>\r\n<p>Users may find advertising or other content on our Site that link to the sites and services of our partners, suppliers, advertisers, sponsors, licensors and other third parties. We do not control the content or links that appear on these sites and are not responsible for the practices employed by websites linked to or from our Site. In addition, these sites or services, including their content and links, may be constantly changing. These sites and services may have their own privacy policies and customer service policies. Browsing and interaction on any other website, including websites which have a link to our Site, is subject to that website\u2019s own terms and policies. <\/p>\r\n<p>&nbsp;<\/p>\r\n<p><\/p>\r\n<h3 class=\"wp-block-heading\">Conformidade com a lei de prote\u00e7\u00e3o da privacidade em linha das crian\u00e7as<\/h3>\r\n<p><\/p>\r\n<p>Protecting the privacy of the very young is especially important. For that reason, we never collect or maintain information at our Site from those we actually know are under 13, and no part of our website is structured to attract anyone under 13. <\/p>\r\n<p>&nbsp;<\/p>\r\n<p><\/p>\r\n<h3 class=\"wp-block-heading\">Altera\u00e7\u00f5es a esta pol\u00edtica de privacidade<\/h3>\r\n<p><\/p>\r\n<p>Orange Rock Media has the discretion to update this privacy policy at any time. When we do, we will post a notification on the main page of our Site, revise the updated date at the bottom of this page and send you an email. We encourage Users to frequently check this page for any changes to stay informed about how we are helping to protect the personal information we collect. You acknowledge and agree that it is your responsibility to review this privacy policy periodically and become aware of modifications. <\/p>\r\n<p>&nbsp;<\/p>\r\n<p><\/p>\r\n<h3 class=\"wp-block-heading\">A sua aceita\u00e7\u00e3o das presentes condi\u00e7\u00f5es<\/h3>\r\n<p><\/p>\r\n<p>By using this Site, you signify your acceptance of this policy and terms of service. If you do not agree to this policy, please do not use our Site. Your continued use of the Site following the posting of changes to this policy will be deemed your acceptance of those changes. <\/p>\r\n<p>&nbsp;<\/p>\r\n<p><\/p>\r\n<h2 class=\"wp-block-heading\">Contactar-nos<\/h2>\r\n<p><\/p>\r\n<p>If you have any questions about this Privacy Policy, the practices of this site, or your dealings with this site, please contact us at: <\/p>\r\n<p><strong>PD Law Firm<\/strong><strong><br \/><\/strong><strong>Pedro Dearaujo<\/strong><strong><br \/><\/strong>6965 Piazza Grande Ave, Suite 303<br \/>Orlando FL 32835<br \/>info@pdlaworlando.com <\/p>\r\n<p>&nbsp;<\/p>\r\n[\/vc_column_text][\/vc_column][\/vc_row]<\/div>","protected":false},"excerpt":{"rendered":"<p>[vc_row][vc_column][vc_column_text] Pol\u00edtica de privacidade This Privacy Policy governs the manner in which Orange Rock Media collects, uses, maintains and discloses information collected from users (each, a \u201cUser\u201d) of the pdlaworlando.com website (\u201cSite\u201d). This privacy policy applies to the Site and all products and services offered by PD Law Firm P.A. &nbsp; Informa\u00e7\u00f5es de identifica\u00e7\u00e3o pessoal We may collect personal identification information from Users in a variety of ways, including, but not limited to, when Users visit our site, register on the site, place an order, subscribe to the newsletter, respond to a survey, fill out a form, and in connection with other activities, services, features or resources we make available on our Site. Users may be asked for, as appropriate, name, email address, mailing address, phone number, credit card information. Users may, however, visit our Site anonymously. We will collect personal identification information from Users only if they voluntarily submit such information to us. Users can always refuse to supply personally identification information, except that it may prevent them from engaging in certain Site related activities. &nbsp; Informa\u00e7\u00f5es de identifica\u00e7\u00e3o n\u00e3o pessoais We may collect non-personal identification information about Users whenever they interact with our Site. Non-personal identification information may include the browser name, the type of computer and technical information about Users&#8217; means of connection to our Site, such as the operating system and the Internet service providers utilized and other similar information. &nbsp; Cookies do navegador Web Our Site may use \u201ccookies\u201d to enhance User experience. User\u2019s web browser places cookies on their hard drive for record-keeping purposes and sometimes to track information about them. User may choose to set their web browser to refuse cookies, or to alert you when cookies are being sent. If they do so, note that some parts of the Site may not function properly. &nbsp; Como utilizamos as informa\u00e7\u00f5es recolhidas Orange Rock Media may collect and use Users personal information for the following purposes: &nbsp; &#8211; Para melhorar o servi\u00e7o ao cliente As informa\u00e7\u00f5es fornecidas pelo utilizador ajudam-nos a responder aos seus pedidos de servi\u00e7o ao cliente e \u00e0s necessidades de apoio de forma mais eficiente. &#8211; Para personalizar a experi\u00eancia do utilizador Podemos utilizar informa\u00e7\u00f5es de forma agregada para compreender como os nossos Utilizadores, enquanto grupo, utilizam os servi\u00e7os e recursos fornecidos no nosso Site. &#8211; Para melhorar o nosso s\u00edtio Web Poderemos utilizar os coment\u00e1rios fornecidos pelo utilizador para melhorar os nossos produtos e servi\u00e7os. &#8211; Para processar pagamentosPodemos utilizar as informa\u00e7\u00f5es que os Utilizadores fornecem sobre si pr\u00f3prios quando efectuam uma encomenda apenas para prestar servi\u00e7o a essa encomenda. N\u00e3o partilhamos estas informa\u00e7\u00f5es com terceiros, exceto na medida do necess\u00e1rio para prestar o servi\u00e7o. &#8211; Para realizar uma promo\u00e7\u00e3o, concurso, inqu\u00e9rito ou outra funcionalidade do Site Para enviar aos Utilizadores informa\u00e7\u00f5es que concordaram em receber sobre t\u00f3picos que pensamos ser do seu interesse. &#8211; Para enviar mensagens electr\u00f3nicas peri\u00f3dicasPoderemos utilizar o endere\u00e7o de correio eletr\u00f3nico para enviar ao Utilizador informa\u00e7\u00f5es e actualiza\u00e7\u00f5es relativas \u00e0 sua encomenda. Pode tamb\u00e9m ser utilizado para responder aos seus pedidos de informa\u00e7\u00e3o, perguntas e\/ou outros pedidos. Se o Utilizador decidir aderir \u00e0 nossa lista de distribui\u00e7\u00e3o, receber\u00e1 mensagens de correio eletr\u00f3nico que podem incluir not\u00edcias da empresa, actualiza\u00e7\u00f5es, informa\u00e7\u00f5es sobre produtos ou servi\u00e7os relacionados, etc. Se, em qualquer altura, o Utilizador pretender cancelar a subscri\u00e7\u00e3o de futuras mensagens de correio eletr\u00f3nico, inclu\u00edmos instru\u00e7\u00f5es detalhadas para cancelar a subscri\u00e7\u00e3o na parte inferior de cada mensagem de correio eletr\u00f3nico ou o Utilizador pode contactar-nos atrav\u00e9s do nosso S\u00edtio. &nbsp; Como protegemos as suas informa\u00e7\u00f5es We adopt appropriate data collection, storage and processing practices and security measures to protect against unauthorized access, alteration, disclosure or destruction of your personal information, username, password, transaction information and data stored on our Site. &nbsp; Partilhar as suas informa\u00e7\u00f5es pessoais We do not sell, trade, or rent Users personal identification information to others. We may share generic aggregated demographic information not linked to any personal identification information regarding visitors and users with our business partners, trusted affiliates and advertisers for the purposes outlined above.We may use third party service providers to help us operate our business and the Site or administer activities on our behalf, such as sending out newsletters or surveys. We may share your information with these third parties for those limited purposes provided that you have given us your permission. &nbsp; S\u00edtios Web de terceiros Users may find advertising or other content on our Site that link to the sites and services of our partners, suppliers, advertisers, sponsors, licensors and other third parties. We do not control the content or links that appear on these sites and are not responsible for the practices employed by websites linked to or from our Site. In addition, these sites or services, including their content and links, may be constantly changing. These sites and services may have their own privacy policies and customer service policies. Browsing and interaction on any other website, including websites which have a link to our Site, is subject to that website\u2019s own terms and policies. &nbsp; Conformidade com a lei de prote\u00e7\u00e3o da privacidade em linha das crian\u00e7as Protecting the privacy of the very young is especially important. For that reason, we never collect or maintain information at our Site from those we actually know are under 13, and no part of our website is structured to attract anyone under 13. &nbsp; Altera\u00e7\u00f5es a esta pol\u00edtica de privacidade Orange Rock Media has the discretion to update this privacy policy at any time. When we do, we will post a notification on the main page of our Site, revise the updated date at the bottom of this page and send you an email. We encourage Users to frequently check this page for any changes to stay informed about how we are helping to protect the personal information we collect. You acknowledge and agree that it is your responsibility to review this privacy policy periodically and become aware of modifications. &nbsp; A sua aceita\u00e7\u00e3o das presentes condi\u00e7\u00f5es By using<\/p>\n","protected":false},"author":1,"featured_media":0,"parent":0,"menu_order":0,"comment_status":"closed","ping_status":"closed","template":"","meta":{"_seopress_robots_primary_cat":"","_seopress_titles_title":"","_seopress_titles_desc":"Leia a pol\u00edtica de privacidade do PD Law Firm para entender como protegemos suas informa\u00e7\u00f5es. Confie-nos suas necessidades legais. Contacte-nos para mais informa\u00e7\u00f5es.","_seopress_robots_index":"","footnotes":""},"class_list":["post-824","page","type-page","status-publish","hentry","entry","post-inner"],"_links":{"self":[{"href":"https:\/\/pdlaworlando.com\/pt-br\/wp-json\/wp\/v2\/pages\/824","targetHints":{"allow":["GET"]}}],"collection":[{"href":"https:\/\/pdlaworlando.com\/pt-br\/wp-json\/wp\/v2\/pages"}],"about":[{"href":"https:\/\/pdlaworlando.com\/pt-br\/wp-json\/wp\/v2\/types\/page"}],"author":[{"embeddable":true,"href":"https:\/\/pdlaworlando.com\/pt-br\/wp-json\/wp\/v2\/users\/1"}],"replies":[{"embeddable":true,"href":"https:\/\/pdlaworlando.com\/pt-br\/wp-json\/wp\/v2\/comments?post=824"}],"version-history":[{"count":2,"href":"https:\/\/pdlaworlando.com\/pt-br\/wp-json\/wp\/v2\/pages\/824\/revisions"}],"predecessor-version":[{"id":1089,"href":"https:\/\/pdlaworlando.com\/pt-br\/wp-json\/wp\/v2\/pages\/824\/revisions\/1089"}],"wp:attachment":[{"href":"https:\/\/pdlaworlando.com\/pt-br\/wp-json\/wp\/v2\/media?parent=824"}],"curies":[{"name":"wp","href":"https:\/\/api.w.org\/{rel}","templated":true}]}}