{"id":828,"date":"2023-05-09T07:16:44","date_gmt":"2023-05-09T12:16:44","guid":{"rendered":"https:\/\/pdlaworlando.com\/direito-das-empresas-e-contratos\/"},"modified":"2023-08-18T08:06:02","modified_gmt":"2023-08-18T13:06:02","slug":"direito-das-empresas-e-contratos","status":"publish","type":"page","link":"https:\/\/pdlaworlando.com\/pt-br\/direito-das-empresas-e-contratos\/","title":{"rendered":"Direito das empresas e contratos"},"content":{"rendered":"\n<h2 class=\"wp-block-heading\" id=\"h-orlando-business-law-and-contracts-attorney\">Advogado de Direito Comercial e Contratos em Orlando<\/h2>\n\n\n<div class=\"wp-block-image\">\n<figure class=\"alignleft size-full is-resized\"><img loading=\"lazy\" decoding=\"async\" src=\"https:\/\/pdlaworlando.com\/wp-content\/uploads\/closeup-hands-passing-contract-unrecognizable-businessman.jpg\" alt=\"advogado de contratos em orlando\" class=\"wp-image-580\" width=\"276\" height=\"184\" srcset=\"https:\/\/pdlaworlando.com\/wp-content\/uploads\/closeup-hands-passing-contract-unrecognizable-businessman.jpg 1000w, https:\/\/pdlaworlando.com\/wp-content\/uploads\/closeup-hands-passing-contract-unrecognizable-businessman-300x200.jpg 300w, https:\/\/pdlaworlando.com\/wp-content\/uploads\/closeup-hands-passing-contract-unrecognizable-businessman-768x512.jpg 768w\" sizes=\"auto, (max-width: 276px) 100vw, 276px\" \/><\/figure>\n<\/div>\n\n\n<p>A constitui\u00e7\u00e3o de uma empresa na Fl\u00f3rida envolve muitas decis\u00f5es. Ter\u00e1 de considerar os direitos e as responsabilidades dos propriet\u00e1rios da empresa, o arrendamento e a explora\u00e7\u00e3o de bens im\u00f3veis, a presta\u00e7\u00e3o de servi\u00e7os e as vendas aos clientes, bem como a sua rela\u00e7\u00e3o com os contratantes e os empregados.  <\/p>\n\n\n\n<p><a href=\"https:\/\/www.entrepreneur.com\/business-news\/5-ways-contracts-are-an-entrepreneurs-best-friend\/326645\" target=\"_blank\" rel=\"noreferrer noopener\">Um contrato bem redigido \u00e9 essencial para fazer crescer o seu neg\u00f3cio <\/a>e proteger os seus direitos na Fl\u00f3rida. De facto, fora de circunst\u00e2ncias especiais, muitos direitos e acordos s\u00f3 podem ser aplicados pelos tribunais se existir um documento escrito. Os exemplos incluem certos tipos de arrendamentos e transfer\u00eancias de propriedade, a capacidade de fazer com que uma parte adversa pague os seus honor\u00e1rios de advogado e custos legais se for for\u00e7ado a process\u00e1-la e a capacidade de fazer cumprir contratos de venda de bens vendidos por 500 d\u00f3lares ou mais.  <\/p>\n\n\n\n<p>Cada contrato \u00e9 uma colabora\u00e7\u00e3o entre n\u00f3s e o cliente. Eis alguns dos tipos de contratos que podemos elaborar para si:  <\/p>\n\n\n\n<h2 class=\"wp-block-heading\"><strong>Governo das sociedades:<\/strong><\/h2>\n\n\n\n<ul class=\"wp-block-list\">\n<li>Estatutos de constitui\u00e7\u00e3o e estatutos de organiza\u00e7\u00e3o  <\/li>\n\n\n\n<li>Estatutos e acordos de funcionamento  <\/li>\n\n\n\n<li>Acordos de confidencialidade e de n\u00e3o divulga\u00e7\u00e3o<\/li>\n\n\n\n<li>Acordos de distribui\u00e7\u00e3o<\/li>\n\n\n\n<li>Acordos de subscri\u00e7\u00e3o<\/li>\n\n\n\n<li>Acordos de compra e venda e acordos de servi\u00e7o<\/li>\n<\/ul>\n\n\n\n<h2 class=\"wp-block-heading\"><strong>Im\u00f3veis:  <\/strong><\/h2>\n\n\n\n<ul class=\"wp-block-list\">\n<li>Contrato de arrendamento comercial e residencial<\/li>\n\n\n\n<li>T\u00edtulos e hipotecas<\/li>\n<\/ul>\n\n\n\n<h2 class=\"wp-block-heading\"><strong>Contratos de trabalho:  <\/strong><\/h2>\n\n\n\n<ul class=\"wp-block-list\">\n<li>Manuais do empregado e pol\u00edticas da empresa  <\/li>\n\n\n\n<li>Contratos de trabalho<\/li>\n\n\n\n<li>Acordos de n\u00e3o concorr\u00eancia<\/li>\n<\/ul>\n\n\n\n<p>Para al\u00e9m de redigir o contacto, podemos prestar servi\u00e7os para fazer cumprir os termos dos seus acordos e defender os seus interesses durante um lit\u00edgio. Contacte-nos hoje para uma consulta.  <\/p>\n","protected":false},"excerpt":{"rendered":"<p>Advogado de Direito Comercial e Contratos em Orlando A constitui\u00e7\u00e3o de uma empresa na Fl\u00f3rida envolve muitas decis\u00f5es. Ter\u00e1 de considerar os direitos e as responsabilidades dos propriet\u00e1rios da empresa, o arrendamento e a explora\u00e7\u00e3o de bens im\u00f3veis, a presta\u00e7\u00e3o de servi\u00e7os e as vendas aos clientes, bem como a sua rela\u00e7\u00e3o com os contratantes e os empregados. Um contrato bem redigido \u00e9 essencial para fazer crescer o seu neg\u00f3cio e proteger os seus direitos na Fl\u00f3rida. De facto, fora de circunst\u00e2ncias especiais, muitos direitos e acordos s\u00f3 podem ser aplicados pelos tribunais se existir um documento escrito. Os exemplos incluem certos tipos de arrendamentos e transfer\u00eancias de propriedade, a capacidade de fazer com que uma parte adversa pague os seus honor\u00e1rios de advogado e custos legais se for for\u00e7ado a process\u00e1-la e a capacidade de fazer cumprir contratos de venda de bens vendidos por 500 d\u00f3lares ou mais. Cada contrato \u00e9 uma colabora\u00e7\u00e3o entre n\u00f3s e o cliente. Eis alguns dos tipos de contratos que podemos elaborar para si: Governo das sociedades: Im\u00f3veis: Contratos de trabalho: Para al\u00e9m de redigir o contacto, podemos prestar servi\u00e7os para fazer cumprir os termos dos seus acordos e defender os seus interesses durante um lit\u00edgio. Contacte-nos hoje para uma consulta.<\/p>\n","protected":false},"author":1,"featured_media":666,"parent":0,"menu_order":0,"comment_status":"closed","ping_status":"closed","template":"","meta":{"_seopress_robots_primary_cat":"","_seopress_titles_title":"Advogado de Direito Comercial e Contratos em Orlando %%sep%% %%sitename%%","_seopress_titles_desc":"Um contrato bem redigido \u00e9 essencial para fazer crescer o seu neg\u00f3cio e proteger os seus direitos na Fl\u00f3rida. Deixe que a PD Law elabore o seu pr\u00f3ximo contrato","_seopress_robots_index":"","footnotes":""},"class_list":["post-828","page","type-page","status-publish","has-post-thumbnail","hentry","entry","post-inner"],"_links":{"self":[{"href":"https:\/\/pdlaworlando.com\/pt-br\/wp-json\/wp\/v2\/pages\/828","targetHints":{"allow":["GET"]}}],"collection":[{"href":"https:\/\/pdlaworlando.com\/pt-br\/wp-json\/wp\/v2\/pages"}],"about":[{"href":"https:\/\/pdlaworlando.com\/pt-br\/wp-json\/wp\/v2\/types\/page"}],"author":[{"embeddable":true,"href":"https:\/\/pdlaworlando.com\/pt-br\/wp-json\/wp\/v2\/users\/1"}],"replies":[{"embeddable":true,"href":"https:\/\/pdlaworlando.com\/pt-br\/wp-json\/wp\/v2\/comments?post=828"}],"version-history":[{"count":2,"href":"https:\/\/pdlaworlando.com\/pt-br\/wp-json\/wp\/v2\/pages\/828\/revisions"}],"predecessor-version":[{"id":1080,"href":"https:\/\/pdlaworlando.com\/pt-br\/wp-json\/wp\/v2\/pages\/828\/revisions\/1080"}],"wp:featuredmedia":[{"embeddable":true,"href":"https:\/\/pdlaworlando.com\/pt-br\/wp-json\/wp\/v2\/media\/666"}],"wp:attachment":[{"href":"https:\/\/pdlaworlando.com\/pt-br\/wp-json\/wp\/v2\/media?parent=828"}],"curies":[{"name":"wp","href":"https:\/\/api.w.org\/{rel}","templated":true}]}}