{"id":829,"date":"2022-06-23T13:49:44","date_gmt":"2022-06-23T18:49:44","guid":{"rendered":"https:\/\/pdlaworlando.com\/advogado-de-defesa-criminal\/"},"modified":"2023-08-18T07:59:59","modified_gmt":"2023-08-18T12:59:59","slug":"advogado-de-defesa-criminal","status":"publish","type":"page","link":"https:\/\/pdlaworlando.com\/pt-br\/advogado-de-defesa-criminal\/","title":{"rendered":"Advogado de defesa criminal"},"content":{"rendered":"<div class=\"wp-block-image\">\n<figure class=\"alignleft size-large is-resized\"><img loading=\"lazy\" decoding=\"async\" src=\"https:\/\/pdlaworlando.com\/wp-content\/uploads\/Criminal-Defense-Attorney-in-Orlando-1024x1021.jpg\" alt=\"\" class=\"wp-image-521\" width=\"263\" height=\"262\" srcset=\"https:\/\/pdlaworlando.com\/wp-content\/uploads\/Criminal-Defense-Attorney-in-Orlando-1024x1021.jpg 1024w, https:\/\/pdlaworlando.com\/wp-content\/uploads\/Criminal-Defense-Attorney-in-Orlando-300x300.jpg 300w, https:\/\/pdlaworlando.com\/wp-content\/uploads\/Criminal-Defense-Attorney-in-Orlando-150x150.jpg 150w, https:\/\/pdlaworlando.com\/wp-content\/uploads\/Criminal-Defense-Attorney-in-Orlando-768x766.jpg 768w, https:\/\/pdlaworlando.com\/wp-content\/uploads\/Criminal-Defense-Attorney-in-Orlando-1536x1532.jpg 1536w, https:\/\/pdlaworlando.com\/wp-content\/uploads\/Criminal-Defense-Attorney-in-Orlando.jpg 1920w\" sizes=\"auto, (max-width: 263px) 100vw, 263px\" \/><figcaption class=\"wp-element-caption\"><a href=\"https:\/\/pdlaworlando.com\/pt-br\/sobre\/\">Pedro Dearaujo<\/a> &#8211; <em>Advogado de Defesa Criminal em Orlando FL<\/em><\/figcaption><\/figure>\n<\/div>\n\n\n<p>\u00c9 importante para qualquer pessoa que enfrente acusa\u00e7\u00f5es criminais ter um <a href=\"#\">advogado de defesa criminal<\/a> experiente em Orlando do seu lado. A PD Law Firm, P.A. pode assegurar a prote\u00e7\u00e3o dos seus direitos e ajud\u00e1-lo a obter o melhor resultado poss\u00edvel para o seu caso. Quer seja acusado de conduzir <a href=\"#driving-without-a-license\">sem carta<\/a>, conduzir com uma carta expirada ou suspensa, ou de <a href=\"#shoplifting-charge\">furto em<\/a> lojas, a nossa empresa pode fornecer a defesa agressiva de que necessita em Orlando e em todos os condados de Orange e Osceola.<\/p>\n\n\n\n<p>O nosso advogado de defesa criminal pode ajudar indiv\u00edduos com uma vasta gama de necessidades e antecedentes. O advogado de <a href=\"https:\/\/pdlaworlando.com\/pt-br\/sobre\/\">Orlando, Pedro Dearaujo<\/a>, \u00e9 um advogado de defesa criminal que fala portugu\u00eas do Brasil e tem uma s\u00f3lida experi\u00eancia em imigra\u00e7\u00e3o e direito penal. Ligue para uma consulta jur\u00eddica completa e descubra como o podemos ajudar.<\/p>\n\n\n\n<h2 class=\"wp-block-heading\" id=\"h-how-criminal-convictions-affect-your-life\"><strong>Como as condena\u00e7\u00f5es penais afectam a sua vida<\/strong><\/h2>\n\n\n\n<p>Uma condena\u00e7\u00e3o penal pode ter um impacto grave e duradouro na sua vida. Pode ser sujeito a pena de pris\u00e3o, multas e registo criminal. Um registo criminal pode dificultar a procura de emprego ou de habita\u00e7\u00e3o adequada para as suas fam\u00edlias. Se n\u00e3o for um cidad\u00e3o americano legal, uma condena\u00e7\u00e3o criminal pode mesmo levar \u00e0 deporta\u00e7\u00e3o.<\/p>\n\n\n\n<p>Precisa de um advogado de defesa criminal experiente que o possa ajudar a evitar estas consequ\u00eancias que alteram a sua vida. A nossa equipa na PD Law Firm, P.A., trabalha incansavelmente para proteger os seus direitos e desenvolver a melhor defesa poss\u00edvel para o seu caso, para que a sua vida volte a correr bem.<\/p>\n\n\n\n<h2 class=\"wp-block-heading\" id=\"driving-without-a-license\"><strong>Conduzir sem carta<\/strong><\/h2>\n\n\n\n<p>\u00c9 considerado um crime conduzir sem uma carta de condu\u00e7\u00e3o v\u00e1lida no estado da Florida. Dependendo da situa\u00e7\u00e3o, esta infra\u00e7\u00e3o pode ser acusada de contraordena\u00e7\u00e3o. No entanto, <a href=\"https:\/\/pdlaworlando.com\/pt-br\/penal\/conducao-infraccoes-de-transito\/\">conduzir sem carta<\/a> de condu\u00e7\u00e3o pode dar origem a uma pesada coima ou mesmo a pena de pris\u00e3o. \u00c9 poss\u00edvel anular as acusa\u00e7\u00f5es e elimin\u00e1-las do seu registo criminal. Um advogado de defesa criminal em Orlando pode analisar o seu caso e determinar o melhor curso de a\u00e7\u00e3o.<\/p>\n\n\n\n<h2 class=\"wp-block-heading\"><strong>  Conduzir com uma carta de condu\u00e7\u00e3o caducada ou suspensa<\/strong><\/h2>\n\n\n\n<p>Quem for apanhado a conduzir com uma carta de condu\u00e7\u00e3o caducada ou suspensa pode ter de enfrentar consequ\u00eancias mais graves. Esta infra\u00e7\u00e3o pode ser o resultado de ter demasiados pontos na carta de condu\u00e7\u00e3o ou de n\u00e3o ter pago uma multa de tr\u00e2nsito anterior. Independentemente do motivo, \u00e9 importante ter um <a href=\"https:\/\/pdlaworlando.com\/pt-br\/penal\/conducao-infraccoes-de-transito\/\">advogado experiente<\/a> do seu lado que o possa ajudar a evitar as penaliza\u00e7\u00f5es associadas a esta acusa\u00e7\u00e3o.<\/p>\n\n\n\n<h2 class=\"wp-block-heading\" id=\"shoplifting-charge\"><strong>Furto em loja<\/strong><\/h2>\n\n\n\n<p>O furto em loja \u00e9 um furto que ocorre quando algu\u00e9m leva mercadorias de uma loja sem pagar. Na Fl\u00f3rida, <a href=\"https:\/\/pdlaworlando.com\/pt-br\/penal\/contraordenacao\/\">o furto em lojas<\/a> \u00e9 tipicamente acusado como uma contraordena\u00e7\u00e3o. No entanto, esta infra\u00e7\u00e3o pode ser considerada um crime, dependendo do valor da mercadoria. A PD Law Firm, P.A., sabe como lidar com estes casos e pode ajud\u00e1-lo a evitar uma condena\u00e7\u00e3o.<\/p>\n\n\n\n<h2 class=\"wp-block-heading\"><strong>Trabalhar com o nosso advogado de defesa criminal<\/strong><\/h2>\n\n\n\n<p>Pedro Dearaujo \u00e9 um advogado que fala portugu\u00eas do Brasil e tem um conhecimento s\u00f3lido tanto do direito de imigra\u00e7\u00e3o como do direito penal. A <a href=\"https:\/\/pdlaworlando.com\/pt-br\/\">PD Law Firm, P.A.<\/a>, j\u00e1 tratou de in\u00fameros casos de sucesso em Orlando e sabe o que \u00e9 preciso para obter os melhores resultados poss\u00edveis. A nossa equipa talentosa trabalhar\u00e1 incansavelmente em seu nome para que as acusa\u00e7\u00f5es contra si sejam retiradas ou reduzidas.  <\/p>\n\n\n\n<h2 class=\"wp-block-heading\"><strong>Contactar The PD Law Firm, PA<\/strong><\/h2>\n\n\n\n<p>Uma condena\u00e7\u00e3o penal tem, de facto, consequ\u00eancias graves que se prolongam por toda a vida. Ningu\u00e9m deveria ter de passar pelo sistema de justi\u00e7a penal sozinho. N\u00e3o corra riscos com o seu futuro; ligue para a PD Law Firm, P.A., para marcar uma consulta com um membro da equipa hoje mesmo. <a href=\"https:\/\/www.floridabar.org\/about\/section\/profile\/?num=105845\" target=\"_blank\" rel=\"noreferrer noopener\">Pedro Dearaujo<\/a> ir\u00e1 analisar o seu caso e determinar a melhor forma de atuar. Temos orgulho em trabalhar com clientes de l\u00edngua inglesa e portuguesa.<\/p>\n\n\n\n<div class=\"wp-block-columns is-layout-flex wp-container-core-columns-is-layout-9d6595d7 wp-block-columns-is-layout-flex\">\n<div class=\"wp-block-column is-layout-flow wp-block-column-is-layout-flow\">\n<div class=\"wp-block-yoast-seo-local-address\">[wpseo_address id=&#8221;0&#8243; hide_name=&#8221;false&#8221; hide_address=&#8221;false&#8221; oneline=&#8221;false&#8221; show_state=&#8221;true&#8221; show_country=&#8221;false&#8221; show_phone=&#8221;true&#8221; show_phone_2=&#8221;true&#8221; show_fax=&#8221;true&#8221; show_email=&#8221;true&#8221; show_url=&#8221;false&#8221; show_vat=&#8221;false&#8221; show_tax=&#8221;false&#8221; show_coc=&#8221;false&#8221; show_price_range=&#8221;false&#8221; show_logo=&#8221;false&#8221; show_opening_hours=&#8221;false&#8221; hide_closed=&#8221;false&#8221;]<\/div>\n<\/div>\n\n\n\n<div class=\"wp-block-column is-layout-flow wp-block-column-is-layout-flow\">\n<div class=\"wp-block-yoast-seo-local-opening-hours\">[wpseo_opening_hours id=&#8221;0&#8243; show_days=&#8221;monday,tuesday,wednesday,thursday,friday,saturday,sunday&#8221; show_open_label=&#8221;false&#8221;]<\/div>\n<\/div>\n<\/div>\n","protected":false},"excerpt":{"rendered":"<p>\u00c9 importante para qualquer pessoa que enfrente acusa\u00e7\u00f5es criminais ter um advogado de defesa criminal experiente em Orlando do seu lado. A PD Law Firm, P.A. pode assegurar a prote\u00e7\u00e3o dos seus direitos e ajud\u00e1-lo a obter o melhor resultado poss\u00edvel para o seu caso. Quer seja acusado de conduzir sem carta, conduzir com uma carta expirada ou suspensa, ou de furto em lojas, a nossa empresa pode fornecer a defesa agressiva de que necessita em Orlando e em todos os condados de Orange e Osceola. O nosso advogado de defesa criminal pode ajudar indiv\u00edduos com uma vasta gama de necessidades e antecedentes. O advogado de Orlando, Pedro Dearaujo, \u00e9 um advogado de defesa criminal que fala portugu\u00eas do Brasil e tem uma s\u00f3lida experi\u00eancia em imigra\u00e7\u00e3o e direito penal. Ligue para uma consulta jur\u00eddica completa e descubra como o podemos ajudar. Como as condena\u00e7\u00f5es penais afectam a sua vida Uma condena\u00e7\u00e3o penal pode ter um impacto grave e duradouro na sua vida. Pode ser sujeito a pena de pris\u00e3o, multas e registo criminal. Um registo criminal pode dificultar a procura de emprego ou de habita\u00e7\u00e3o adequada para as suas fam\u00edlias. Se n\u00e3o for um cidad\u00e3o americano legal, uma condena\u00e7\u00e3o criminal pode mesmo levar \u00e0 deporta\u00e7\u00e3o. Precisa de um advogado de defesa criminal experiente que o possa ajudar a evitar estas consequ\u00eancias que alteram a sua vida. A nossa equipa na PD Law Firm, P.A., trabalha incansavelmente para proteger os seus direitos e desenvolver a melhor defesa poss\u00edvel para o seu caso, para que a sua vida volte a correr bem. Conduzir sem carta \u00c9 considerado um crime conduzir sem uma carta de condu\u00e7\u00e3o v\u00e1lida no estado da Florida. Dependendo da situa\u00e7\u00e3o, esta infra\u00e7\u00e3o pode ser acusada de contraordena\u00e7\u00e3o. No entanto, conduzir sem carta de condu\u00e7\u00e3o pode dar origem a uma pesada coima ou mesmo a pena de pris\u00e3o. \u00c9 poss\u00edvel anular as acusa\u00e7\u00f5es e elimin\u00e1-las do seu registo criminal. Um advogado de defesa criminal em Orlando pode analisar o seu caso e determinar o melhor curso de a\u00e7\u00e3o. Conduzir com uma carta de condu\u00e7\u00e3o caducada ou suspensa Quem for apanhado a conduzir com uma carta de condu\u00e7\u00e3o caducada ou suspensa pode ter de enfrentar consequ\u00eancias mais graves. Esta infra\u00e7\u00e3o pode ser o resultado de ter demasiados pontos na carta de condu\u00e7\u00e3o ou de n\u00e3o ter pago uma multa de tr\u00e2nsito anterior. Independentemente do motivo, \u00e9 importante ter um advogado experiente do seu lado que o possa ajudar a evitar as penaliza\u00e7\u00f5es associadas a esta acusa\u00e7\u00e3o. Furto em loja O furto em loja \u00e9 um furto que ocorre quando algu\u00e9m leva mercadorias de uma loja sem pagar. Na Fl\u00f3rida, o furto em lojas \u00e9 tipicamente acusado como uma contraordena\u00e7\u00e3o. No entanto, esta infra\u00e7\u00e3o pode ser considerada um crime, dependendo do valor da mercadoria. A PD Law Firm, P.A., sabe como lidar com estes casos e pode ajud\u00e1-lo a evitar uma condena\u00e7\u00e3o. Trabalhar com o nosso advogado de defesa criminal Pedro Dearaujo \u00e9 um advogado que fala portugu\u00eas do Brasil e tem um conhecimento s\u00f3lido tanto do direito de imigra\u00e7\u00e3o como do direito penal. A PD Law Firm, P.A., j\u00e1 tratou de in\u00fameros casos de sucesso em Orlando e sabe o que \u00e9 preciso para obter os melhores resultados poss\u00edveis. A nossa equipa talentosa trabalhar\u00e1 incansavelmente em seu nome para que as acusa\u00e7\u00f5es contra si sejam retiradas ou reduzidas. Contactar The PD Law Firm, PA Uma condena\u00e7\u00e3o penal tem, de facto, consequ\u00eancias graves que se prolongam por toda a vida. Ningu\u00e9m deveria ter de passar pelo sistema de justi\u00e7a penal sozinho. N\u00e3o corra riscos com o seu futuro; ligue para a PD Law Firm, P.A., para marcar uma consulta com um membro da equipa hoje mesmo. Pedro Dearaujo ir\u00e1 analisar o seu caso e determinar a melhor forma de atuar. Temos orgulho em trabalhar com clientes de l\u00edngua inglesa e portuguesa.<\/p>\n","protected":false},"author":1,"featured_media":628,"parent":0,"menu_order":0,"comment_status":"closed","ping_status":"closed","template":"","meta":{"_seopress_robots_primary_cat":"","_seopress_titles_title":"Advogado de Defesa Criminal em Orlando - PD Law Firm, P.A.","_seopress_titles_desc":"\u00c9 importante para qualquer pessoa que enfrente acusa\u00e7\u00f5es criminais ter um advogado de defesa criminal experiente em Orlando do seu lado.","_seopress_robots_index":"","footnotes":""},"class_list":["post-829","page","type-page","status-publish","has-post-thumbnail","hentry","entry","post-inner"],"_links":{"self":[{"href":"https:\/\/pdlaworlando.com\/pt-br\/wp-json\/wp\/v2\/pages\/829","targetHints":{"allow":["GET"]}}],"collection":[{"href":"https:\/\/pdlaworlando.com\/pt-br\/wp-json\/wp\/v2\/pages"}],"about":[{"href":"https:\/\/pdlaworlando.com\/pt-br\/wp-json\/wp\/v2\/types\/page"}],"author":[{"embeddable":true,"href":"https:\/\/pdlaworlando.com\/pt-br\/wp-json\/wp\/v2\/users\/1"}],"replies":[{"embeddable":true,"href":"https:\/\/pdlaworlando.com\/pt-br\/wp-json\/wp\/v2\/comments?post=829"}],"version-history":[{"count":2,"href":"https:\/\/pdlaworlando.com\/pt-br\/wp-json\/wp\/v2\/pages\/829\/revisions"}],"predecessor-version":[{"id":1079,"href":"https:\/\/pdlaworlando.com\/pt-br\/wp-json\/wp\/v2\/pages\/829\/revisions\/1079"}],"wp:featuredmedia":[{"embeddable":true,"href":"https:\/\/pdlaworlando.com\/pt-br\/wp-json\/wp\/v2\/media\/628"}],"wp:attachment":[{"href":"https:\/\/pdlaworlando.com\/pt-br\/wp-json\/wp\/v2\/media?parent=829"}],"curies":[{"name":"wp","href":"https:\/\/api.w.org\/{rel}","templated":true}]}}