{"id":837,"date":"2022-01-25T10:21:08","date_gmt":"2022-01-25T15:21:08","guid":{"rendered":"https:\/\/pdlaworlando.com\/advogado-de-imigracao-em-kissimmee\/"},"modified":"2023-08-18T07:28:22","modified_gmt":"2023-08-18T12:28:22","slug":"advogado-de-imigracao-em-kissimmee","status":"publish","type":"page","link":"https:\/\/pdlaworlando.com\/pt-br\/advogado-de-imigracao-em-kissimmee\/","title":{"rendered":"Advogado de Imigra\u00e7\u00e3o em Kissimmee"},"content":{"rendered":"<div class=\"wp-block-image\">\n<figure class=\"alignleft size-full is-resized\"><img loading=\"lazy\" decoding=\"async\" src=\"https:\/\/pdlaworlando.com\/wp-content\/uploads\/Brazilian-Immigration-Attorney-in-Kissimmee.jpg\" alt=\"Advogado de Imigra\u00e7\u00e3o em Kissimmee\" class=\"wp-image-461\" width=\"237\" height=\"157\" srcset=\"https:\/\/pdlaworlando.com\/wp-content\/uploads\/Brazilian-Immigration-Attorney-in-Kissimmee.jpg 1000w, https:\/\/pdlaworlando.com\/wp-content\/uploads\/Brazilian-Immigration-Attorney-in-Kissimmee-300x200.jpg 300w, https:\/\/pdlaworlando.com\/wp-content\/uploads\/Brazilian-Immigration-Attorney-in-Kissimmee-768x512.jpg 768w\" sizes=\"auto, (max-width: 237px) 100vw, 237px\" \/><figcaption class=\"wp-element-caption\">Advogado de Imigra\u00e7\u00e3o em Kissimmee<\/figcaption><\/figure>\n<\/div>\n\n\n<p>A imigra\u00e7\u00e3o pode ser complicada para quem n\u00e3o est\u00e1 familiarizado com o processo, e \u00e9 tamb\u00e9m um momento emocional e desafiante para muitas pessoas. Se voc\u00ea precisar de um visto tempor\u00e1rio ou green card, \u00e9 melhor procurar a assist\u00eancia de um advogado de imigra\u00e7\u00e3o brasileiro em <a href=\"https:\/\/en.wikipedia.org\/wiki\/Buenaventura_Lakes,_Florida\">Buenaventura Lakes<\/a>, <a href=\"https:\/\/www.hunterscreek.net\/\">Hunters Creek<\/a> e <a href=\"https:\/\/www.kissimmee.gov\/\">Kissimmee <\/a>que entenda completamente o sistema. Trabalhar com um profissional pode aumentar as suas hip\u00f3teses de sucesso.<\/p>\n\n\n\n<p><a href=\"https:\/\/pdlaworlando.com\/pt-br\/sobre\/\">Pedro Dearaujo<\/a> iniciou a sua carreira jur\u00eddica na Defensoria P\u00fablica e tem representado in\u00fameros clientes com um vasto leque de necessidades e antecedentes. Toda a nossa equipa na <a href=\"\/\">The PD Law Firm, P.A<\/a>. tamb\u00e9m trabalha em estreita colabora\u00e7\u00e3o com clientes da Am\u00e9rica do Sul para garantir que as suas preocupa\u00e7\u00f5es s\u00e3o satisfeitas. Continue a ler para saber mais sobre os nossos servi\u00e7os ou contacte-nos para marcar uma consulta.<\/p>\n\n\n\n<h2 class=\"wp-block-heading\"><strong>Vistos de trabalho, escolares e de turismo<\/strong><\/h2>\n\n\n\n<p>Um <strong>advogado de imigra\u00e7\u00e3o brasileiro<\/strong> em Buenaventura Lakes, Hunters Creek e Kissimmee pode ajud\u00e1-lo a obter um visto tempor\u00e1rio ou permanente, dependendo do seu motivo de viagem. A PD Law Firm, P.A. pode ajudar as pessoas a completar com sucesso as suas candidaturas e a certificar-se de que tudo est\u00e1 em ordem. Contacte-nos para saber mais sobre o seguinte:<\/p>\n\n\n\n<ul class=\"wp-block-list\">\n<li>Trabalho: \u00c9 comum as empresas contratarem trabalhadores estrangeiros devido \u00e0 sua forma\u00e7\u00e3o e compet\u00eancias especiais. Obter o visto adequado para trabalhar nos Estados Unidos pode ser complicado se n\u00e3o souber o que est\u00e1 a fazer. A nossa empresa arquiva todos os documentos necess\u00e1rios para que possa voltar a concentrar-se no trabalho.<\/li>\n\n\n\n<li>Estudar: Se pretende frequentar a escola em Buenaventura Lakes, Hunters Creek e Kissimmee, o nosso escrit\u00f3rio de advogados pode ajudar. Estamos familiarizados com o processo de candidatura \u00e0s universidades americanas e podemos ajud\u00e1-lo de todas as formas poss\u00edveis. Asseguramos que tudo \u00e9 feito atempadamente para que a sua educa\u00e7\u00e3o possa continuar sem interrup\u00e7\u00f5es.<\/li>\n\n\n\n<li>Viajar: Se est\u00e1 a pensar visitar a Fl\u00f3rida, deve ter o visto adequado para entrar no pa\u00eds. A nossa empresa pode ajud\u00e1-lo a solicitar um visto de turista para que as suas f\u00e9rias sejam agrad\u00e1veis e memor\u00e1veis. Trabalhamos incansavelmente para garantir que o processo decorre sem problemas para que possa desfrutar da sua viagem.<\/li>\n\n\n\n<li>Assist\u00eancia m\u00e9dica: Os Estados Unidos t\u00eam alguns dos melhores cuidados m\u00e9dicos do mundo, mas \u00e9 necess\u00e1rio ter um visto v\u00e1lido para obter tratamento m\u00e9dico. A PD Law Firm, P.A. ajudou muitos clientes satisfeitos que precisavam de vistos para receber cuidados m\u00e9dicos.<\/li>\n<\/ul>\n\n\n\n<p>Para al\u00e9m dos vistos, Pedro Dearaujo pode ajudar residentes permanentes que tenham vivido nos EUA durante cinco anos consecutivos a candidatarem-se ao processo de naturaliza\u00e7\u00e3o. Informe-se sobre os requisitos e os passos a seguir.<\/p>\n\n\n\n<h2 class=\"wp-block-heading\"><strong>Imigra\u00e7\u00e3o baseada na fam\u00edlia  <\/strong><\/h2>\n\n\n\n<p>Muitos brasileiros conhecem seus c\u00f4njuges enquanto vivem na Am\u00e9rica do Sul, mas outros encontram o amor nos Estados Unidos quando v\u00eam trabalhar ou estudar. Se voc\u00ea e o seu parceiro est\u00e3o a planear casar-se, The PD Law Firm, P.A. pode ajud\u00e1-lo a navegar no sistema e a obter o visto adequado para o seu noivo ou c\u00f4njuge. A nossa empresa prepara toda a documenta\u00e7\u00e3o e responde a quaisquer perguntas que possa ter para que n\u00e3o haja surpresas no futuro.<\/p>\n\n\n\n<h2 class=\"wp-block-heading\"><strong>O seu parceiro na imigra\u00e7\u00e3o  <\/strong><\/h2>\n\n\n\n<p>O advogado de imigra\u00e7\u00e3o brasileiro Pedro Dearaujo \u00e9 bacharel em Governo e Pol\u00edtica Internacional e se formou na Florida State University College of Law. Contacte a nossa empresa se quiser falar com um advogado experiente em Buenaventura Lakes, Hunters Creek e Kissimmee. Estamos ansiosos para o ajudar a come\u00e7ar a sua nova vida nos EUA e estamos empenhados em ajud\u00e1-lo a ter sucesso na sua viagem.<\/p>\n","protected":false},"excerpt":{"rendered":"<p>A imigra\u00e7\u00e3o pode ser complicada para quem n\u00e3o est\u00e1 familiarizado com o processo, e \u00e9 tamb\u00e9m um momento emocional e desafiante para muitas pessoas. Se voc\u00ea precisar de um visto tempor\u00e1rio ou green card, \u00e9 melhor procurar a assist\u00eancia de um advogado de imigra\u00e7\u00e3o brasileiro em Buenaventura Lakes, Hunters Creek e Kissimmee que entenda completamente o sistema. Trabalhar com um profissional pode aumentar as suas hip\u00f3teses de sucesso. Pedro Dearaujo iniciou a sua carreira jur\u00eddica na Defensoria P\u00fablica e tem representado in\u00fameros clientes com um vasto leque de necessidades e antecedentes. Toda a nossa equipa na The PD Law Firm, P.A. tamb\u00e9m trabalha em estreita colabora\u00e7\u00e3o com clientes da Am\u00e9rica do Sul para garantir que as suas preocupa\u00e7\u00f5es s\u00e3o satisfeitas. Continue a ler para saber mais sobre os nossos servi\u00e7os ou contacte-nos para marcar uma consulta. Vistos de trabalho, escolares e de turismo Um advogado de imigra\u00e7\u00e3o brasileiro em Buenaventura Lakes, Hunters Creek e Kissimmee pode ajud\u00e1-lo a obter um visto tempor\u00e1rio ou permanente, dependendo do seu motivo de viagem. A PD Law Firm, P.A. pode ajudar as pessoas a completar com sucesso as suas candidaturas e a certificar-se de que tudo est\u00e1 em ordem. Contacte-nos para saber mais sobre o seguinte: Para al\u00e9m dos vistos, Pedro Dearaujo pode ajudar residentes permanentes que tenham vivido nos EUA durante cinco anos consecutivos a candidatarem-se ao processo de naturaliza\u00e7\u00e3o. Informe-se sobre os requisitos e os passos a seguir. Imigra\u00e7\u00e3o baseada na fam\u00edlia Muitos brasileiros conhecem seus c\u00f4njuges enquanto vivem na Am\u00e9rica do Sul, mas outros encontram o amor nos Estados Unidos quando v\u00eam trabalhar ou estudar. Se voc\u00ea e o seu parceiro est\u00e3o a planear casar-se, The PD Law Firm, P.A. pode ajud\u00e1-lo a navegar no sistema e a obter o visto adequado para o seu noivo ou c\u00f4njuge. A nossa empresa prepara toda a documenta\u00e7\u00e3o e responde a quaisquer perguntas que possa ter para que n\u00e3o haja surpresas no futuro. O seu parceiro na imigra\u00e7\u00e3o O advogado de imigra\u00e7\u00e3o brasileiro Pedro Dearaujo \u00e9 bacharel em Governo e Pol\u00edtica Internacional e se formou na Florida State University College of Law. Contacte a nossa empresa se quiser falar com um advogado experiente em Buenaventura Lakes, Hunters Creek e Kissimmee. Estamos ansiosos para o ajudar a come\u00e7ar a sua nova vida nos EUA e estamos empenhados em ajud\u00e1-lo a ter sucesso na sua viagem.<\/p>\n","protected":false},"author":1,"featured_media":652,"parent":0,"menu_order":0,"comment_status":"closed","ping_status":"closed","template":"","meta":{"_seopress_robots_primary_cat":"","_seopress_titles_title":"","_seopress_titles_desc":"Se voc\u00ea precisa de um visto ou green card, The PD Law Firm, P.A. advogado de imigra\u00e7\u00e3o brasileiro em Buenaventura Lakes, Hunters Creek e Kissimmee","_seopress_robots_index":"","footnotes":""},"class_list":["post-837","page","type-page","status-publish","has-post-thumbnail","hentry","entry","post-inner"],"_links":{"self":[{"href":"https:\/\/pdlaworlando.com\/pt-br\/wp-json\/wp\/v2\/pages\/837","targetHints":{"allow":["GET"]}}],"collection":[{"href":"https:\/\/pdlaworlando.com\/pt-br\/wp-json\/wp\/v2\/pages"}],"about":[{"href":"https:\/\/pdlaworlando.com\/pt-br\/wp-json\/wp\/v2\/types\/page"}],"author":[{"embeddable":true,"href":"https:\/\/pdlaworlando.com\/pt-br\/wp-json\/wp\/v2\/users\/1"}],"replies":[{"embeddable":true,"href":"https:\/\/pdlaworlando.com\/pt-br\/wp-json\/wp\/v2\/comments?post=837"}],"version-history":[{"count":2,"href":"https:\/\/pdlaworlando.com\/pt-br\/wp-json\/wp\/v2\/pages\/837\/revisions"}],"predecessor-version":[{"id":1070,"href":"https:\/\/pdlaworlando.com\/pt-br\/wp-json\/wp\/v2\/pages\/837\/revisions\/1070"}],"wp:featuredmedia":[{"embeddable":true,"href":"https:\/\/pdlaworlando.com\/pt-br\/wp-json\/wp\/v2\/media\/652"}],"wp:attachment":[{"href":"https:\/\/pdlaworlando.com\/pt-br\/wp-json\/wp\/v2\/media?parent=837"}],"curies":[{"name":"wp","href":"https:\/\/api.w.org\/{rel}","templated":true}]}}