{"id":841,"date":"2018-03-15T11:59:54","date_gmt":"2018-03-15T16:59:54","guid":{"rendered":"https:\/\/pdlaworlando.com\/acidentes-de-viacao\/"},"modified":"2024-06-29T12:48:06","modified_gmt":"2024-06-29T17:48:06","slug":"acidentes-de-viacao","status":"publish","type":"page","link":"https:\/\/pdlaworlando.com\/pt-br\/acidentes-de-viacao\/","title":{"rendered":"Acidentes de via\u00e7\u00e3o"},"content":{"rendered":"<div class=\"wpb-content-wrapper\">[vc_row][vc_column][vc_cta h2=&#8221;N\u00e3o nos pague um c\u00eantimo&#8221; h4=&#8221;A menos que receba dinheiro pelo seu pedido de indemniza\u00e7\u00e3o&#8221; txt_align=&#8221;center&#8221; shape=&#8221;square&#8221; style=&#8221;custom&#8221; css=&#8221;.vc_custom_1521141978314{margin-bottom: 30px !important;}&#8221; custom_background=&#8221;#92741f&#8221; custom_text=&#8221;#ffffff&#8221;][\/vc_cta][vc_tta_accordion shape=&#8221;square&#8221; gap=&#8221;20&#8243; active_section=&#8221;1&#8243; collapsible_all=&#8221;true&#8221;][vc_tta_section title=&#8221;POR QUE CONTRATAR UM ADVOGADO QUE ATUA EM ACIDENTES DE CARRO?&#8221; tab_id=&#8221;1521139370787-76f67571-8d43&#8243;][vc_column_text]Se ficar ferido ou envolvido num acidente de via\u00e7\u00e3o na \u00e1rea de Orlando em resultado de um condutor negligente, \u00e9 imperativo contactar um bom advogado de danos pessoais o mais rapidamente poss\u00edvel. Quer tenha sido o condutor, o passageiro ou mesmo o pe\u00e3o, tem direitos legais que vale a pena proteger.<\/p>\n<p>A condu\u00e7\u00e3o \u00e9 cada vez mais perigosa. Se sofreu algum tipo de les\u00e3o, podemos ajud\u00e1-lo a intentar uma a\u00e7\u00e3o judicial para reclamar uma indemniza\u00e7\u00e3o para al\u00e9m do que \u00e9 fornecido pelos seguros.<\/p>\n<p>Existem regras e regulamentos espec\u00edficos que podem complicar os pedidos de indemniza\u00e7\u00e3o dos seguros e a recupera\u00e7\u00e3o de danos adicionais, como a dor e o sofrimento. Podemos lutar em seu nome para obter a indemniza\u00e7\u00e3o m\u00e1xima dispon\u00edvel para cobrir as suas despesas m\u00e9dicas, perda de rendimentos e todos os outros custos e danos relacionados com acidentes de via\u00e7\u00e3o.<\/p>\n<p>Se tiver sofrido um acidente de via\u00e7\u00e3o, deve contactar a PD Law Firm o mais rapidamente poss\u00edvel. Existe um prazo limitado para apresentar um pedido de indemniza\u00e7\u00e3o a um advogado, pelo que deve agir o mais rapidamente poss\u00edvel.[\/vc_column_text][\/vc_tta_section][vc_tta_section title=&#8221;OS ADVOGADOS ESPECIALIZADOS EM ACIDENTES PODEM AJUD\u00c1-LO NAS TR\u00caS FASES DO PROCESSO DE INDEMNIZA\u00c7\u00c3O POR DANOS PESSOAIS&#8221; tab_id=&#8221;1521139370790-04578eff-3a7c&#8221;][vc_column_text]Embora cada caso seja diferente, a maioria dos pedidos de indemniza\u00e7\u00e3o por danos pessoais resultantes de acidentes de via\u00e7\u00e3o s\u00e3o tratados em duas ou tr\u00eas fases:<\/p>\n<ul>\n<li><strong>A investiga\u00e7\u00e3o:<\/strong> Primeiro, reunimo-nos consigo para uma consulta inicial gratuita e estabelecemos os factos. Determinamos se tem motivos para apresentar uma queixa por danos pessoais e se as provas s\u00e3o suficientes para provar a sua queixa. Se concordarmos mutuamente em trabalhar juntos no seu caso, iremos determinar exatamente o que aconteceu, recolher e examinar as provas e interrogar as testemunhas.<\/li>\n<li><strong>Negocia\u00e7\u00f5es extrajudiciais:<\/strong> \u00c9 sempre nosso objetivo resolver todos os casos de acidentes de via\u00e7\u00e3o da forma mais r\u00e1pida e econ\u00f3mica poss\u00edvel. Na sua esmagadora maioria, os casos de danos pessoais s\u00e3o resolvidos antes do julgamento, quando os advogados de ambas as partes negoceiam em privado, fora da sala de audi\u00eancias. Durante estas negocia\u00e7\u00f5es, pode confiar que Pedro Dearaujo est\u00e1 a lutar em seu nome para obter a maior indemniza\u00e7\u00e3o poss\u00edvel.<\/li>\n<li><strong>Julgamento:<\/strong> Nos raros casos em que n\u00e3o \u00e9 poss\u00edvel chegar a um acordo em privado, Pedro Dearaujo levar\u00e1 o seu processo a julgamento e explicar\u00e1 exatamente o que aconteceu a um j\u00fari dos seus pares. Pode ter a certeza de que a sua vers\u00e3o da hist\u00f3ria ser\u00e1 explicada em pormenor e compreendida na \u00edntegra. Nos casos mais graves de les\u00f5es causadas por acidentes de via\u00e7\u00e3o, as les\u00f5es s\u00e3o incapacitantes e permanentes. Pedro Dearaujo lutar\u00e1 pelo tratamento m\u00e9dico, reabilita\u00e7\u00e3o e terapia de que necessita durante o tempo que precisar &#8211; e pelos recursos para os pagar.<\/li>\n<\/ul>\n[\/vc_column_text][\/vc_tta_section][vc_tta_section title=&#8221;PROCURAR TRATAMENTO M\u00c9DICO IMEDIATAMENTE AP\u00d3S UM ACIDENTE DE VIA\u00c7\u00c3O&#8221; tab_id=&#8221;1521139566910-cc57e438-0037&#8243;][vc_column_text]As les\u00f5es da espinal medula e os traumatismos cr\u00e2nio-encef\u00e1licos sofridos em acidentes de via\u00e7\u00e3o s\u00e3o por vezes permanentemente incapacitantes. Algumas les\u00f5es que podem parecer inconsequentes podem mais tarde evoluir para condi\u00e7\u00f5es m\u00e9dicas graves. Por vezes, h\u00e1 mais do que apenas danos f\u00edsicos, especialmente se a v\u00edtima estiver envolvida num acidente traum\u00e1tico que tenha causado les\u00f5es graves. Ap\u00f3s qualquer colis\u00e3o autom\u00f3vel, procure primeiro e imediatamente assist\u00eancia m\u00e9dica. As les\u00f5es internas podem ser mascaradas pelo choque. A presta\u00e7\u00e3o de cuidados m\u00e9dicos imediatos logo ap\u00f3s o acidente ajuda-o a identificar quaisquer complica\u00e7\u00f5es subjacentes e a trat\u00e1-las de imediato. Isto \u00e9 especialmente verdade no caso de les\u00f5es que n\u00e3o s\u00e3o imediatamente vis\u00edveis. Guarde todos os registos m\u00e9dicos e facturas que acumular durante a sua recupera\u00e7\u00e3o. Estes registos e os relat\u00f3rios de tratamento m\u00e9dico podem ser utilizados mais tarde para verificar o seu pedido de indemniza\u00e7\u00e3o por danos pessoais. Ajudam tamb\u00e9m a calcular e a determinar o montante da indemniza\u00e7\u00e3o que lhe deve ser atribu\u00edda.[\/vc_column_text][\/vc_tta_section][vc_tta_section title=&#8221;N\u00c3O FALE COM UMA COMPANHIA DE SEGUROS ANTES DE FALAR COM UM ADVOGADO&#8221; tab_id=&#8221;1521139598725-b1d468a9-6a30&#8243;][vc_column_text]Tal como outras empresas, as companhias de seguros autom\u00f3veis gostam de limitar as suas perdas. Depois de ter sofrido um acidente, \u00e9 prov\u00e1vel que receba uma proposta de indemniza\u00e7\u00e3o r\u00e1pida, que pode at\u00e9 parecer a op\u00e7\u00e3o mais conveniente. Os advogados especializados em danos pessoais aconselham-no a n\u00e3o aceitar este acordo. N\u00e3o fale com a companhia de seguros nem responda a quaisquer perguntas at\u00e9 ter falado com um advogado. \u00c9 prov\u00e1vel que lhe seja oferecido um montante muito inferior ao valor do seu pedido de indemniza\u00e7\u00e3o. Deixe a PD Law Firm lidar com a companhia de seguros e negociar em seu nome.[\/vc_column_text][\/vc_tta_section][vc_tta_section title=&#8221;QUANTO DINHEIRO SE PODE OBTER NUMA AC\u00c7\u00c3O JUDICIAL?&#8221; tab_id=&#8221;1521139630946-c5e4cf22-28d7&#8243;][vc_column_text]Uma quest\u00e3o importante para as pessoas feridas num acidente de via\u00e7\u00e3o \u00e9 &#8220;Quanto dinheiro posso receber numa a\u00e7\u00e3o judicial por acidente de via\u00e7\u00e3o?&#8221; Isto deve-se ao facto de as despesas m\u00e9dicas se acumularem e, se estiver demasiado ferido para trabalhar, isso pode constituir uma combina\u00e7\u00e3o imposs\u00edvel de gerir. Mesmo que consiga trabalhar, poder\u00e1 ter de suportar despesas m\u00e9dicas cont\u00ednuas, que parecem n\u00e3o parar de aumentar.<\/p>\n<p>Uma vez que cada acidente \u00e9 diferente, a extens\u00e3o das les\u00f5es sofridas varia de caso para caso e, por conseguinte, ditar\u00e1 resultados diferentes na obten\u00e7\u00e3o de uma indemniza\u00e7\u00e3o. Se vive num estado sem culpa e est\u00e1 sujeito ao PIP, os custos do tratamento das les\u00f5es sofridas n\u00e3o ser\u00e3o cobertos pelo seguro PIP e exigir\u00e3o lit\u00edgios ou negocia\u00e7\u00f5es adicionais.[\/vc_column_text][\/vc_tta_section][\/vc_tta_accordion][vc_btn title=&#8221;Ligue agora para uma consulta gratuita: 407-490-0696&#8243; style=&#8221;custom&#8221; custom_background=&#8221;#92741f&#8221; custom_text=&#8221;#ffffff&#8221; shape=&#8221;square&#8221; size=&#8221;lg&#8221; align=&#8221;center&#8221; i_icon_fontawesome=&#8221;fa fa-volume-control-phone&#8221; add_icon=&#8221;true&#8221; link=&#8221;url:tel%3A4074900696|&#8221; css=&#8221;.vc_custom_1521142522387{margin-top: 30px !important;}&#8221;][\/vc_column][\/vc_row][vc_row][vc_column][\/vc_column][\/vc_row]\n<\/div>","protected":false},"excerpt":{"rendered":"<p>[vc_row][vc_column][vc_cta h2=&#8221;N\u00e3o nos pague um c\u00eantimo&#8221; h4=&#8221;A menos que receba dinheiro pelo seu pedido de indemniza\u00e7\u00e3o&#8221; txt_align=&#8221;center&#8221; shape=&#8221;square&#8221; style=&#8221;custom&#8221; css=&#8221;.vc_custom_1521141978314{margin-bottom: 30px !important;}&#8221; custom_background=&#8221;#92741f&#8221; custom_text=&#8221;#ffffff&#8221;][\/vc_cta][vc_tta_accordion shape=&#8221;square&#8221; gap=&#8221;20&#8243; active_section=&#8221;1&#8243; collapsible_all=&#8221;true&#8221;][vc_tta_section title=&#8221;POR QUE CONTRATAR UM ADVOGADO QUE ATUA EM ACIDENTES DE CARRO?&#8221; tab_id=&#8221;1521139370787-76f67571-8d43&#8243;][vc_column_text]Se ficar ferido ou envolvido num acidente de via\u00e7\u00e3o na \u00e1rea de Orlando em resultado de um condutor negligente, \u00e9 imperativo contactar um bom advogado de danos pessoais o mais rapidamente poss\u00edvel. Quer tenha sido o condutor, o passageiro ou mesmo o pe\u00e3o, tem direitos legais que vale a pena proteger. A condu\u00e7\u00e3o \u00e9 cada vez mais perigosa. Se sofreu algum tipo de les\u00e3o, podemos ajud\u00e1-lo a intentar uma a\u00e7\u00e3o judicial para reclamar uma indemniza\u00e7\u00e3o para al\u00e9m do que \u00e9 fornecido pelos seguros. Existem regras e regulamentos espec\u00edficos que podem complicar os pedidos de indemniza\u00e7\u00e3o dos seguros e a recupera\u00e7\u00e3o de danos adicionais, como a dor e o sofrimento. Podemos lutar em seu nome para obter a indemniza\u00e7\u00e3o m\u00e1xima dispon\u00edvel para cobrir as suas despesas m\u00e9dicas, perda de rendimentos e todos os outros custos e danos relacionados com acidentes de via\u00e7\u00e3o. Se tiver sofrido um acidente de via\u00e7\u00e3o, deve contactar a PD Law Firm o mais rapidamente poss\u00edvel. Existe um prazo limitado para apresentar um pedido de indemniza\u00e7\u00e3o a um advogado, pelo que deve agir o mais rapidamente poss\u00edvel.[\/vc_column_text][\/vc_tta_section][vc_tta_section title=&#8221;OS ADVOGADOS ESPECIALIZADOS EM ACIDENTES PODEM AJUD\u00c1-LO NAS TR\u00caS FASES DO PROCESSO DE INDEMNIZA\u00c7\u00c3O POR DANOS PESSOAIS&#8221; tab_id=&#8221;1521139370790-04578eff-3a7c&#8221;][vc_column_text]Embora cada caso seja diferente, a maioria dos pedidos de indemniza\u00e7\u00e3o por danos pessoais resultantes de acidentes de via\u00e7\u00e3o s\u00e3o tratados em duas ou tr\u00eas fases: A investiga\u00e7\u00e3o: Primeiro, reunimo-nos consigo para uma consulta inicial gratuita e estabelecemos os factos. Determinamos se tem motivos para apresentar uma queixa por danos pessoais e se as provas s\u00e3o suficientes para provar a sua queixa. Se concordarmos mutuamente em trabalhar juntos no seu caso, iremos determinar exatamente o que aconteceu, recolher e examinar as provas e interrogar as testemunhas. Negocia\u00e7\u00f5es extrajudiciais: \u00c9 sempre nosso objetivo resolver todos os casos de acidentes de via\u00e7\u00e3o da forma mais r\u00e1pida e econ\u00f3mica poss\u00edvel. Na sua esmagadora maioria, os casos de danos pessoais s\u00e3o resolvidos antes do julgamento, quando os advogados de ambas as partes negoceiam em privado, fora da sala de audi\u00eancias. Durante estas negocia\u00e7\u00f5es, pode confiar que Pedro Dearaujo est\u00e1 a lutar em seu nome para obter a maior indemniza\u00e7\u00e3o poss\u00edvel. Julgamento: Nos raros casos em que n\u00e3o \u00e9 poss\u00edvel chegar a um acordo em privado, Pedro Dearaujo levar\u00e1 o seu processo a julgamento e explicar\u00e1 exatamente o que aconteceu a um j\u00fari dos seus pares. Pode ter a certeza de que a sua vers\u00e3o da hist\u00f3ria ser\u00e1 explicada em pormenor e compreendida na \u00edntegra. Nos casos mais graves de les\u00f5es causadas por acidentes de via\u00e7\u00e3o, as les\u00f5es s\u00e3o incapacitantes e permanentes. Pedro Dearaujo lutar\u00e1 pelo tratamento m\u00e9dico, reabilita\u00e7\u00e3o e terapia de que necessita durante o tempo que precisar &#8211; e pelos recursos para os pagar. [\/vc_column_text][\/vc_tta_section][vc_tta_section title=&#8221;PROCURAR TRATAMENTO M\u00c9DICO IMEDIATAMENTE AP\u00d3S UM ACIDENTE DE VIA\u00c7\u00c3O&#8221; tab_id=&#8221;1521139566910-cc57e438-0037&#8243;][vc_column_text]As les\u00f5es da espinal medula e os traumatismos cr\u00e2nio-encef\u00e1licos sofridos em acidentes de via\u00e7\u00e3o s\u00e3o por vezes permanentemente incapacitantes. Algumas les\u00f5es que podem parecer inconsequentes podem mais tarde evoluir para condi\u00e7\u00f5es m\u00e9dicas graves. Por vezes, h\u00e1 mais do que apenas danos f\u00edsicos, especialmente se a v\u00edtima estiver envolvida num acidente traum\u00e1tico que tenha causado les\u00f5es graves. Ap\u00f3s qualquer colis\u00e3o autom\u00f3vel, procure primeiro e imediatamente assist\u00eancia m\u00e9dica. As les\u00f5es internas podem ser mascaradas pelo choque. A presta\u00e7\u00e3o de cuidados m\u00e9dicos imediatos logo ap\u00f3s o acidente ajuda-o a identificar quaisquer complica\u00e7\u00f5es subjacentes e a trat\u00e1-las de imediato. Isto \u00e9 especialmente verdade no caso de les\u00f5es que n\u00e3o s\u00e3o imediatamente vis\u00edveis. Guarde todos os registos m\u00e9dicos e facturas que acumular durante a sua recupera\u00e7\u00e3o. Estes registos e os relat\u00f3rios de tratamento m\u00e9dico podem ser utilizados mais tarde para verificar o seu pedido de indemniza\u00e7\u00e3o por danos pessoais. Ajudam tamb\u00e9m a calcular e a determinar o montante da indemniza\u00e7\u00e3o que lhe deve ser atribu\u00edda.[\/vc_column_text][\/vc_tta_section][vc_tta_section title=&#8221;N\u00c3O FALE COM UMA COMPANHIA DE SEGUROS ANTES DE FALAR COM UM ADVOGADO&#8221; tab_id=&#8221;1521139598725-b1d468a9-6a30&#8243;][vc_column_text]Tal como outras empresas, as companhias de seguros autom\u00f3veis gostam de limitar as suas perdas. Depois de ter sofrido um acidente, \u00e9 prov\u00e1vel que receba uma proposta de indemniza\u00e7\u00e3o r\u00e1pida, que pode at\u00e9 parecer a op\u00e7\u00e3o mais conveniente. Os advogados especializados em danos pessoais aconselham-no a n\u00e3o aceitar este acordo. N\u00e3o fale com a companhia de seguros nem responda a quaisquer perguntas at\u00e9 ter falado com um advogado. \u00c9 prov\u00e1vel que lhe seja oferecido um montante muito inferior ao valor do seu pedido de indemniza\u00e7\u00e3o. Deixe a PD Law Firm lidar com a companhia de seguros e negociar em seu nome.[\/vc_column_text][\/vc_tta_section][vc_tta_section title=&#8221;QUANTO DINHEIRO SE PODE OBTER NUMA AC\u00c7\u00c3O JUDICIAL?&#8221; tab_id=&#8221;1521139630946-c5e4cf22-28d7&#8243;][vc_column_text]Uma quest\u00e3o importante para as pessoas feridas num acidente de via\u00e7\u00e3o \u00e9 &#8220;Quanto dinheiro posso receber numa a\u00e7\u00e3o judicial por acidente de via\u00e7\u00e3o?&#8221; Isto deve-se ao facto de as despesas m\u00e9dicas se acumularem e, se estiver demasiado ferido para trabalhar, isso pode constituir uma combina\u00e7\u00e3o imposs\u00edvel de gerir. Mesmo que consiga trabalhar, poder\u00e1 ter de suportar despesas m\u00e9dicas cont\u00ednuas, que parecem n\u00e3o parar de aumentar. Uma vez que cada acidente \u00e9 diferente, a extens\u00e3o das les\u00f5es sofridas varia de caso para caso e, por conseguinte, ditar\u00e1 resultados diferentes na obten\u00e7\u00e3o de uma indemniza\u00e7\u00e3o. Se vive num estado sem culpa e est\u00e1 sujeito ao PIP, os custos do tratamento das les\u00f5es sofridas n\u00e3o ser\u00e3o cobertos pelo seguro PIP e exigir\u00e3o lit\u00edgios ou negocia\u00e7\u00f5es adicionais.[\/vc_column_text][\/vc_tta_section][\/vc_tta_accordion][vc_btn title=&#8221;Ligue agora para uma consulta gratuita: 407-490-0696&#8243; style=&#8221;custom&#8221; custom_background=&#8221;#92741f&#8221; custom_text=&#8221;#ffffff&#8221; shape=&#8221;square&#8221; size=&#8221;lg&#8221; align=&#8221;center&#8221; i_icon_fontawesome=&#8221;fa fa-volume-control-phone&#8221; add_icon=&#8221;true&#8221; link=&#8221;url:tel%3A4074900696|&#8221; css=&#8221;.vc_custom_1521142522387{margin-top: 30px !important;}&#8221;][\/vc_column][\/vc_row][vc_row][vc_column][\/vc_column][\/vc_row]<\/p>\n","protected":false},"author":1,"featured_media":628,"parent":0,"menu_order":0,"comment_status":"closed","ping_status":"closed","template":"","meta":{"_seopress_robots_primary_cat":"","_seopress_titles_title":"","_seopress_titles_desc":"Se ficar ferido ou envolvido num acidente de via\u00e7\u00e3o na \u00e1rea de Orlando em resultado de um condutor negligente, \u00e9 imperativo contactar um bom advogado de danos pessoais o mais rapidamente poss\u00edvel.","_seopress_robots_index":"","footnotes":""},"class_list":["post-841","page","type-page","status-publish","has-post-thumbnail","hentry","entry","post-inner"],"_links":{"self":[{"href":"https:\/\/pdlaworlando.com\/pt-br\/wp-json\/wp\/v2\/pages\/841","targetHints":{"allow":["GET"]}}],"collection":[{"href":"https:\/\/pdlaworlando.com\/pt-br\/wp-json\/wp\/v2\/pages"}],"about":[{"href":"https:\/\/pdlaworlando.com\/pt-br\/wp-json\/wp\/v2\/types\/page"}],"author":[{"embeddable":true,"href":"https:\/\/pdlaworlando.com\/pt-br\/wp-json\/wp\/v2\/users\/1"}],"replies":[{"embeddable":true,"href":"https:\/\/pdlaworlando.com\/pt-br\/wp-json\/wp\/v2\/comments?post=841"}],"version-history":[{"count":9,"href":"https:\/\/pdlaworlando.com\/pt-br\/wp-json\/wp\/v2\/pages\/841\/revisions"}],"predecessor-version":[{"id":1106,"href":"https:\/\/pdlaworlando.com\/pt-br\/wp-json\/wp\/v2\/pages\/841\/revisions\/1106"}],"wp:featuredmedia":[{"embeddable":true,"href":"https:\/\/pdlaworlando.com\/pt-br\/wp-json\/wp\/v2\/media\/628"}],"wp:attachment":[{"href":"https:\/\/pdlaworlando.com\/pt-br\/wp-json\/wp\/v2\/media?parent=841"}],"curies":[{"name":"wp","href":"https:\/\/api.w.org\/{rel}","templated":true}]}}