{"id":849,"date":"2021-11-17T10:49:33","date_gmt":"2021-11-17T15:49:33","guid":{"rendered":"https:\/\/pdlaworlando.com\/politica-de-acessibilidade\/"},"modified":"2023-08-18T10:20:50","modified_gmt":"2023-08-18T15:20:50","slug":"politica-de-acessibilidade","status":"publish","type":"page","link":"https:\/\/pdlaworlando.com\/pt-br\/politica-de-acessibilidade\/","title":{"rendered":"Pol\u00edtica de acessibilidade"},"content":{"rendered":"\n<h2 class=\"wp-block-heading\">Pol\u00edtica de acessibilidade<\/h2>\n\n\n\n<p>Estamos constantemente a tentar melhorar a acessibilidade do nosso s\u00edtio Web para todos os nossos visitantes, incluindo os portadores de defici\u00eancia. O nosso objetivo \u00e9 oferecer oportunidades iguais a todos os visitantes para participarem e beneficiarem de todas as informa\u00e7\u00f5es, produtos e servi\u00e7os oferecidos.<\/p>\n\n\n\n<p>Se utilizar tecnologia de assist\u00eancia e o formato de qualquer conte\u00fado deste s\u00edtio Web interferir com a sua capacidade de aceder \u00e0s informa\u00e7\u00f5es e\/ou tiver sugest\u00f5es sobre como podemos melhorar o nosso s\u00edtio Web, n\u00e3o hesite em contactar-nos atrav\u00e9s do n\u00famero <strong>(407) 490-0696<\/strong>.<\/p>\n\n\n\n<p>Para que possamos responder-lhe de forma r\u00e1pida e eficiente, indique a natureza do seu problema de acessibilidade, o endere\u00e7o da p\u00e1gina do s\u00edtio Web do conte\u00fado solicitado e as suas informa\u00e7\u00f5es de contacto.<\/p>\n\n\n\n<p>Os seus coment\u00e1rios s\u00e3o importantes para n\u00f3s e faremos o nosso melhor para responder \u00e0s suas preocupa\u00e7\u00f5es o mais rapidamente poss\u00edvel.<\/p>\n\n\n\n<p><strong>Assist\u00eancia imediataSe<\/strong>necessitar de assist\u00eancia imediata para um dos nossos produtos ou servi\u00e7os, contacte-nos atrav\u00e9s do n\u00famero <strong>(407) 490-0696<\/strong>.<\/p>\n","protected":false},"excerpt":{"rendered":"<p>Pol\u00edtica de acessibilidade Estamos constantemente a tentar melhorar a acessibilidade do nosso s\u00edtio Web para todos os nossos visitantes, incluindo os portadores de defici\u00eancia. O nosso objetivo \u00e9 oferecer oportunidades iguais a todos os visitantes para participarem e beneficiarem de todas as informa\u00e7\u00f5es, produtos e servi\u00e7os oferecidos. Se utilizar tecnologia de assist\u00eancia e o formato de qualquer conte\u00fado deste s\u00edtio Web interferir com a sua capacidade de aceder \u00e0s informa\u00e7\u00f5es e\/ou tiver sugest\u00f5es sobre como podemos melhorar o nosso s\u00edtio Web, n\u00e3o hesite em contactar-nos atrav\u00e9s do n\u00famero (407) 490-0696. Para que possamos responder-lhe de forma r\u00e1pida e eficiente, indique a natureza do seu problema de acessibilidade, o endere\u00e7o da p\u00e1gina do s\u00edtio Web do conte\u00fado solicitado e as suas informa\u00e7\u00f5es de contacto. Os seus coment\u00e1rios s\u00e3o importantes para n\u00f3s e faremos o nosso melhor para responder \u00e0s suas preocupa\u00e7\u00f5es o mais rapidamente poss\u00edvel. Assist\u00eancia imediataSenecessitar de assist\u00eancia imediata para um dos nossos produtos ou servi\u00e7os, contacte-nos atrav\u00e9s do n\u00famero (407) 490-0696.<\/p>\n","protected":false},"author":1,"featured_media":602,"parent":0,"menu_order":0,"comment_status":"closed","ping_status":"closed","template":"","meta":{"_seopress_robots_primary_cat":"","_seopress_titles_title":"","_seopress_titles_desc":"","_seopress_robots_index":"","footnotes":""},"class_list":["post-849","page","type-page","status-publish","has-post-thumbnail","hentry","entry","post-inner"],"_links":{"self":[{"href":"https:\/\/pdlaworlando.com\/pt-br\/wp-json\/wp\/v2\/pages\/849","targetHints":{"allow":["GET"]}}],"collection":[{"href":"https:\/\/pdlaworlando.com\/pt-br\/wp-json\/wp\/v2\/pages"}],"about":[{"href":"https:\/\/pdlaworlando.com\/pt-br\/wp-json\/wp\/v2\/types\/page"}],"author":[{"embeddable":true,"href":"https:\/\/pdlaworlando.com\/pt-br\/wp-json\/wp\/v2\/users\/1"}],"replies":[{"embeddable":true,"href":"https:\/\/pdlaworlando.com\/pt-br\/wp-json\/wp\/v2\/comments?post=849"}],"version-history":[{"count":2,"href":"https:\/\/pdlaworlando.com\/pt-br\/wp-json\/wp\/v2\/pages\/849\/revisions"}],"predecessor-version":[{"id":1088,"href":"https:\/\/pdlaworlando.com\/pt-br\/wp-json\/wp\/v2\/pages\/849\/revisions\/1088"}],"wp:featuredmedia":[{"embeddable":true,"href":"https:\/\/pdlaworlando.com\/pt-br\/wp-json\/wp\/v2\/media\/602"}],"wp:attachment":[{"href":"https:\/\/pdlaworlando.com\/pt-br\/wp-json\/wp\/v2\/media?parent=849"}],"curies":[{"name":"wp","href":"https:\/\/api.w.org\/{rel}","templated":true}]}}