{"id":855,"date":"2023-05-09T07:27:57","date_gmt":"2023-05-09T12:27:57","guid":{"rendered":"https:\/\/pdlaworlando.com\/direito-imobiliario-e-direito-do-senhorio-inquilino\/"},"modified":"2023-08-18T08:32:46","modified_gmt":"2023-08-18T13:32:46","slug":"direito-imobiliario-e-direito-do-senhorio-inquilino","status":"publish","type":"page","link":"https:\/\/pdlaworlando.com\/pt-br\/direito-imobiliario-e-direito-do-senhorio-inquilino\/","title":{"rendered":"Direito imobili\u00e1rio e direito do senhorio-inquilino"},"content":{"rendered":"\n<h2 class=\"wp-block-heading\" id=\"h-orlando-real-estate-landlord-attorney\">Advogado de Propriedade e Senhorio em Orlando<\/h2>\n\n\n<div class=\"wp-block-image\">\n<figure class=\"alignleft size-full is-resized\"><img loading=\"lazy\" decoding=\"async\" src=\"https:\/\/pdlaworlando.com\/wp-content\/uploads\/judge-gavel-key-chain-shape-two-splitted-part-house-wooden-background-concept-real-estate-auction-dividing-house-when-divorce-division-property-real-estate-law-system.jpg\" alt=\"Advogado de Propriedade e Senhorio em Orlando\" class=\"wp-image-592\" width=\"323\" height=\"215\" srcset=\"https:\/\/pdlaworlando.com\/wp-content\/uploads\/judge-gavel-key-chain-shape-two-splitted-part-house-wooden-background-concept-real-estate-auction-dividing-house-when-divorce-division-property-real-estate-law-system.jpg 1000w, https:\/\/pdlaworlando.com\/wp-content\/uploads\/judge-gavel-key-chain-shape-two-splitted-part-house-wooden-background-concept-real-estate-auction-dividing-house-when-divorce-division-property-real-estate-law-system-300x200.jpg 300w, https:\/\/pdlaworlando.com\/wp-content\/uploads\/judge-gavel-key-chain-shape-two-splitted-part-house-wooden-background-concept-real-estate-auction-dividing-house-when-divorce-division-property-real-estate-law-system-768x512.jpg 768w\" sizes=\"auto, (max-width: 323px) 100vw, 323px\" \/><\/figure>\n<\/div>\n\n\n<p>Temos uma d\u00e9cada de experi\u00eancia em v\u00e1rias \u00e1reas do Direito Imobili\u00e1rio e do Senhorio-Inquilino, quer se trate de um lit\u00edgio de arrendamento ou de um lit\u00edgio imobili\u00e1rio.  <\/p>\n\n\n\n<h2 class=\"wp-block-heading\"><strong>Lit\u00edgios entre senhorio e inquilino<\/strong><\/h2>\n\n\n\n<p>A lei senhorio-inquilino na Fl\u00f3rida \u00e9 regida por estatutos que t\u00eam requisitos de aviso e prazos muito espec\u00edficos. Tanto para os senhorios como para os inquilinos, \u00e9 muito importante elaborar os avisos necess\u00e1rios e seguir os procedimentos no tempo e da forma especificados na lei da Florida. Eis algumas das situa\u00e7\u00f5es que o podemos ajudar a resolver:  <\/p>\n\n\n\n<ul class=\"wp-block-list\">\n<li>Rescis\u00f5es e n\u00e3o renova\u00e7\u00f5es de contratos de arrendamento<\/li>\n\n\n\n<li>Despejos de inquilinos e defesa de despejos<\/li>\n\n\n\n<li>Avisos para corrigir ou cessar infrac\u00e7\u00f5es ao contrato de arrendamento<\/li>\n\n\n\n<li>Ac\u00e7\u00f5es judiciais para remediar pr\u00e1ticas proibidas, tais como bloqueios e cortes de servi\u00e7os p\u00fablicos  <\/li>\n<\/ul>\n\n\n\n<p>Para al\u00e9m das situa\u00e7\u00f5es de senhorio-arrendat\u00e1rio, podemos ajud\u00e1-lo em situa\u00e7\u00f5es em que tem de lidar com invasores, pessoas que reivindicam um direito \u00e0 sua propriedade, h\u00f3spedes n\u00e3o autorizados ou h\u00f3spedes que se recusam a sair da sua propriedade. Estas situa\u00e7\u00f5es podem envolver processos designados por <strong>Detentores ilegais<\/strong> e <strong>Ejectments, <\/strong>que s\u00e3o distintos dos despejos e t\u00eam um conjunto diferente de requisitos para serem bem sucedidos.  <\/p>\n\n\n\n<p>Temos a experi\u00eancia necess\u00e1ria para determinar o tipo de servi\u00e7os de que necessita para proteger os seus direitos e a posse da propriedade. Contacte-nos hoje para uma consulta.  <\/p>\n\n\n\n<h2 class=\"wp-block-heading\"><strong>Direito Imobili\u00e1rio<\/strong><\/h2>\n\n\n\n<p>Temos uma vasta experi\u00eancia em lidar com uma grande variedade de contratos e lit\u00edgios relativos a bens im\u00f3veis. Podemos ajud\u00e1-lo em todas as fases do processo de compra e venda de im\u00f3veis e podemos ajud\u00e1-lo a resolver defeitos e lit\u00edgios que possam surgir durante ou ap\u00f3s a compra e venda de im\u00f3veis.  <\/p>\n\n\n\n<p>As \u00e1reas em que o podemos ajudar incluem  <\/p>\n\n\n\n<ul class=\"wp-block-list\">\n<li>Prepara\u00e7\u00e3o e registo da escritura<\/li>\n\n\n\n<li>Reda\u00e7\u00e3o e revis\u00e3o de contratos de venda, hipotecas, t\u00edtulos e documentos de encerramento<\/li>\n\n\n\n<li>Ac\u00e7\u00f5es que envolvem fraude na escritura<\/li>\n\n\n\n<li>Reforma dos actos<\/li>\n\n\n\n<li>Execu\u00e7\u00e3o de hipotecas e defesa contra a execu\u00e7\u00e3o de hipotecas<\/li>\n<\/ul>\n\n\n\n<p>Se se encontrar num lit\u00edgio imobili\u00e1rio ou precisar de orienta\u00e7\u00e3o na transfer\u00eancia, venda ou compra de um im\u00f3vel, contacte-nos hoje para uma consulta.  <\/p>\n","protected":false},"excerpt":{"rendered":"<p>Advogado de Propriedade e Senhorio em Orlando Temos uma d\u00e9cada de experi\u00eancia em v\u00e1rias \u00e1reas do Direito Imobili\u00e1rio e do Senhorio-Inquilino, quer se trate de um lit\u00edgio de arrendamento ou de um lit\u00edgio imobili\u00e1rio. Lit\u00edgios entre senhorio e inquilino A lei senhorio-inquilino na Fl\u00f3rida \u00e9 regida por estatutos que t\u00eam requisitos de aviso e prazos muito espec\u00edficos. Tanto para os senhorios como para os inquilinos, \u00e9 muito importante elaborar os avisos necess\u00e1rios e seguir os procedimentos no tempo e da forma especificados na lei da Florida. Eis algumas das situa\u00e7\u00f5es que o podemos ajudar a resolver: Para al\u00e9m das situa\u00e7\u00f5es de senhorio-arrendat\u00e1rio, podemos ajud\u00e1-lo em situa\u00e7\u00f5es em que tem de lidar com invasores, pessoas que reivindicam um direito \u00e0 sua propriedade, h\u00f3spedes n\u00e3o autorizados ou h\u00f3spedes que se recusam a sair da sua propriedade. Estas situa\u00e7\u00f5es podem envolver processos designados por Detentores ilegais e Ejectments, que s\u00e3o distintos dos despejos e t\u00eam um conjunto diferente de requisitos para serem bem sucedidos. Temos a experi\u00eancia necess\u00e1ria para determinar o tipo de servi\u00e7os de que necessita para proteger os seus direitos e a posse da propriedade. Contacte-nos hoje para uma consulta. Direito Imobili\u00e1rio Temos uma vasta experi\u00eancia em lidar com uma grande variedade de contratos e lit\u00edgios relativos a bens im\u00f3veis. Podemos ajud\u00e1-lo em todas as fases do processo de compra e venda de im\u00f3veis e podemos ajud\u00e1-lo a resolver defeitos e lit\u00edgios que possam surgir durante ou ap\u00f3s a compra e venda de im\u00f3veis. As \u00e1reas em que o podemos ajudar incluem Se se encontrar num lit\u00edgio imobili\u00e1rio ou precisar de orienta\u00e7\u00e3o na transfer\u00eancia, venda ou compra de um im\u00f3vel, contacte-nos hoje para uma consulta.<\/p>\n","protected":false},"author":1,"featured_media":670,"parent":0,"menu_order":0,"comment_status":"closed","ping_status":"closed","template":"","meta":{"_seopress_robots_primary_cat":"","_seopress_titles_title":"Advogado de Imobili\u00e1rio e Senhorio em Orlando %%sep%% %%sitename%%","_seopress_titles_desc":"Experi\u00eancia em v\u00e1rias \u00e1reas do Direito Imobili\u00e1rio e do Senhorio-Inquilino, quer se trate de um lit\u00edgio de arrendamento ou de um lit\u00edgio imobili\u00e1rio.","_seopress_robots_index":"","footnotes":""},"class_list":["post-855","page","type-page","status-publish","has-post-thumbnail","hentry","entry","post-inner"],"_links":{"self":[{"href":"https:\/\/pdlaworlando.com\/pt-br\/wp-json\/wp\/v2\/pages\/855","targetHints":{"allow":["GET"]}}],"collection":[{"href":"https:\/\/pdlaworlando.com\/pt-br\/wp-json\/wp\/v2\/pages"}],"about":[{"href":"https:\/\/pdlaworlando.com\/pt-br\/wp-json\/wp\/v2\/types\/page"}],"author":[{"embeddable":true,"href":"https:\/\/pdlaworlando.com\/pt-br\/wp-json\/wp\/v2\/users\/1"}],"replies":[{"embeddable":true,"href":"https:\/\/pdlaworlando.com\/pt-br\/wp-json\/wp\/v2\/comments?post=855"}],"version-history":[{"count":2,"href":"https:\/\/pdlaworlando.com\/pt-br\/wp-json\/wp\/v2\/pages\/855\/revisions"}],"predecessor-version":[{"id":1087,"href":"https:\/\/pdlaworlando.com\/pt-br\/wp-json\/wp\/v2\/pages\/855\/revisions\/1087"}],"wp:featuredmedia":[{"embeddable":true,"href":"https:\/\/pdlaworlando.com\/pt-br\/wp-json\/wp\/v2\/media\/670"}],"wp:attachment":[{"href":"https:\/\/pdlaworlando.com\/pt-br\/wp-json\/wp\/v2\/media?parent=855"}],"curies":[{"name":"wp","href":"https:\/\/api.w.org\/{rel}","templated":true}]}}