{"id":868,"date":"2023-05-09T07:01:40","date_gmt":"2023-05-09T12:01:40","guid":{"rendered":"https:\/\/pdlaworlando.com\/direito-da-familia\/"},"modified":"2023-08-18T08:32:32","modified_gmt":"2023-08-18T13:32:32","slug":"direito-da-familia","status":"publish","type":"page","link":"https:\/\/pdlaworlando.com\/pt-br\/direito-da-familia\/","title":{"rendered":"Direito da fam\u00edlia"},"content":{"rendered":"\n<h2 class=\"wp-block-heading\">Advogado de Div\u00f3rcio em Orlando &#8211; PD Law Firm<\/h2>\n\n\n\n<h2 class=\"wp-block-heading\" id=\"h-divorce\">Div\u00f3rcio<\/h2>\n\n\n\n<p>O div\u00f3rcio pode ser um processo stressante e contencioso que afecta os seus filhos, os seus bens e as suas rela\u00e7\u00f5es. O nosso trabalho consiste em desmistificar o processo de div\u00f3rcio e ajud\u00e1-lo em todas as etapas, para que possa proteger-se e obter paz de esp\u00edrito.  <\/p>\n\n\n\n<p><a href=\"https:\/\/www.floridabar.org\/public\/consumer\/pamphlet010\/\" target=\"_blank\" rel=\"noreferrer noopener\">A lei da Fl\u00f3rida<\/a> distingue entre diferentes tipos de div\u00f3rcio, designados pela lei como tipos de &#8220;dissolu\u00e7\u00e3o do casamento&#8221;.<\/p>\n\n\n\n<h2 class=\"wp-block-heading\">Dissolu\u00e7\u00e3o simplificada do casamento<\/h2>\n\n\n\n<p>Esta \u00e9 a forma mais simples e mais f\u00e1cil de obter um div\u00f3rcio na Florida. Trata-se de um processo n\u00e3o contestado e \u00e9 autorizado se:<\/p>\n\n\n\n<ol class=\"wp-block-list\">\n<li>N\u00e3o existem bens comuns, como casas ou autom\u00f3veis;<\/li>\n\n\n\n<li>N\u00e3o h\u00e1 filhos e a mulher n\u00e3o est\u00e1 gr\u00e1vida;<\/li>\n\n\n\n<li>N\u00e3o existem passivos conjuntos, tais como empr\u00e9stimos banc\u00e1rios;<\/li>\n\n\n\n<li>Ambas as partes aceitam assinar um acordo e comparecer em tribunal.<\/li>\n<\/ol>\n\n\n\n<h2 class=\"wp-block-heading\">Dissolu\u00e7\u00e3o do casamento &#8211; Contestado vs. N\u00e3o contestado  <\/h2>\n\n\n\n<p>Outros tipos de dissolu\u00e7\u00e3o do casamento envolvem filhos, gravidez, bens comuns, propriedade ou responsabilidade conjunta.<\/p>\n\n\n\n<p>Estes div\u00f3rcios demoram mais tempo a ser resolvidos, porque as partes t\u00eam de fornecer informa\u00e7\u00f5es financeiras e chegar a uma resolu\u00e7\u00e3o sobre a forma como os bens e as responsabilidades ser\u00e3o divididos, como os pais planeiam dividir o tempo com os filhos e outros t\u00f3picos mais complexos, como a pens\u00e3o de alimentos e a pens\u00e3o de alimentos para os filhos.  <\/p>\n\n\n\n<p>A dissolu\u00e7\u00e3o do casamento pode ser contestada ou n\u00e3o contestada. Nas dissolu\u00e7\u00f5es contestadas, as partes n\u00e3o chegam a acordo sobre a forma como os direitos e responsabilidades acima referidos ser\u00e3o partilhados e, normalmente, t\u00eam de passar por uma media\u00e7\u00e3o e, por vezes, por um julgamento. Num div\u00f3rcio n\u00e3o contestado, as partes podem chegar a um acordo e n\u00e3o precisam de um juiz para decidir o resultado do div\u00f3rcio.  <\/p>\n\n\n\n<p>Para todos os tipos de dissolu\u00e7\u00e3o, pelo menos uma das partes deve ter residido na Florida durante pelo menos 6 meses antes de apresentar o pedido de div\u00f3rcio.  <\/p>\n\n\n\n<p>Trabalharemos consigo para identificar o melhor caminho a seguir e para o representar durante este dif\u00edcil processo. Contacte-nos para uma primeira consulta.<\/p>\n\n\n\n<h3 class=\"wp-block-heading\">Guarda provis\u00f3ria<\/h3>\n\n\n\n<p>Muitas vezes, as crian\u00e7as t\u00eam de viver com membros da fam\u00edlia alargada, quer porque um dos pais n\u00e3o est\u00e1 dispon\u00edvel ou n\u00e3o est\u00e1 apto a criar a crian\u00e7a. Estes membros da fam\u00edlia alargada devem poder cuidar da crian\u00e7a como um pai ou uma m\u00e3e e ter acesso aos registos m\u00e9dicos, inscrever a crian\u00e7a na escola e nas actividades, etc.  <\/p>\n\n\n\n<p>A guarda tempor\u00e1ria \u00e9 um recurso ao abrigo da lei da Florida que d\u00e1 aos membros da fam\u00edlia alargada o poder de cuidar da crian\u00e7a como se fosse um dos pais, mesmo que temporariamente.  <\/p>\n\n\n\n<p>A guarda tempor\u00e1ria n\u00e3o tem uma dura\u00e7\u00e3o determinada e pode ser rescindida quando a guarda \u00e9 devolvida ao progenitor ou quando o progenitor pode demonstrar ao tribunal que \u00e9 do interesse superior da crian\u00e7a rescindir a ordem de guarda tempor\u00e1ria.  <\/p>\n\n\n\n<p>A guarda provis\u00f3ria pode ser obtida com o consentimento dos pais, em circunst\u00e2ncias em que um dos pais tenha abandonado a crian\u00e7a, ou quando um dos pais \u00e9 incapaz ou n\u00e3o tem capacidade para ser pai por outras raz\u00f5es.  <\/p>\n\n\n\n<p>Contacte-nos para obter assist\u00eancia para determinar se a guarda tempor\u00e1ria \u00e9 a melhor op\u00e7\u00e3o para si. Podemos ajud\u00e1-lo a reunir as provas necess\u00e1rias e represent\u00e1-lo durante o processo de guarda tempor\u00e1ria.  <\/p>\n\n\n\n<h3 class=\"wp-block-heading\">Ado\u00e7\u00e3o<\/h3>\n\n\n\n<p>Prestamos assist\u00eancia a pais adoptivos e membros da fam\u00edlia, conhecidos como adop\u00e7\u00f5es por afinidade, em situa\u00e7\u00f5es em que os pais biol\u00f3gicos d\u00e3o o seu consentimento ou em que surgem determinadas circunst\u00e2ncias especiais em que a ado\u00e7\u00e3o se torna um resultado desej\u00e1vel para uma fam\u00edlia.  <\/p>\n\n\n\n<h3 class=\"wp-block-heading\">Ado\u00e7\u00e3o por padrasto ou madrasta<\/h3>\n\n\n\n<p>Um padrasto pode adotar uma crian\u00e7a na Florida nas seguintes circunst\u00e2ncias:  <\/p>\n\n\n\n<ul class=\"wp-block-list\">\n<li>O padrasto \u00e9 capaz de sustentar financeira e moralmente a crian\u00e7a<\/li>\n\n\n\n<li>O c\u00f4njuge associa-se ao pedido de ado\u00e7\u00e3o,  <\/li>\n\n\n\n<li>Os pais biol\u00f3gicos exteriores ao casamento d\u00e3o o seu consentimento \u00e0 ado\u00e7\u00e3o ou n\u00e3o s\u00e3o obrigados a dar o seu consentimento.<\/li>\n\n\n\n<li>Se a crian\u00e7a tiver 12 anos ou mais, deve dar o seu consentimento \u00e0 ado\u00e7\u00e3o.  <\/li>\n<\/ul>\n\n\n\n<p>\u00c9 apresentada uma peti\u00e7\u00e3o ao tribunal e, se todos os requisitos forem cumpridos, o tribunal anular\u00e1 os direitos do progenitor biol\u00f3gico e dar\u00e1 in\u00edcio a uma ado\u00e7\u00e3o a favor do padrasto ou madrasta. Pode ent\u00e3o ser obtida uma nova certid\u00e3o de nascimento e a antiga ser\u00e1 selada pelo escriv\u00e3o.  <\/p>\n\n\n\n<h3 class=\"wp-block-heading\">Ado\u00e7\u00e3o por parentesco<\/h3>\n\n\n\n<p>Alguns membros da fam\u00edlia, como os av\u00f3s, t\u00eam um caminho mais f\u00e1cil para a ado\u00e7\u00e3o na Fl\u00f3rida. Se um tribunal tiver posto termo aos direitos do progenitor, se os pais derem o seu consentimento ou se existirem outras circunst\u00e2ncias, um av\u00f4 e alguns membros da fam\u00edlia podem obter uma ado\u00e7\u00e3o atrav\u00e9s de procedimentos acelerados.  <\/p>\n\n\n\n<p>Ajud\u00e1-lo-emos a determinar se re\u00fane as condi\u00e7\u00f5es para adotar uma crian\u00e7a ao abrigo desta lei e represent\u00e1-lo-emos durante o processo de ado\u00e7\u00e3o.  <\/p>\n","protected":false},"excerpt":{"rendered":"<p>Advogado de Div\u00f3rcio em Orlando &#8211; PD Law Firm Div\u00f3rcio O div\u00f3rcio pode ser um processo stressante e contencioso que afecta os seus filhos, os seus bens e as suas rela\u00e7\u00f5es. O nosso trabalho consiste em desmistificar o processo de div\u00f3rcio e ajud\u00e1-lo em todas as etapas, para que possa proteger-se e obter paz de esp\u00edrito. A lei da Fl\u00f3rida distingue entre diferentes tipos de div\u00f3rcio, designados pela lei como tipos de &#8220;dissolu\u00e7\u00e3o do casamento&#8221;. Dissolu\u00e7\u00e3o simplificada do casamento Esta \u00e9 a forma mais simples e mais f\u00e1cil de obter um div\u00f3rcio na Florida. Trata-se de um processo n\u00e3o contestado e \u00e9 autorizado se: Dissolu\u00e7\u00e3o do casamento &#8211; Contestado vs. N\u00e3o contestado Outros tipos de dissolu\u00e7\u00e3o do casamento envolvem filhos, gravidez, bens comuns, propriedade ou responsabilidade conjunta. Estes div\u00f3rcios demoram mais tempo a ser resolvidos, porque as partes t\u00eam de fornecer informa\u00e7\u00f5es financeiras e chegar a uma resolu\u00e7\u00e3o sobre a forma como os bens e as responsabilidades ser\u00e3o divididos, como os pais planeiam dividir o tempo com os filhos e outros t\u00f3picos mais complexos, como a pens\u00e3o de alimentos e a pens\u00e3o de alimentos para os filhos. A dissolu\u00e7\u00e3o do casamento pode ser contestada ou n\u00e3o contestada. Nas dissolu\u00e7\u00f5es contestadas, as partes n\u00e3o chegam a acordo sobre a forma como os direitos e responsabilidades acima referidos ser\u00e3o partilhados e, normalmente, t\u00eam de passar por uma media\u00e7\u00e3o e, por vezes, por um julgamento. Num div\u00f3rcio n\u00e3o contestado, as partes podem chegar a um acordo e n\u00e3o precisam de um juiz para decidir o resultado do div\u00f3rcio. Para todos os tipos de dissolu\u00e7\u00e3o, pelo menos uma das partes deve ter residido na Florida durante pelo menos 6 meses antes de apresentar o pedido de div\u00f3rcio. Trabalharemos consigo para identificar o melhor caminho a seguir e para o representar durante este dif\u00edcil processo. Contacte-nos para uma primeira consulta. Guarda provis\u00f3ria Muitas vezes, as crian\u00e7as t\u00eam de viver com membros da fam\u00edlia alargada, quer porque um dos pais n\u00e3o est\u00e1 dispon\u00edvel ou n\u00e3o est\u00e1 apto a criar a crian\u00e7a. Estes membros da fam\u00edlia alargada devem poder cuidar da crian\u00e7a como um pai ou uma m\u00e3e e ter acesso aos registos m\u00e9dicos, inscrever a crian\u00e7a na escola e nas actividades, etc. A guarda tempor\u00e1ria \u00e9 um recurso ao abrigo da lei da Florida que d\u00e1 aos membros da fam\u00edlia alargada o poder de cuidar da crian\u00e7a como se fosse um dos pais, mesmo que temporariamente. A guarda tempor\u00e1ria n\u00e3o tem uma dura\u00e7\u00e3o determinada e pode ser rescindida quando a guarda \u00e9 devolvida ao progenitor ou quando o progenitor pode demonstrar ao tribunal que \u00e9 do interesse superior da crian\u00e7a rescindir a ordem de guarda tempor\u00e1ria. A guarda provis\u00f3ria pode ser obtida com o consentimento dos pais, em circunst\u00e2ncias em que um dos pais tenha abandonado a crian\u00e7a, ou quando um dos pais \u00e9 incapaz ou n\u00e3o tem capacidade para ser pai por outras raz\u00f5es. Contacte-nos para obter assist\u00eancia para determinar se a guarda tempor\u00e1ria \u00e9 a melhor op\u00e7\u00e3o para si. Podemos ajud\u00e1-lo a reunir as provas necess\u00e1rias e represent\u00e1-lo durante o processo de guarda tempor\u00e1ria. Ado\u00e7\u00e3o Prestamos assist\u00eancia a pais adoptivos e membros da fam\u00edlia, conhecidos como adop\u00e7\u00f5es por afinidade, em situa\u00e7\u00f5es em que os pais biol\u00f3gicos d\u00e3o o seu consentimento ou em que surgem determinadas circunst\u00e2ncias especiais em que a ado\u00e7\u00e3o se torna um resultado desej\u00e1vel para uma fam\u00edlia. Ado\u00e7\u00e3o por padrasto ou madrasta Um padrasto pode adotar uma crian\u00e7a na Florida nas seguintes circunst\u00e2ncias: \u00c9 apresentada uma peti\u00e7\u00e3o ao tribunal e, se todos os requisitos forem cumpridos, o tribunal anular\u00e1 os direitos do progenitor biol\u00f3gico e dar\u00e1 in\u00edcio a uma ado\u00e7\u00e3o a favor do padrasto ou madrasta. Pode ent\u00e3o ser obtida uma nova certid\u00e3o de nascimento e a antiga ser\u00e1 selada pelo escriv\u00e3o. Ado\u00e7\u00e3o por parentesco Alguns membros da fam\u00edlia, como os av\u00f3s, t\u00eam um caminho mais f\u00e1cil para a ado\u00e7\u00e3o na Fl\u00f3rida. Se um tribunal tiver posto termo aos direitos do progenitor, se os pais derem o seu consentimento ou se existirem outras circunst\u00e2ncias, um av\u00f4 e alguns membros da fam\u00edlia podem obter uma ado\u00e7\u00e3o atrav\u00e9s de procedimentos acelerados. Ajud\u00e1-lo-emos a determinar se re\u00fane as condi\u00e7\u00f5es para adotar uma crian\u00e7a ao abrigo desta lei e represent\u00e1-lo-emos durante o processo de ado\u00e7\u00e3o.<\/p>\n","protected":false},"author":1,"featured_media":664,"parent":0,"menu_order":0,"comment_status":"closed","ping_status":"closed","template":"","meta":{"_seopress_robots_primary_cat":"","_seopress_titles_title":"Advogado de div\u00f3rcio em Orlando %%sep%% %%sitename%%","_seopress_titles_desc":"O div\u00f3rcio pode ser um processo stressante e contencioso que afecta os seus filhos, os seus bens e as suas rela\u00e7\u00f5es. Ligue hoje para a PD Law","_seopress_robots_index":"","footnotes":""},"class_list":["post-868","page","type-page","status-publish","has-post-thumbnail","hentry","entry","post-inner"],"_links":{"self":[{"href":"https:\/\/pdlaworlando.com\/pt-br\/wp-json\/wp\/v2\/pages\/868","targetHints":{"allow":["GET"]}}],"collection":[{"href":"https:\/\/pdlaworlando.com\/pt-br\/wp-json\/wp\/v2\/pages"}],"about":[{"href":"https:\/\/pdlaworlando.com\/pt-br\/wp-json\/wp\/v2\/types\/page"}],"author":[{"embeddable":true,"href":"https:\/\/pdlaworlando.com\/pt-br\/wp-json\/wp\/v2\/users\/1"}],"replies":[{"embeddable":true,"href":"https:\/\/pdlaworlando.com\/pt-br\/wp-json\/wp\/v2\/comments?post=868"}],"version-history":[{"count":2,"href":"https:\/\/pdlaworlando.com\/pt-br\/wp-json\/wp\/v2\/pages\/868\/revisions"}],"predecessor-version":[{"id":1086,"href":"https:\/\/pdlaworlando.com\/pt-br\/wp-json\/wp\/v2\/pages\/868\/revisions\/1086"}],"wp:featuredmedia":[{"embeddable":true,"href":"https:\/\/pdlaworlando.com\/pt-br\/wp-json\/wp\/v2\/media\/664"}],"wp:attachment":[{"href":"https:\/\/pdlaworlando.com\/pt-br\/wp-json\/wp\/v2\/media?parent=868"}],"curies":[{"name":"wp","href":"https:\/\/api.w.org\/{rel}","templated":true}]}}