{"id":871,"date":"2019-03-29T17:56:55","date_gmt":"2019-03-29T22:56:55","guid":{"rendered":"https:\/\/pdlaworlando.com\/imigracao\/vistos-eb-1-e-eb-2\/"},"modified":"2023-08-18T07:25:21","modified_gmt":"2023-08-18T12:25:21","slug":"vistos-eb-1-e-eb-2","status":"publish","type":"page","link":"https:\/\/pdlaworlando.com\/pt-br\/imigracao\/vistos-eb-1-e-eb-2\/","title":{"rendered":"Vistos EB-1 e EB-2"},"content":{"rendered":"<div class=\"wpb-content-wrapper\">[vc_row][vc_column][vc_tta_tabs spacing=&#8221;4&#8243; active_section=&#8221;1&#8243;][vc_tta_section title=&#8221;EB-1&#8243; tab_id=&#8221;1553901297591-8b79e1db-4d28&#8243;][vc_column_text]\n<h2>Peti\u00e7\u00e3o de visto EB-1<\/h2>\n<p>O visto EB-1 est\u00e1 reservado a quem possui &#8220;capacidades extraordin\u00e1rias&#8221; nos dom\u00ednios das ci\u00eancias, das artes, da educa\u00e7\u00e3o, dos neg\u00f3cios ou do desporto. Esta capacidade extraordin\u00e1ria exige um n\u00edvel de especializa\u00e7\u00e3o que indica que o indiv\u00edduo faz parte de uma pequena percentagem que atingiu o topo da sua \u00e1rea de atividade. Os vistos EB-1 podem ser solicitados atrav\u00e9s de uma Ren\u00fancia de Interesse Nacional (NIW) por aqueles que possam demonstrar que beneficiar\u00e3o os interesses dos Estados Unidos.<\/p>\n<p>A capacidade extraordin\u00e1ria pode ser comprovada atrav\u00e9s da atribui\u00e7\u00e3o de um importante pr\u00e9mio internacionalmente conhecido. Na aus\u00eancia de tal pr\u00e9mio, o estrangeiro deve incluir pelo menos tr\u00eas tipos de provas da lista seguinte:<\/p>\n<ul>\n<li>Rece\u00e7\u00e3o de pr\u00e9mios ou distin\u00e7\u00f5es menos importantes, reconhecidos a n\u00edvel nacional ou internacional, por excel\u00eancia no dom\u00ednio de atividade;<\/li>\n<li>Participa\u00e7\u00e3o em associa\u00e7\u00f5es do sector que exijam dos seus membros um desempenho excecional;<\/li>\n<li>Material publicado sobre o estrangeiro em publica\u00e7\u00f5es profissionais ou comerciais importantes ou noutros meios de comunica\u00e7\u00e3o social importantes;<\/li>\n<li>Prova de que o estrangeiro julgou o trabalho de outros, quer individualmente quer num painel;<\/li>\n<li>Provas das contribui\u00e7\u00f5es originais do estrangeiro no dom\u00ednio cient\u00edfico, acad\u00e9mico, art\u00edstico, desportivo ou empresarial de grande import\u00e2ncia para a \u00e1rea;<\/li>\n<li>Prova de que o estrangeiro \u00e9 autor de artigos acad\u00e9micos em publica\u00e7\u00f5es profissionais ou comerciais importantes ou noutros meios de comunica\u00e7\u00e3o social importantes;<\/li>\n<li>Prova de que o trabalho do estrangeiro foi apresentado em exposi\u00e7\u00f5es ou mostras art\u00edsticas;<\/li>\n<li>Desempenho de um papel de lideran\u00e7a ou cr\u00edtico em organiza\u00e7\u00f5es de renome;<\/li>\n<li>Prova de que o estrangeiro aufere um sal\u00e1rio elevado ou outra remunera\u00e7\u00e3o significativamente elevada em rela\u00e7\u00e3o a outros no mesmo sector;<\/li>\n<li>Provas de sucesso comercial nas artes do espet\u00e1culo.<\/li>\n<\/ul>\n<p>Por favor, contacte-nos atrav\u00e9s do n\u00famero (407) 490-0696 ou utilizando o formul\u00e1rio \u00e0 direita para uma consulta sobre vistos EB-1.[\/vc_column_text][\/vc_tta_section][vc_tta_section title=&#8221;EB-2&#8243; tab_id=&#8221;1553901297604-9b9c4c6d-88c4&#8243;][vc_column_text]\n<h2>Peti\u00e7\u00e3o de visto EB-2<\/h2>\n<p>Os vistos EB-2 dividem-se em duas categorias: (1) profissionais com diplomas avan\u00e7ados ou equivalentes e (2) pessoas com capacidades excepcionais nos dom\u00ednios das ci\u00eancias, das artes ou dos neg\u00f3cios. Os Vistos EB-2 podem ser solicitados atrav\u00e9s de uma Ren\u00fancia de Interesse Nacional (NIW) por aqueles que possam demonstrar que beneficiar\u00e3o os interesses dos Estados Unidos.<\/p>\n<h3>PROFISSIONAIS COM DIPLOMAS AVAN\u00c7ADOS<\/h3>\n<p>Os candidatos devem ser titulares de um diploma acad\u00e9mico ou profissional dos EUA ou de um diploma estrangeiro equivalente a um bacharelato. A combina\u00e7\u00e3o de cinco anos de experi\u00eancia com um diploma de bacharelato foi considerada equivalente \u00e0 obten\u00e7\u00e3o de um diploma de mestrado.<\/p>\n<h3>APTID\u00d5ES EXCEPCIONAIS NO DOM\u00cdNIO DAS CI\u00caNCIAS, DAS ARTES OU DOS NEG\u00d3CIOS<\/h3>\n<p>Os candidatos devem demonstrar um n\u00edvel de especializa\u00e7\u00e3o significativamente superior ao que seria normalmente encontrado nas ci\u00eancias, nas artes ou nas empresas. Para poder ser abrangido por esta categoria, o cidad\u00e3o estrangeiro deve apresentar documenta\u00e7\u00e3o que comprove tr\u00eas das seguintes situa\u00e7\u00f5es:<\/p>\n<ul>\n<li>Um registo acad\u00e9mico oficial que comprove que o estrangeiro possui um grau, diploma, certificado ou pr\u00e9mio semelhante de um col\u00e9gio, universidade, escola ou outra institui\u00e7\u00e3o de ensino relacionado com a \u00e1rea de capacidade excecional;<\/li>\n<li>Cartas que comprovem pelo menos dez anos de experi\u00eancia a tempo inteiro na profiss\u00e3o pretendida;<\/li>\n<li>Uma licen\u00e7a para exercer a profiss\u00e3o ou uma certifica\u00e7\u00e3o para uma determinada profiss\u00e3o ou ocupa\u00e7\u00e3o;<\/li>\n<li>Prova de que o estrangeiro auferiu um sal\u00e1rio ou outra remunera\u00e7\u00e3o por servi\u00e7os que demonstram capacidades excepcionais;<\/li>\n<li>Participa\u00e7\u00e3o em associa\u00e7\u00f5es profissionais;<\/li>\n<li>Reconhecimento de realiza\u00e7\u00f5es e contribui\u00e7\u00f5es significativas para o sector ou \u00e1rea por pares, entidades governamentais, organiza\u00e7\u00f5es profissionais ou empresariais.<\/li>\n<\/ul>\n<p>\u00c9 de notar que, se a documenta\u00e7\u00e3o supramencionada n\u00e3o for aplic\u00e1vel, podem ser aceites outras provas compar\u00e1veis de elegibilidade, incluindo cartas de peritos.<\/p>\n<p>Por favor, contacte-nos atrav\u00e9s do n\u00famero (407) 490-0696 ou utilizando o formul\u00e1rio \u00e0 direita para uma consulta sobre vistos EB-2.[\/vc_column_text][\/vc_tta_section][\/vc_tta_tabs][\/vc_column][\/vc_row]\n<\/div>","protected":false},"excerpt":{"rendered":"<p>[vc_row][vc_column][vc_tta_tabs spacing=&#8221;4&#8243; active_section=&#8221;1&#8243;][vc_tta_section title=&#8221;EB-1&#8243; tab_id=&#8221;1553901297591-8b79e1db-4d28&#8243;][vc_column_text] Peti\u00e7\u00e3o de visto EB-1 O visto EB-1 est\u00e1 reservado a quem possui &#8220;capacidades extraordin\u00e1rias&#8221; nos dom\u00ednios das ci\u00eancias, das artes, da educa\u00e7\u00e3o, dos neg\u00f3cios ou do desporto. Esta capacidade extraordin\u00e1ria exige um n\u00edvel de especializa\u00e7\u00e3o que indica que o indiv\u00edduo faz parte de uma pequena percentagem que atingiu o topo da sua \u00e1rea de atividade. Os vistos EB-1 podem ser solicitados atrav\u00e9s de uma Ren\u00fancia de Interesse Nacional (NIW) por aqueles que possam demonstrar que beneficiar\u00e3o os interesses dos Estados Unidos. A capacidade extraordin\u00e1ria pode ser comprovada atrav\u00e9s da atribui\u00e7\u00e3o de um importante pr\u00e9mio internacionalmente conhecido. Na aus\u00eancia de tal pr\u00e9mio, o estrangeiro deve incluir pelo menos tr\u00eas tipos de provas da lista seguinte: Rece\u00e7\u00e3o de pr\u00e9mios ou distin\u00e7\u00f5es menos importantes, reconhecidos a n\u00edvel nacional ou internacional, por excel\u00eancia no dom\u00ednio de atividade; Participa\u00e7\u00e3o em associa\u00e7\u00f5es do sector que exijam dos seus membros um desempenho excecional; Material publicado sobre o estrangeiro em publica\u00e7\u00f5es profissionais ou comerciais importantes ou noutros meios de comunica\u00e7\u00e3o social importantes; Prova de que o estrangeiro julgou o trabalho de outros, quer individualmente quer num painel; Provas das contribui\u00e7\u00f5es originais do estrangeiro no dom\u00ednio cient\u00edfico, acad\u00e9mico, art\u00edstico, desportivo ou empresarial de grande import\u00e2ncia para a \u00e1rea; Prova de que o estrangeiro \u00e9 autor de artigos acad\u00e9micos em publica\u00e7\u00f5es profissionais ou comerciais importantes ou noutros meios de comunica\u00e7\u00e3o social importantes; Prova de que o trabalho do estrangeiro foi apresentado em exposi\u00e7\u00f5es ou mostras art\u00edsticas; Desempenho de um papel de lideran\u00e7a ou cr\u00edtico em organiza\u00e7\u00f5es de renome; Prova de que o estrangeiro aufere um sal\u00e1rio elevado ou outra remunera\u00e7\u00e3o significativamente elevada em rela\u00e7\u00e3o a outros no mesmo sector; Provas de sucesso comercial nas artes do espet\u00e1culo. Por favor, contacte-nos atrav\u00e9s do n\u00famero (407) 490-0696 ou utilizando o formul\u00e1rio \u00e0 direita para uma consulta sobre vistos EB-1.[\/vc_column_text][\/vc_tta_section][vc_tta_section title=&#8221;EB-2&#8243; tab_id=&#8221;1553901297604-9b9c4c6d-88c4&#8243;][vc_column_text] Peti\u00e7\u00e3o de visto EB-2 Os vistos EB-2 dividem-se em duas categorias: (1) profissionais com diplomas avan\u00e7ados ou equivalentes e (2) pessoas com capacidades excepcionais nos dom\u00ednios das ci\u00eancias, das artes ou dos neg\u00f3cios. Os Vistos EB-2 podem ser solicitados atrav\u00e9s de uma Ren\u00fancia de Interesse Nacional (NIW) por aqueles que possam demonstrar que beneficiar\u00e3o os interesses dos Estados Unidos. PROFISSIONAIS COM DIPLOMAS AVAN\u00c7ADOS Os candidatos devem ser titulares de um diploma acad\u00e9mico ou profissional dos EUA ou de um diploma estrangeiro equivalente a um bacharelato. A combina\u00e7\u00e3o de cinco anos de experi\u00eancia com um diploma de bacharelato foi considerada equivalente \u00e0 obten\u00e7\u00e3o de um diploma de mestrado. APTID\u00d5ES EXCEPCIONAIS NO DOM\u00cdNIO DAS CI\u00caNCIAS, DAS ARTES OU DOS NEG\u00d3CIOS Os candidatos devem demonstrar um n\u00edvel de especializa\u00e7\u00e3o significativamente superior ao que seria normalmente encontrado nas ci\u00eancias, nas artes ou nas empresas. Para poder ser abrangido por esta categoria, o cidad\u00e3o estrangeiro deve apresentar documenta\u00e7\u00e3o que comprove tr\u00eas das seguintes situa\u00e7\u00f5es: Um registo acad\u00e9mico oficial que comprove que o estrangeiro possui um grau, diploma, certificado ou pr\u00e9mio semelhante de um col\u00e9gio, universidade, escola ou outra institui\u00e7\u00e3o de ensino relacionado com a \u00e1rea de capacidade excecional; Cartas que comprovem pelo menos dez anos de experi\u00eancia a tempo inteiro na profiss\u00e3o pretendida; Uma licen\u00e7a para exercer a profiss\u00e3o ou uma certifica\u00e7\u00e3o para uma determinada profiss\u00e3o ou ocupa\u00e7\u00e3o; Prova de que o estrangeiro auferiu um sal\u00e1rio ou outra remunera\u00e7\u00e3o por servi\u00e7os que demonstram capacidades excepcionais; Participa\u00e7\u00e3o em associa\u00e7\u00f5es profissionais; Reconhecimento de realiza\u00e7\u00f5es e contribui\u00e7\u00f5es significativas para o sector ou \u00e1rea por pares, entidades governamentais, organiza\u00e7\u00f5es profissionais ou empresariais. \u00c9 de notar que, se a documenta\u00e7\u00e3o supramencionada n\u00e3o for aplic\u00e1vel, podem ser aceites outras provas compar\u00e1veis de elegibilidade, incluindo cartas de peritos. Por favor, contacte-nos atrav\u00e9s do n\u00famero (407) 490-0696 ou utilizando o formul\u00e1rio \u00e0 direita para uma consulta sobre vistos EB-2.[\/vc_column_text][\/vc_tta_section][\/vc_tta_tabs][\/vc_column][\/vc_row]<\/p>\n","protected":false},"author":1,"featured_media":612,"parent":698,"menu_order":2,"comment_status":"closed","ping_status":"closed","template":"","meta":{"_seopress_robots_primary_cat":"","_seopress_titles_title":"Advogado de Imigra\u00e7\u00e3o em Orlando - %%title%% %%page%% %%sep%% %%sitename%%","_seopress_titles_desc":"A lei de DP \u00e9 sua escolha Advogado de Imigra\u00e7\u00e3o de Orlando, deixe-nos ajud\u00e1-lo com suas peti\u00e7\u00f5es de visto EB-1 e EB2","_seopress_robots_index":"","footnotes":""},"class_list":["post-871","page","type-page","status-publish","has-post-thumbnail","hentry","entry","post-inner"],"_links":{"self":[{"href":"https:\/\/pdlaworlando.com\/pt-br\/wp-json\/wp\/v2\/pages\/871","targetHints":{"allow":["GET"]}}],"collection":[{"href":"https:\/\/pdlaworlando.com\/pt-br\/wp-json\/wp\/v2\/pages"}],"about":[{"href":"https:\/\/pdlaworlando.com\/pt-br\/wp-json\/wp\/v2\/types\/page"}],"author":[{"embeddable":true,"href":"https:\/\/pdlaworlando.com\/pt-br\/wp-json\/wp\/v2\/users\/1"}],"replies":[{"embeddable":true,"href":"https:\/\/pdlaworlando.com\/pt-br\/wp-json\/wp\/v2\/comments?post=871"}],"version-history":[{"count":1,"href":"https:\/\/pdlaworlando.com\/pt-br\/wp-json\/wp\/v2\/pages\/871\/revisions"}],"predecessor-version":[{"id":881,"href":"https:\/\/pdlaworlando.com\/pt-br\/wp-json\/wp\/v2\/pages\/871\/revisions\/881"}],"up":[{"embeddable":true,"href":"https:\/\/pdlaworlando.com\/pt-br\/wp-json\/wp\/v2\/pages\/698"}],"wp:featuredmedia":[{"embeddable":true,"href":"https:\/\/pdlaworlando.com\/pt-br\/wp-json\/wp\/v2\/media\/612"}],"wp:attachment":[{"href":"https:\/\/pdlaworlando.com\/pt-br\/wp-json\/wp\/v2\/media?parent=871"}],"curies":[{"name":"wp","href":"https:\/\/api.w.org\/{rel}","templated":true}]}}