{"id":880,"date":"2022-01-25T10:12:10","date_gmt":"2022-01-25T15:12:10","guid":{"rendered":"https:\/\/pdlaworlando.com\/advogado-de-imigracao-em-metro-west-orlando\/"},"modified":"2025-02-10T14:41:41","modified_gmt":"2025-02-10T19:41:41","slug":"advogado-de-imigracao-em-metro-west-orlando","status":"publish","type":"page","link":"https:\/\/pdlaworlando.com\/pt-br\/advogado-de-imigracao-em-metro-west-orlando\/","title":{"rendered":"Advogado de Imigra\u00e7\u00e3o em Metro West Orlando"},"content":{"rendered":"<div class=\"wpb-content-wrapper\">[vc_row][vc_column][vc_column_text css=&#8221;&#8221;]<div class=\"wp-block-image\"><\/p>\n<figure class=\"alignleft size-full is-resized\"><img loading=\"lazy\" decoding=\"async\" class=\"alignnone wp-image-1314 size-medium\" style=\"padding-right: 10px;\" src=\"https:\/\/pdlaworlando.com\/wp-content\/uploads\/portrait3-203x300.jpg\" alt=\"\" width=\"203\" height=\"300\" srcset=\"https:\/\/pdlaworlando.com\/wp-content\/uploads\/portrait3-203x300.jpg 203w, https:\/\/pdlaworlando.com\/wp-content\/uploads\/portrait3.jpg 524w\" sizes=\"auto, (max-width: 203px) 100vw, 203px\" \/><\/p>\n<figcaption class=\"wp-element-caption\"><em>Pedro Dearaujo<\/em><\/figcaption>\n<\/figure>\n<\/div>\n<p>A imigra\u00e7\u00e3o para os Estados Unidos \u00e9 muito comum entre as pessoas da Am\u00e9rica do Sul. Muitas pessoas querem obter o estatuto de residente permanente para poderem usufruir de benef\u00edcios como a cidadania e o direito de voto. Um advogado de imigra\u00e7\u00e3o brasileiro experiente em <a href=\"https:\/\/www.metrowestcommunity.com\/\">Metro West Orlando<\/a> pode ajudar os indiv\u00edduos a navegar no complexo sistema de imigra\u00e7\u00e3o e maximizar suas chances de ser aprovado. <a href=\"https:\/\/pdlaworlando.com\/pt-br\/sobre\/\">Pedro Dearaujo<\/a> tem anos de experi\u00eancia neste campo e pode garantir que nenhuma pedra seja deixada para tr\u00e1s.<\/p>\n\n<p>H\u00e1 uma s\u00e9rie de factores que podem afetar o processo de imigra\u00e7\u00e3o, muitos dos quais s\u00e3o altamente subjectivos. Os profissionais da<a href=\"\/\"> The PD Law Firm, P.A.<\/a> fornecem uma orienta\u00e7\u00e3o jur\u00eddica compassiva, quer necessite de um visto tempor\u00e1rio, de um &#8220;green card&#8221; ou de uma cidadania americana completa.<\/p>\n\n<p>Pedro Dearaujo nasceu no Brasil e mudou-se para os Estados Unidos com a sua fam\u00edlia quando era adolescente. Mudou-se para a Florida em 2006 e licenciou-se na Florida State University College of Law. Saiba mais sobre os nossos servi\u00e7os consultando o nosso s\u00edtio Web ou telefonando-nos. Orgulhamo-nos de servir clientes com uma vasta gama de necessidades e objectivos.<\/p>\n<br \/>\n<h2 class=\"wp-block-heading\"><strong>Contactar um advogado de imigra\u00e7\u00e3o matrimonial<\/strong><\/h2>\n\n<p>\u00c9 poss\u00edvel obter um visto se for o noivo ou o c\u00f4njuge de um cidad\u00e3o americano. Quer seja brasileiro e queira trazer o seu parceiro consigo, quer seja cidad\u00e3o americano e deseje casar com algu\u00e9m da Am\u00e9rica do Sul, o nosso gabinete pode ajudar. O nosso objetivo \u00e9 tornar o processo t\u00e3o f\u00e1cil e livre de stress quanto poss\u00edvel. Oferecemos servi\u00e7os jur\u00eddicos personalizados e adaptamos a nossa abordagem \u00e0s necessidades \u00fanicas de cada cliente.<\/p>\n<br \/>\n<h2 class=\"wp-block-heading\"><strong>Compreender as suas op\u00e7\u00f5es de visto<\/strong><\/h2>\n\n<p>Tamb\u00e9m \u00e9 poss\u00edvel obter vistos tempor\u00e1rios e permanentes para visitar os Estados Unidos. Cada visto tem requisitos e benef\u00edcios espec\u00edficos, e \u00e9 por isso que \u00e9 importante trabalhar com um advogado de imigra\u00e7\u00e3o brasileira em Metro West Orlando. Pedro Dearaujo est\u00e1 totalmente preparado para o ajudar no que se segue:<\/p>\n<br \/>\n<ul class=\"wp-block-list\">\n<li style=\"list-style-type: none;\">\n<ul>\n<li style=\"list-style-type: none;\">\n<ul><\/p>\n<li>Trabalho: Cada vez mais empresas americanas est\u00e3o \u00e0 procura de trabalhadores talentosos de todo o mundo. Se tiver forma\u00e7\u00e3o especializada ou conhecimentos numa \u00e1rea t\u00e9cnica, podemos ajud\u00e1-lo a candidatar-se a um visto para viver e trabalhar nos EUA.<\/li>\n<\/ul>\n<\/li>\n<\/ul>\n<br \/>\n<ul>\n<li style=\"list-style-type: none;\">\n<ul>\n<li>Educa\u00e7\u00e3o: Muitos estudantes do Brasil procuram estudar numa faculdade ou universidade dos EUA. Um diploma \u00e9 uma excelente forma de progredir e melhorar as suas oportunidades de carreira. Podemos ajud\u00e1-lo a tratar de toda a documenta\u00e7\u00e3o para que possa prosseguir os seus estudos.<\/li>\n<\/ul>\n<\/li>\n<\/ul>\n<br \/>\n<ul>\n<li style=\"list-style-type: none;\">\n<ul>\n<li>Turismo: A Fl\u00f3rida \u00e9 um destino tur\u00edstico popular para muitas fam\u00edlias da Am\u00e9rica do Sul. Um visto de viagem tempor\u00e1rio \u00e9 ideal para turismo ou visitas familiares.<\/li>\n<\/ul>\n<\/li>\n<\/ul>\n<br \/>\n<ul>\n<li>Medicina: Os Estados Unidos t\u00eam algumas das melhores instala\u00e7\u00f5es m\u00e9dicas do mundo. Um advogado de imigra\u00e7\u00e3o brasileiro pode ajud\u00e1-lo a obter um visto tempor\u00e1rio se precisar de tratamento m\u00e9dico para si ou para um membro da fam\u00edlia.<\/li>\n<\/ul>\n<\/li>\n<\/ul>\n<br \/><br \/>\n<h2 class=\"wp-block-heading\"><strong>Falar com um advogado de imigra\u00e7\u00e3o<\/strong><\/h2>\n\n<p>Al\u00e9m de todos os nossos outros servi\u00e7os, um advogado de imigra\u00e7\u00e3o brasileiro em Metro West Orlando pode ajud\u00e1-lo no processo de naturaliza\u00e7\u00e3o. Este processo est\u00e1 dispon\u00edvel para qualquer pessoa que tenha sido um residente permanente dos EUA durante, pelo menos, cinco anos consecutivos. Os requisitos s\u00e3o extensos, mas Pedro Dearaujo pode ajud\u00e1-lo a preparar-se para a entrevista e a apresentar todos os documentos necess\u00e1rios.<\/p>\n\n<p>Est\u00e1 interessado em imigrar do Brasil? Precisa de ajuda com um visto ou tem um caso de imigra\u00e7\u00e3o particularmente dif\u00edcil? N\u00e3o hesite em contactar The PD Law Firm, P.A. para mais informa\u00e7\u00f5es. Temos orgulho de atender clientes de toda a Am\u00e9rica do Sul.<\/p>\n<p>\u00a0<\/p>\n[\/vc_column_text][\/vc_column][\/vc_row]\n<\/div>","protected":false},"excerpt":{"rendered":"<p>[vc_row][vc_column][vc_column_text css=&#8221;&#8221;] A imigra\u00e7\u00e3o para os Estados Unidos \u00e9 muito comum entre as pessoas da Am\u00e9rica do Sul. Muitas pessoas querem obter o estatuto de residente permanente para poderem usufruir de benef\u00edcios como a cidadania e o direito de voto. Um advogado de imigra\u00e7\u00e3o brasileiro experiente em Metro West Orlando pode ajudar os indiv\u00edduos a navegar no complexo sistema de imigra\u00e7\u00e3o e maximizar suas chances de ser aprovado. Pedro Dearaujo tem anos de experi\u00eancia neste campo e pode garantir que nenhuma pedra seja deixada para tr\u00e1s. H\u00e1 uma s\u00e9rie de factores que podem afetar o processo de imigra\u00e7\u00e3o, muitos dos quais s\u00e3o altamente subjectivos. Os profissionais da The PD Law Firm, P.A. fornecem uma orienta\u00e7\u00e3o jur\u00eddica compassiva, quer necessite de um visto tempor\u00e1rio, de um &#8220;green card&#8221; ou de uma cidadania americana completa. Pedro Dearaujo nasceu no Brasil e mudou-se para os Estados Unidos com a sua fam\u00edlia quando era adolescente. Mudou-se para a Florida em 2006 e licenciou-se na Florida State University College of Law. Saiba mais sobre os nossos servi\u00e7os consultando o nosso s\u00edtio Web ou telefonando-nos. Orgulhamo-nos de servir clientes com uma vasta gama de necessidades e objectivos. Contactar um advogado de imigra\u00e7\u00e3o matrimonial \u00c9 poss\u00edvel obter um visto se for o noivo ou o c\u00f4njuge de um cidad\u00e3o americano. Quer seja brasileiro e queira trazer o seu parceiro consigo, quer seja cidad\u00e3o americano e deseje casar com algu\u00e9m da Am\u00e9rica do Sul, o nosso gabinete pode ajudar. O nosso objetivo \u00e9 tornar o processo t\u00e3o f\u00e1cil e livre de stress quanto poss\u00edvel. Oferecemos servi\u00e7os jur\u00eddicos personalizados e adaptamos a nossa abordagem \u00e0s necessidades \u00fanicas de cada cliente. Compreender as suas op\u00e7\u00f5es de visto Tamb\u00e9m \u00e9 poss\u00edvel obter vistos tempor\u00e1rios e permanentes para visitar os Estados Unidos. Cada visto tem requisitos e benef\u00edcios espec\u00edficos, e \u00e9 por isso que \u00e9 importante trabalhar com um advogado de imigra\u00e7\u00e3o brasileira em Metro West Orlando. Pedro Dearaujo est\u00e1 totalmente preparado para o ajudar no que se segue: Falar com um advogado de imigra\u00e7\u00e3o Al\u00e9m de todos os nossos outros servi\u00e7os, um advogado de imigra\u00e7\u00e3o brasileiro em Metro West Orlando pode ajud\u00e1-lo no processo de naturaliza\u00e7\u00e3o. Este processo est\u00e1 dispon\u00edvel para qualquer pessoa que tenha sido um residente permanente dos EUA durante, pelo menos, cinco anos consecutivos. Os requisitos s\u00e3o extensos, mas Pedro Dearaujo pode ajud\u00e1-lo a preparar-se para a entrevista e a apresentar todos os documentos necess\u00e1rios. Est\u00e1 interessado em imigrar do Brasil? Precisa de ajuda com um visto ou tem um caso de imigra\u00e7\u00e3o particularmente dif\u00edcil? N\u00e3o hesite em contactar The PD Law Firm, P.A. para mais informa\u00e7\u00f5es. Temos orgulho de atender clientes de toda a Am\u00e9rica do Sul. \u00a0 [\/vc_column_text][\/vc_column][\/vc_row]<\/p>\n","protected":false},"author":1,"featured_media":648,"parent":0,"menu_order":0,"comment_status":"closed","ping_status":"closed","template":"","meta":{"_seopress_robots_primary_cat":"","_seopress_titles_title":"","_seopress_titles_desc":"","_seopress_robots_index":"","footnotes":""},"class_list":["post-880","page","type-page","status-publish","has-post-thumbnail","hentry","entry","post-inner"],"_links":{"self":[{"href":"https:\/\/pdlaworlando.com\/pt-br\/wp-json\/wp\/v2\/pages\/880","targetHints":{"allow":["GET"]}}],"collection":[{"href":"https:\/\/pdlaworlando.com\/pt-br\/wp-json\/wp\/v2\/pages"}],"about":[{"href":"https:\/\/pdlaworlando.com\/pt-br\/wp-json\/wp\/v2\/types\/page"}],"author":[{"embeddable":true,"href":"https:\/\/pdlaworlando.com\/pt-br\/wp-json\/wp\/v2\/users\/1"}],"replies":[{"embeddable":true,"href":"https:\/\/pdlaworlando.com\/pt-br\/wp-json\/wp\/v2\/comments?post=880"}],"version-history":[{"count":4,"href":"https:\/\/pdlaworlando.com\/pt-br\/wp-json\/wp\/v2\/pages\/880\/revisions"}],"predecessor-version":[{"id":1322,"href":"https:\/\/pdlaworlando.com\/pt-br\/wp-json\/wp\/v2\/pages\/880\/revisions\/1322"}],"wp:featuredmedia":[{"embeddable":true,"href":"https:\/\/pdlaworlando.com\/pt-br\/wp-json\/wp\/v2\/media\/648"}],"wp:attachment":[{"href":"https:\/\/pdlaworlando.com\/pt-br\/wp-json\/wp\/v2\/media?parent=880"}],"curies":[{"name":"wp","href":"https:\/\/api.w.org\/{rel}","templated":true}]}}